{"id":18605,"date":"2017-04-12T14:25:42","date_gmt":"2017-04-12T12:25:42","guid":{"rendered":"https:\/\/freizeit-technik.de\/shop\/patte-de-fixation-simple\/"},"modified":"2026-05-15T21:14:07","modified_gmt":"2026-05-15T19:14:07","slug":"patte-de-fixation-simple","status":"publish","type":"product","link":"https:\/\/freizeit-technik.de\/fr\/shop\/patte-de-fixation-simple\/","title":{"rendered":"Patte de fixation simple"},"content":{"rendered":"<p><img loading=\"lazy\" decoding=\"async\" class=\"size-full wp-image-511 alignleft\" src=\"https:\/\/freizeit-technik.de\/wp-content\/uploads\/2017\/03\/Q_asia.jpg\" alt=\"\" width=\"64\" height=\"64\"><\/p>\n<p><img loading=\"lazy\" decoding=\"async\" class=\"size-full wp-image-429 alignleft\" src=\"https:\/\/freizeit-technik.de\/wp-content\/uploads\/2017\/02\/premium_line.gif\" alt=\"\" width=\"119\" height=\"64\"><\/p>\n","protected":false},"excerpt":{"rendered":"<p><span class=\"tx-ttproducts-pi1-wrap2\">Patte de maintien avec \u0153illet de r\u00e9ception simple pour confectionner soi-m\u00eame des \u00e9lastiques en latex.<\/span><\/p>\n<div><span class=\"tx-ttproducts-pi1-wrap2\">Le syst\u00e8me complet avec Elastiks a fait l&#8217;objet d&#8217;une homologation T\u00dcV de notre part.<\/span><\/div>\n","protected":false},"featured_media":18606,"comment_status":"open","ping_status":"closed","template":"","meta":{"_acf_changed":false},"product_brand":[],"product_cat":[236,240],"product_tag":[],"class_list":{"0":"post-18605","1":"product","2":"type-product","3":"status-publish","4":"has-post-thumbnail","6":"product_cat-elastiques-et-cordes","7":"product_cat-faire-soi-meme","9":"first","10":"instock","11":"taxable","12":"shipping-taxable","13":"purchasable","14":"product-type-simple"},"acf":[],"_links":{"self":[{"href":"https:\/\/freizeit-technik.de\/fr\/wp-json\/wp\/v2\/product\/18605","targetHints":{"allow":["GET"]}}],"collection":[{"href":"https:\/\/freizeit-technik.de\/fr\/wp-json\/wp\/v2\/product"}],"about":[{"href":"https:\/\/freizeit-technik.de\/fr\/wp-json\/wp\/v2\/types\/product"}],"replies":[{"embeddable":true,"href":"https:\/\/freizeit-technik.de\/fr\/wp-json\/wp\/v2\/comments?post=18605"}],"wp:featuredmedia":[{"embeddable":true,"href":"https:\/\/freizeit-technik.de\/fr\/wp-json\/wp\/v2\/media\/18606"}],"wp:attachment":[{"href":"https:\/\/freizeit-technik.de\/fr\/wp-json\/wp\/v2\/media?parent=18605"}],"wp:term":[{"taxonomy":"product_brand","embeddable":true,"href":"https:\/\/freizeit-technik.de\/fr\/wp-json\/wp\/v2\/product_brand?post=18605"},{"taxonomy":"product_cat","embeddable":true,"href":"https:\/\/freizeit-technik.de\/fr\/wp-json\/wp\/v2\/product_cat?post=18605"},{"taxonomy":"product_tag","embeddable":true,"href":"https:\/\/freizeit-technik.de\/fr\/wp-json\/wp\/v2\/product_tag?post=18605"}],"curies":[{"name":"wp","href":"https:\/\/api.w.org\/{rel}","templated":true}]}}