{"id":18623,"date":"2017-03-07T17:21:20","date_gmt":"2017-03-07T16:21:20","guid":{"rendered":"https:\/\/freizeit-technik.de\/shop\/tuyau-dair-comprime-en-pu-12x8-mm\/"},"modified":"2026-05-15T21:14:22","modified_gmt":"2026-05-15T19:14:22","slug":"tuyau-dair-comprime-en-pu-12x8-mm","status":"publish","type":"product","link":"https:\/\/freizeit-technik.de\/fr\/shop\/tuyau-dair-comprime-en-pu-12x8-mm\/","title":{"rendered":"Tuyau d&#8217;air comprim\u00e9 en PU 12&#215;8 mm"},"content":{"rendered":"","protected":false},"excerpt":{"rendered":"<p>Tuyau d&#8217;air comprim\u00e9 PU 12&#215;8 mm en 25 m\u00e8tres, tol\u00e9rance ext\u00e9rieure<\/p>\n<p>&nbsp;<\/p>\n","protected":false},"featured_media":18624,"comment_status":"open","ping_status":"closed","template":"","meta":{"_acf_changed":false},"product_brand":[],"product_cat":[371,296],"product_tag":[],"class_list":{"0":"post-18623","1":"product","2":"type-product","3":"status-publish","4":"has-post-thumbnail","6":"product_cat-accessoires-pour-funshooter","7":"product_cat-funshooter","9":"first","10":"instock","11":"taxable","12":"shipping-taxable","13":"purchasable","14":"product-type-simple"},"acf":[],"_links":{"self":[{"href":"https:\/\/freizeit-technik.de\/fr\/wp-json\/wp\/v2\/product\/18623","targetHints":{"allow":["GET"]}}],"collection":[{"href":"https:\/\/freizeit-technik.de\/fr\/wp-json\/wp\/v2\/product"}],"about":[{"href":"https:\/\/freizeit-technik.de\/fr\/wp-json\/wp\/v2\/types\/product"}],"replies":[{"embeddable":true,"href":"https:\/\/freizeit-technik.de\/fr\/wp-json\/wp\/v2\/comments?post=18623"}],"wp:featuredmedia":[{"embeddable":true,"href":"https:\/\/freizeit-technik.de\/fr\/wp-json\/wp\/v2\/media\/18624"}],"wp:attachment":[{"href":"https:\/\/freizeit-technik.de\/fr\/wp-json\/wp\/v2\/media?parent=18623"}],"wp:term":[{"taxonomy":"product_brand","embeddable":true,"href":"https:\/\/freizeit-technik.de\/fr\/wp-json\/wp\/v2\/product_brand?post=18623"},{"taxonomy":"product_cat","embeddable":true,"href":"https:\/\/freizeit-technik.de\/fr\/wp-json\/wp\/v2\/product_cat?post=18623"},{"taxonomy":"product_tag","embeddable":true,"href":"https:\/\/freizeit-technik.de\/fr\/wp-json\/wp\/v2\/product_tag?post=18623"}],"curies":[{"name":"wp","href":"https:\/\/api.w.org\/{rel}","templated":true}]}}