{"id":18696,"date":"2017-04-10T15:09:31","date_gmt":"2017-04-10T13:09:31","guid":{"rendered":"https:\/\/freizeit-technik.de\/shop\/boucles-de-ruban-tisse-cousues\/"},"modified":"2026-05-15T21:15:14","modified_gmt":"2026-05-15T19:15:14","slug":"boucles-de-ruban-tisse-cousues","status":"publish","type":"product","link":"https:\/\/freizeit-technik.de\/fr\/shop\/boucles-de-ruban-tisse-cousues\/","title":{"rendered":"boucles de ruban tiss\u00e9 cousues"},"content":{"rendered":"<p><b>Convient pour une utilisation sur les cordes \u00e9lastiques extensibles et les tubes en latex nus.<br \/>\nCirconf\u00e9rence : 36cm<br \/>\nLongueur : 18cm<\/b><\/p>\n<p><img loading=\"lazy\" decoding=\"async\" class=\"alignnone size-full wp-image-682\" src=\"https:\/\/freizeit-technik.de\/wp-content\/uploads\/2017\/03\/Q_deutschland-1.gif\" alt=\"\" width=\"64\" height=\"64\"><img loading=\"lazy\" decoding=\"async\" class=\"alignnone size-full wp-image-694\" src=\"https:\/\/freizeit-technik.de\/wp-content\/uploads\/2017\/03\/premium_line.gif\" alt=\"\" width=\"119\" height=\"64\"><img loading=\"lazy\" decoding=\"async\" class=\"alignnone size-full wp-image-448\" src=\"https:\/\/freizeit-technik.de\/wp-content\/uploads\/2017\/02\/exclusively_JS.gif\" alt=\"\" width=\"119\" height=\"64\"><\/p>\n","protected":false},"excerpt":{"rendered":"<p>Ce nouveau produit offre plusieurs avantages \u00e0 l&#8217;utilisateur. Nos larges boucles de ruban tiss\u00e9 en polyester sont enti\u00e8rement cousues et pr\u00e9sentent une charge de rupture tr\u00e8s \u00e9lev\u00e9e. Vous n&#8217;avez plus besoin de nouer les extr\u00e9mit\u00e9s du ruban !<br \/>\nLa corde confectionn\u00e9e est sans n\u0153uds. Un gain \u00e9vident en termes de confort d&#8217;utilisation, car les cordes s&#8217;accrochent moins entre elles. En bref, pour une course d&#8217;allongement maximale des sandows sur votre trampoline bungee !  <b><\/b><\/p>\n<p>Convient pour une utilisation sur les c\u00e2bles \u00e9lastiques extenseurs et les tuyaux en latex nus.<\/p>\n","protected":false},"featured_media":18699,"comment_status":"open","ping_status":"closed","template":"","meta":{"_acf_changed":false},"product_brand":[],"product_cat":[236,240],"product_tag":[],"class_list":{"0":"post-18696","1":"product","2":"type-product","3":"status-publish","4":"has-post-thumbnail","6":"product_cat-elastiques-et-cordes","7":"product_cat-faire-soi-meme","9":"first","10":"instock","11":"taxable","12":"shipping-taxable","13":"purchasable","14":"product-type-simple"},"acf":[],"_links":{"self":[{"href":"https:\/\/freizeit-technik.de\/fr\/wp-json\/wp\/v2\/product\/18696","targetHints":{"allow":["GET"]}}],"collection":[{"href":"https:\/\/freizeit-technik.de\/fr\/wp-json\/wp\/v2\/product"}],"about":[{"href":"https:\/\/freizeit-technik.de\/fr\/wp-json\/wp\/v2\/types\/product"}],"replies":[{"embeddable":true,"href":"https:\/\/freizeit-technik.de\/fr\/wp-json\/wp\/v2\/comments?post=18696"}],"wp:featuredmedia":[{"embeddable":true,"href":"https:\/\/freizeit-technik.de\/fr\/wp-json\/wp\/v2\/media\/18699"}],"wp:attachment":[{"href":"https:\/\/freizeit-technik.de\/fr\/wp-json\/wp\/v2\/media?parent=18696"}],"wp:term":[{"taxonomy":"product_brand","embeddable":true,"href":"https:\/\/freizeit-technik.de\/fr\/wp-json\/wp\/v2\/product_brand?post=18696"},{"taxonomy":"product_cat","embeddable":true,"href":"https:\/\/freizeit-technik.de\/fr\/wp-json\/wp\/v2\/product_cat?post=18696"},{"taxonomy":"product_tag","embeddable":true,"href":"https:\/\/freizeit-technik.de\/fr\/wp-json\/wp\/v2\/product_tag?post=18696"}],"curies":[{"name":"wp","href":"https:\/\/api.w.org\/{rel}","templated":true}]}}