{"id":18718,"date":"2017-03-07T17:23:48","date_gmt":"2017-03-07T16:23:48","guid":{"rendered":"https:\/\/freizeit-technik.de\/shop\/ceinture-bungee-run-taille-xs-m-couleur-bleue\/"},"modified":"2026-05-15T21:15:26","modified_gmt":"2026-05-15T19:15:26","slug":"ceinture-bungee-run-taille-xs-m-couleur-bleue","status":"publish","type":"product","link":"https:\/\/freizeit-technik.de\/fr\/shop\/ceinture-bungee-run-taille-xs-m-couleur-bleue\/","title":{"rendered":"Ceinture Bungee-Run, taille XS &#8211; M, couleur bleue"},"content":{"rendered":"","protected":false},"excerpt":{"rendered":"<p>Ce harnais pour bungee-run est tr\u00e8s confortable gr\u00e2ce \u00e0 sa large surface d&#8217;appui et \u00e0 son bon rembourrage.<br \/>\nFabriqu\u00e9 en UE dans une manufacture certifi\u00e9e PSA et de tr\u00e8s bonne qualit\u00e9.<br \/>\nPour un tour de hanches de 65 \u00e0 100cm.<\/p>\n","protected":false},"featured_media":18686,"comment_status":"open","ping_status":"closed","template":"","meta":{"_acf_changed":false},"product_brand":[],"product_cat":[390],"product_tag":[],"class_list":{"0":"post-18718","1":"product","2":"type-product","3":"status-publish","4":"has-post-thumbnail","6":"product_cat-bungee-run","8":"first","9":"instock","10":"taxable","11":"shipping-taxable","12":"purchasable","13":"product-type-simple"},"acf":[],"_links":{"self":[{"href":"https:\/\/freizeit-technik.de\/fr\/wp-json\/wp\/v2\/product\/18718","targetHints":{"allow":["GET"]}}],"collection":[{"href":"https:\/\/freizeit-technik.de\/fr\/wp-json\/wp\/v2\/product"}],"about":[{"href":"https:\/\/freizeit-technik.de\/fr\/wp-json\/wp\/v2\/types\/product"}],"replies":[{"embeddable":true,"href":"https:\/\/freizeit-technik.de\/fr\/wp-json\/wp\/v2\/comments?post=18718"}],"wp:featuredmedia":[{"embeddable":true,"href":"https:\/\/freizeit-technik.de\/fr\/wp-json\/wp\/v2\/media\/18686"}],"wp:attachment":[{"href":"https:\/\/freizeit-technik.de\/fr\/wp-json\/wp\/v2\/media?parent=18718"}],"wp:term":[{"taxonomy":"product_brand","embeddable":true,"href":"https:\/\/freizeit-technik.de\/fr\/wp-json\/wp\/v2\/product_brand?post=18718"},{"taxonomy":"product_cat","embeddable":true,"href":"https:\/\/freizeit-technik.de\/fr\/wp-json\/wp\/v2\/product_cat?post=18718"},{"taxonomy":"product_tag","embeddable":true,"href":"https:\/\/freizeit-technik.de\/fr\/wp-json\/wp\/v2\/product_tag?post=18718"}],"curies":[{"name":"wp","href":"https:\/\/api.w.org\/{rel}","templated":true}]}}