{"id":10087,"date":"2026-04-15T14:19:14","date_gmt":"2026-04-15T12:19:14","guid":{"rendered":"https:\/\/freizeit-technik.de\/pribor-za-trampolin-park\/"},"modified":"2026-04-15T14:19:14","modified_gmt":"2026-04-15T12:19:14","slug":"pribor-za-trampolin-park","status":"publish","type":"page","link":"https:\/\/freizeit-technik.de\/hr\/pribor-za-trampolin-park\/","title":{"rendered":"Pribor za trampolin park"},"content":{"rendered":"\n<h3 class=\"wp-block-heading\">Nudimo pribor i rezervne dijelove za sve<br\/> komercijalno upravljani trampolinski parkovi i trampolinski objekti.<\/h3>\n\n<p>Na\u0161a posebna snaga le\u017ei u proizvodnji <strong>prostirki za trampoline po mjeri<\/strong> \u2013 u \u0161irokom asortimanu i savr\u0161eno prilago\u0111enih va\u0161oj primjeni.<\/p>\n\n<p>Potrebno je samo nekoliko provjera kako biste osigurali savr\u0161eno pristajanje za va\u0161u novu <strong>prostirku za trampolin<\/strong> .<br\/> Ako ste zainteresirani, molimo vas da nas <strong><a href=\"https:\/\/freizeit-technik.de\/kontakt\/\" data-type=\"page\" data-id=\"116\">izravno<\/a><\/strong> kontaktirate.<\/p>\n\n<p>Osim toga, nudimo \u0161irok asortiman robusnih <strong>opruga za trampoline<\/strong> u raznim veli\u010dinama.<\/p>\n\n<p>Na\u0161e posebne <strong>kocke<\/strong> su izuzetno popularne; pojedina\u010dno se izra\u0111uju u iznimnoj kvaliteti, \u0161to osigurava dugotrajno u\u017eivanje i \u0161tedi korisniku znatan napor \u010di\u0161\u0107enja.  <\/p>\n\n<p>Pregledajte na\u0161u trgovinu za univerzalna rje\u0161enja i male dijelove.  <\/p>\n\n<p>Ako ne mo\u017eete prona\u0107i ono \u0161to tra\u017eite, <strong><a href=\"https:\/\/freizeit-technik.de\/kontakt\/\" data-type=\"page\" data-id=\"116\">slobodno nas kontaktirajte<\/a><\/strong> .<\/p>\n\n<div class=\"wp-block-columns is-layout-flex wp-container-core-columns-is-layout-28f84493 wp-block-columns-is-layout-flex\">\n<div class=\"wp-block-column is-layout-flow wp-block-column-is-layout-flow\"><div class=\"wp-block-image\">\n<figure class=\"alignleft size-full\"><img loading=\"lazy\" decoding=\"async\" width=\"600\" height=\"600\" src=\"https:\/\/freizeit-technik.de\/wp-content\/uploads\/2025\/02\/trampolinanlagen__sprungtuch_1.jpg\" alt=\"Krpe za skakanje\" class=\"wp-image-5398\" srcset=\"https:\/\/freizeit-technik.de\/wp-content\/uploads\/2025\/02\/trampolinanlagen__sprungtuch_1.jpg 600w, https:\/\/freizeit-technik.de\/wp-content\/uploads\/2025\/02\/trampolinanlagen__sprungtuch_1-300x300.jpg 300w, https:\/\/freizeit-technik.de\/wp-content\/uploads\/2025\/02\/trampolinanlagen__sprungtuch_1-150x150.jpg 150w, https:\/\/freizeit-technik.de\/wp-content\/uploads\/2025\/02\/trampolinanlagen__sprungtuch_1-324x324.jpg 324w, https:\/\/freizeit-technik.de\/wp-content\/uploads\/2025\/02\/trampolinanlagen__sprungtuch_1-416x416.jpg 416w, https:\/\/freizeit-technik.de\/wp-content\/uploads\/2025\/02\/trampolinanlagen__sprungtuch_1-100x100.jpg 100w\" sizes=\"auto, (max-width: 600px) 100vw, 600px\" \/><figcaption class=\"wp-element-caption\"><strong>Podloge za skakanje za trampolin po mjeri<\/strong><\/figcaption><\/figure>\n<\/div><\/div>\n\n\n\n<div class=\"wp-block-column is-layout-flow wp-block-column-is-layout-flow\"><div class=\"wp-block-image\">\n<figure class=\"alignleft size-full\"><img loading=\"lazy\" decoding=\"async\" width=\"600\" height=\"600\" src=\"https:\/\/freizeit-technik.de\/wp-content\/uploads\/2025\/02\/trampolinanlagen__federn.jpg\" alt=\"\" class=\"wp-image-5396\" srcset=\"https:\/\/freizeit-technik.de\/wp-content\/uploads\/2025\/02\/trampolinanlagen__federn.jpg 600w, https:\/\/freizeit-technik.de\/wp-content\/uploads\/2025\/02\/trampolinanlagen__federn-300x300.jpg 300w, https:\/\/freizeit-technik.de\/wp-content\/uploads\/2025\/02\/trampolinanlagen__federn-150x150.jpg 150w, https:\/\/freizeit-technik.de\/wp-content\/uploads\/2025\/02\/trampolinanlagen__federn-324x324.jpg 324w, https:\/\/freizeit-technik.de\/wp-content\/uploads\/2025\/02\/trampolinanlagen__federn-416x416.jpg 416w, https:\/\/freizeit-technik.de\/wp-content\/uploads\/2025\/02\/trampolinanlagen__federn-100x100.jpg 100w\" sizes=\"auto, (max-width: 600px) 100vw, 600px\" \/><figcaption class=\"wp-element-caption\"> <strong>Opruge za trampolin<\/strong><\/figcaption><\/figure>\n<\/div><\/div>\n\n\n\n<div class=\"wp-block-column is-layout-flow wp-block-column-is-layout-flow\"><div class=\"wp-block-image\">\n<figure class=\"alignleft size-full\"><img loading=\"lazy\" decoding=\"async\" width=\"600\" height=\"600\" src=\"https:\/\/freizeit-technik.de\/wp-content\/uploads\/2025\/02\/trampolinanlagen__cubes.jpg\" alt=\"Kocke pjene&#10;\" class=\"wp-image-5394\" srcset=\"https:\/\/freizeit-technik.de\/wp-content\/uploads\/2025\/02\/trampolinanlagen__cubes.jpg 600w, https:\/\/freizeit-technik.de\/wp-content\/uploads\/2025\/02\/trampolinanlagen__cubes-300x300.jpg 300w, https:\/\/freizeit-technik.de\/wp-content\/uploads\/2025\/02\/trampolinanlagen__cubes-150x150.jpg 150w, https:\/\/freizeit-technik.de\/wp-content\/uploads\/2025\/02\/trampolinanlagen__cubes-324x324.jpg 324w, https:\/\/freizeit-technik.de\/wp-content\/uploads\/2025\/02\/trampolinanlagen__cubes-416x416.jpg 416w, https:\/\/freizeit-technik.de\/wp-content\/uploads\/2025\/02\/trampolinanlagen__cubes-100x100.jpg 100w\" sizes=\"auto, (max-width: 600px) 100vw, 600px\" \/><figcaption class=\"wp-element-caption\"><strong>Kocke<\/strong><\/figcaption><\/figure>\n<\/div><\/div>\n<\/div>\n\n<p><\/p>\n","protected":false},"excerpt":{"rendered":"<p>Nudimo pribor i rezervne dijelove za sve komercijalno upravljani trampolinski parkovi i trampolinski objekti. Na\u0161a posebna snaga le\u017ei u proizvodnji prostirki za trampoline po mjeri \u2013 u \u0161irokom asortimanu i savr\u0161eno prilago\u0111enih va\u0161oj primjeni. Potrebno je samo nekoliko provjera kako biste osigurali savr\u0161eno pristajanje za va\u0161u novu prostirku za trampolin . Ako ste zainteresirani, molimo [&hellip;]<\/p>\n","protected":false},"author":16,"featured_media":0,"parent":0,"menu_order":0,"comment_status":"closed","ping_status":"closed","template":"template-overview.php","meta":{"_acf_changed":false,"footnotes":""},"class_list":["post-10087","page","type-page","status-publish","hentry"],"acf":[],"_links":{"self":[{"href":"https:\/\/freizeit-technik.de\/hr\/wp-json\/wp\/v2\/pages\/10087","targetHints":{"allow":["GET"]}}],"collection":[{"href":"https:\/\/freizeit-technik.de\/hr\/wp-json\/wp\/v2\/pages"}],"about":[{"href":"https:\/\/freizeit-technik.de\/hr\/wp-json\/wp\/v2\/types\/page"}],"author":[{"embeddable":true,"href":"https:\/\/freizeit-technik.de\/hr\/wp-json\/wp\/v2\/users\/16"}],"replies":[{"embeddable":true,"href":"https:\/\/freizeit-technik.de\/hr\/wp-json\/wp\/v2\/comments?post=10087"}],"version-history":[{"count":2,"href":"https:\/\/freizeit-technik.de\/hr\/wp-json\/wp\/v2\/pages\/10087\/revisions"}],"predecessor-version":[{"id":10091,"href":"https:\/\/freizeit-technik.de\/hr\/wp-json\/wp\/v2\/pages\/10087\/revisions\/10091"}],"wp:attachment":[{"href":"https:\/\/freizeit-technik.de\/hr\/wp-json\/wp\/v2\/media?parent=10087"}],"curies":[{"name":"wp","href":"https:\/\/api.w.org\/{rel}","templated":true}]}}