{"id":14974,"date":"2026-05-01T08:42:57","date_gmt":"2026-05-01T06:42:57","guid":{"rendered":"https:\/\/freizeit-technik.de\/kocke-pjenaste-kocke\/"},"modified":"2026-05-01T08:42:57","modified_gmt":"2026-05-01T06:42:57","slug":"kocke-pjenaste-kocke","status":"publish","type":"page","link":"https:\/\/freizeit-technik.de\/hr\/kocke-pjenaste-kocke\/","title":{"rendered":"Kocke &#8211; pjenaste kocke"},"content":{"rendered":"\n<h3 class=\"wp-block-heading\">Kvaliteta bez ikakvih grubih rubova<\/h3>\n\n<p>Kako mo\u017eete pove\u0107ati atraktivnost svog trampolin parka, a istovremeno u\u0161tedjeti vrijeme i novac?  <br\/><strong>S na\u0161im kockicama od pjene za jame!<\/strong><br\/>Zahvaljuju\u0107i jedinstvenoj kvaliteti JUMP-SPORTS-a, s glatkim povr\u0161inama i zaobljenim kutovima i rubovima, izgledaju sjajno, osiguravaju posebno meko slijetanje i izuzetno su robusni. Ove prednosti omogu\u0107ene su pojedina\u010dnim pjenjenjem svakog bloka, za razliku od konvencionalnih rezanih pjenastih blokova. To stvara zatvorene povr\u0161ine sa zaobljenim vanjskim konturama \u2013 \u0161to rezultira izdr\u017eljivim blokovima koji dugo ostaju atraktivni i zahtijevaju minimalno odr\u017eavanje. Meko slijetanje za va\u0161e posjetitelje \u2013 minimalan napor za vas.   <br\/><br\/>Ako ste zainteresirani, molimo vas da nas <a href=\"https:\/\/freizeit-technik.de\/kontakt\/\" data-type=\"page\" data-id=\"116\"><strong>izravno<\/strong> kontaktirate.<\/a><\/p>\n\n<div class=\"wp-block-columns is-layout-flex wp-container-core-columns-is-layout-28f84493 wp-block-columns-is-layout-flex\">\n<div class=\"wp-block-column is-layout-flow wp-block-column-is-layout-flow\">\n<figure class=\"wp-block-image size-full\"><img loading=\"lazy\" decoding=\"async\" width=\"600\" height=\"600\" src=\"https:\/\/freizeit-technik.de\/wp-content\/uploads\/2025\/01\/cube_schwarz_hand.jpg\" alt=\"\" class=\"wp-image-5363\" srcset=\"https:\/\/freizeit-technik.de\/wp-content\/uploads\/2025\/01\/cube_schwarz_hand.jpg 600w, https:\/\/freizeit-technik.de\/wp-content\/uploads\/2025\/01\/cube_schwarz_hand-300x300.jpg 300w, https:\/\/freizeit-technik.de\/wp-content\/uploads\/2025\/01\/cube_schwarz_hand-150x150.jpg 150w, https:\/\/freizeit-technik.de\/wp-content\/uploads\/2025\/01\/cube_schwarz_hand-324x324.jpg 324w, https:\/\/freizeit-technik.de\/wp-content\/uploads\/2025\/01\/cube_schwarz_hand-416x416.jpg 416w, https:\/\/freizeit-technik.de\/wp-content\/uploads\/2025\/01\/cube_schwarz_hand-100x100.jpg 100w\" sizes=\"auto, (max-width: 600px) 100vw, 600px\" \/><\/figure>\n<\/div>\n\n\n\n<div class=\"wp-block-column is-layout-flow wp-block-column-is-layout-flow\">\n<figure class=\"wp-block-image size-full\"><img loading=\"lazy\" decoding=\"async\" width=\"568\" height=\"600\" src=\"https:\/\/freizeit-technik.de\/wp-content\/uploads\/2025\/01\/cube_gelb-e1738330991282.jpg\" alt=\"\" class=\"wp-image-5361\" srcset=\"https:\/\/freizeit-technik.de\/wp-content\/uploads\/2025\/01\/cube_gelb-e1738330991282.jpg 568w, https:\/\/freizeit-technik.de\/wp-content\/uploads\/2025\/01\/cube_gelb-e1738330991282-284x300.jpg 284w, https:\/\/freizeit-technik.de\/wp-content\/uploads\/2025\/01\/cube_gelb-e1738330991282-142x150.jpg 142w, https:\/\/freizeit-technik.de\/wp-content\/uploads\/2025\/01\/cube_gelb-e1738330991282-324x342.jpg 324w, https:\/\/freizeit-technik.de\/wp-content\/uploads\/2025\/01\/cube_gelb-e1738330991282-416x439.jpg 416w\" sizes=\"auto, (max-width: 568px) 100vw, 568px\" \/><\/figure>\n<\/div>\n\n\n\n<div class=\"wp-block-column is-layout-flow wp-block-column-is-layout-flow\">\n<figure class=\"wp-block-image size-full\"><img loading=\"lazy\" decoding=\"async\" width=\"600\" height=\"600\" src=\"https:\/\/freizeit-technik.de\/wp-content\/uploads\/2025\/01\/cube_gelb_schwarz.jpg\" alt=\"Kocka od pjene\" class=\"wp-image-5359\" srcset=\"https:\/\/freizeit-technik.de\/wp-content\/uploads\/2025\/01\/cube_gelb_schwarz.jpg 600w, https:\/\/freizeit-technik.de\/wp-content\/uploads\/2025\/01\/cube_gelb_schwarz-300x300.jpg 300w, https:\/\/freizeit-technik.de\/wp-content\/uploads\/2025\/01\/cube_gelb_schwarz-150x150.jpg 150w, https:\/\/freizeit-technik.de\/wp-content\/uploads\/2025\/01\/cube_gelb_schwarz-324x324.jpg 324w, https:\/\/freizeit-technik.de\/wp-content\/uploads\/2025\/01\/cube_gelb_schwarz-416x416.jpg 416w, https:\/\/freizeit-technik.de\/wp-content\/uploads\/2025\/01\/cube_gelb_schwarz-100x100.jpg 100w\" sizes=\"auto, (max-width: 600px) 100vw, 600px\" \/><\/figure>\n<\/div>\n<\/div>\n\n<h3 class=\"wp-block-heading\">Pogledajte na\u0161 video ovdje:<\/h3>\n\n<hr class=\"wp-block-separator has-text-color has-luminous-vivid-orange-color has-alpha-channel-opacity has-luminous-vivid-orange-background-color has-background is-style-wide\"\/>\n\n<figure class=\"wp-block-video\"><video height=\"720\" style=\"aspect-ratio: 1280 \/ 720;\" width=\"1280\" controls=\"\" poster=\"https:\/\/freizeit-technik.de\/wp-content\/uploads\/2025\/02\/Bildschirmfoto-2025-02-06-um-11.38.43.png\" src=\"https:\/\/freizeit-technik.de\/wp-content\/uploads\/2019\/05\/JumpSportsCubes_low1.mov\"><\/video><\/figure>\n\n<hr class=\"wp-block-separator has-text-color has-luminous-vivid-orange-color has-alpha-channel-opacity has-luminous-vivid-orange-background-color has-background is-style-wide\"\/>\n\n<p><strong><mark style=\"background-color:rgba(0, 0, 0, 0)\" class=\"has-inline-color has-luminous-vivid-orange-color\">PREDNOSTI:<\/mark><\/strong><br\/> <strong>NAJVI\u0160A KVALITETA:<\/strong> Pa\u017eljivo obra\u0111ena europska pjena, bez \u0161tetnih tvari, nezapaljiva.<br\/> <strong>JEDINSTVENO:<\/strong> Poseban dizajn za iznimno iskustvo slijetanja<br\/> <strong>IZDR\u017dLJIVO:<\/strong> Visoka otpornost, minimalna kompresija ili lom materijala<br\/> <strong>LAKO ZA \u010cI\u0160\u0106ENJE:<\/strong> Zna\u010dajno smanjen napor \u010di\u0161\u0107enja i otpu\u0161tanja<br\/> <strong>ATRAKTIVNO:<\/strong> Dugotrajan odli\u010dan izgled, mogu\u0107e \u017eive boje<\/p>\n","protected":false},"excerpt":{"rendered":"<p>Kvaliteta bez ikakvih grubih rubova Kako mo\u017eete pove\u0107ati atraktivnost svog trampolin parka, a istovremeno u\u0161tedjeti vrijeme i novac? S na\u0161im kockicama od pjene za jame!Zahvaljuju\u0107i jedinstvenoj kvaliteti JUMP-SPORTS-a, s glatkim povr\u0161inama i zaobljenim kutovima i rubovima, izgledaju sjajno, osiguravaju posebno meko slijetanje i izuzetno su robusni. Ove prednosti omogu\u0107ene su pojedina\u010dnim pjenjenjem svakog bloka, za [&hellip;]<\/p>\n","protected":false},"author":16,"featured_media":0,"parent":0,"menu_order":0,"comment_status":"closed","ping_status":"closed","template":"","meta":{"_acf_changed":false,"footnotes":""},"class_list":["post-14974","page","type-page","status-publish","hentry"],"acf":[],"_links":{"self":[{"href":"https:\/\/freizeit-technik.de\/hr\/wp-json\/wp\/v2\/pages\/14974","targetHints":{"allow":["GET"]}}],"collection":[{"href":"https:\/\/freizeit-technik.de\/hr\/wp-json\/wp\/v2\/pages"}],"about":[{"href":"https:\/\/freizeit-technik.de\/hr\/wp-json\/wp\/v2\/types\/page"}],"author":[{"embeddable":true,"href":"https:\/\/freizeit-technik.de\/hr\/wp-json\/wp\/v2\/users\/16"}],"replies":[{"embeddable":true,"href":"https:\/\/freizeit-technik.de\/hr\/wp-json\/wp\/v2\/comments?post=14974"}],"version-history":[{"count":2,"href":"https:\/\/freizeit-technik.de\/hr\/wp-json\/wp\/v2\/pages\/14974\/revisions"}],"predecessor-version":[{"id":14977,"href":"https:\/\/freizeit-technik.de\/hr\/wp-json\/wp\/v2\/pages\/14974\/revisions\/14977"}],"wp:attachment":[{"href":"https:\/\/freizeit-technik.de\/hr\/wp-json\/wp\/v2\/media?parent=14974"}],"curies":[{"name":"wp","href":"https:\/\/api.w.org\/{rel}","templated":true}]}}