{"id":15128,"date":"2026-05-01T08:44:02","date_gmt":"2026-05-01T06:44:02","guid":{"rendered":"https:\/\/freizeit-technik.de\/pribor-za-bungee-trampolin\/"},"modified":"2026-05-01T08:44:04","modified_gmt":"2026-05-01T06:44:04","slug":"pribor-za-bungee-trampolin","status":"publish","type":"page","link":"https:\/\/freizeit-technik.de\/hr\/pribor-za-bungee-trampolin\/","title":{"rendered":"Pribor za bungee trampolin"},"content":{"rendered":"\n<p>Isporu\u010dujemo pribor i rezervne dijelove za sve komercijalno kori\u0161tene bungee trampolin sustave.  <br\/>Uz brojne robne marke, nudimo i vlastite linije proizvoda koje \u0107ete prona\u0107i samo kod nas.  <br\/>S nenadma\u0161nim asortimanom bungee u\u017eadi i pojaseva za skakanje, nudimo upravo ono \u0161to vam treba.  <\/p>\n\n<p>Mehani\u010dki rezervni dijelovi za na\u0161e bungee trampoline sustave, kao i za &#8220;Bungy-Trampolines 4u1&#8221; povijesnih marki &#8220;Eurobungy&#8221; i &#8220;Funvision&#8221;, dostupni su <strong><u><a href=\"https:\/\/freizeit-technik.de\/kontakt\/\" data-type=\"page\" data-id=\"116\">na zahtjev<\/a><\/u><\/strong> .  <\/p>\n\n<p><\/p>\n\n<p><\/p>\n\n<p><\/p>\n","protected":false},"excerpt":{"rendered":"<p>Isporu\u010dujemo pribor i rezervne dijelove za sve komercijalno kori\u0161tene bungee trampolin sustave. Uz brojne robne marke, nudimo i vlastite linije proizvoda koje \u0107ete prona\u0107i samo kod nas. S nenadma\u0161nim asortimanom bungee u\u017eadi i pojaseva za skakanje, nudimo upravo ono \u0161to vam treba. Mehani\u010dki rezervni dijelovi za na\u0161e bungee trampoline sustave, kao i za &#8220;Bungy-Trampolines 4u1&#8221; [&hellip;]<\/p>\n","protected":false},"author":16,"featured_media":0,"parent":0,"menu_order":0,"comment_status":"closed","ping_status":"closed","template":"template-overview.php","meta":{"_acf_changed":false,"footnotes":""},"class_list":["post-15128","page","type-page","status-publish","hentry"],"acf":[],"_links":{"self":[{"href":"https:\/\/freizeit-technik.de\/hr\/wp-json\/wp\/v2\/pages\/15128","targetHints":{"allow":["GET"]}}],"collection":[{"href":"https:\/\/freizeit-technik.de\/hr\/wp-json\/wp\/v2\/pages"}],"about":[{"href":"https:\/\/freizeit-technik.de\/hr\/wp-json\/wp\/v2\/types\/page"}],"author":[{"embeddable":true,"href":"https:\/\/freizeit-technik.de\/hr\/wp-json\/wp\/v2\/users\/16"}],"replies":[{"embeddable":true,"href":"https:\/\/freizeit-technik.de\/hr\/wp-json\/wp\/v2\/comments?post=15128"}],"version-history":[{"count":2,"href":"https:\/\/freizeit-technik.de\/hr\/wp-json\/wp\/v2\/pages\/15128\/revisions"}],"predecessor-version":[{"id":15131,"href":"https:\/\/freizeit-technik.de\/hr\/wp-json\/wp\/v2\/pages\/15128\/revisions\/15131"}],"wp:attachment":[{"href":"https:\/\/freizeit-technik.de\/hr\/wp-json\/wp\/v2\/media?parent=15128"}],"curies":[{"name":"wp","href":"https:\/\/api.w.org\/{rel}","templated":true}]}}