{"id":15142,"date":"2026-05-02T20:59:20","date_gmt":"2026-05-02T18:59:20","guid":{"rendered":"https:\/\/freizeit-technik.de\/oprema-za-unutarnja-igralista-i-dogadaje\/"},"modified":"2026-05-02T20:59:20","modified_gmt":"2026-05-02T18:59:20","slug":"oprema-za-unutarnja-igralista-i-dogadaje","status":"publish","type":"page","link":"https:\/\/freizeit-technik.de\/hr\/oprema-za-unutarnja-igralista-i-dogadaje\/","title":{"rendered":"Oprema za unutarnja igrali\u0161ta i doga\u0111aje"},"content":{"rendered":"<p>Op\u0107e informacije o unutarnjim igrali\u0161tima i opremi za doga\u0111aje<\/p>\n","protected":false},"excerpt":{"rendered":"<p>Op\u0107e informacije o unutarnjim igrali\u0161tima i opremi za doga\u0111aje<\/p>\n","protected":false},"author":1,"featured_media":0,"parent":0,"menu_order":0,"comment_status":"closed","ping_status":"closed","template":"template-overview.php","meta":{"_acf_changed":false,"footnotes":""},"class_list":["post-15142","page","type-page","status-publish","hentry"],"acf":[],"_links":{"self":[{"href":"https:\/\/freizeit-technik.de\/hr\/wp-json\/wp\/v2\/pages\/15142","targetHints":{"allow":["GET"]}}],"collection":[{"href":"https:\/\/freizeit-technik.de\/hr\/wp-json\/wp\/v2\/pages"}],"about":[{"href":"https:\/\/freizeit-technik.de\/hr\/wp-json\/wp\/v2\/types\/page"}],"author":[{"embeddable":true,"href":"https:\/\/freizeit-technik.de\/hr\/wp-json\/wp\/v2\/users\/1"}],"replies":[{"embeddable":true,"href":"https:\/\/freizeit-technik.de\/hr\/wp-json\/wp\/v2\/comments?post=15142"}],"version-history":[{"count":1,"href":"https:\/\/freizeit-technik.de\/hr\/wp-json\/wp\/v2\/pages\/15142\/revisions"}],"predecessor-version":[{"id":15146,"href":"https:\/\/freizeit-technik.de\/hr\/wp-json\/wp\/v2\/pages\/15142\/revisions\/15146"}],"wp:attachment":[{"href":"https:\/\/freizeit-technik.de\/hr\/wp-json\/wp\/v2\/media?parent=15142"}],"curies":[{"name":"wp","href":"https:\/\/api.w.org\/{rel}","templated":true}]}}