{"id":15463,"date":"2026-05-04T14:35:48","date_gmt":"2026-05-04T12:35:48","guid":{"rendered":"https:\/\/freizeit-technik.de\/bungee-trampolin-objekti\/"},"modified":"2026-05-04T14:35:49","modified_gmt":"2026-05-04T12:35:49","slug":"bungee-trampolin-objekti","status":"publish","type":"page","link":"https:\/\/freizeit-technik.de\/hr\/bungee-trampolin-objekti\/","title":{"rendered":"Bungee trampolin objekti"},"content":{"rendered":"<p>Je li to bila pronicljivost ili arogancija? Vjerojatno mje\u0161avina obojega.<br \/>\n Prije nekoliko desetlje\u0107a op\u0107enito se nazivao &#8220;trendom&#8221;, ali ve\u0107 u prvoj godini proizvodnje na\u0161 veliki bungee trampolin sustav ve\u0107 je dobio naziv &#8220;4tramp classic&#8221;.<br \/>\n Za\u0161to bi radost fizi\u010dki nemogu\u0107eg i intenzivno do\u017eivljenog niza pokreta ikada trebala nestati?<br \/>\n Na\u0161i bungee trampolini postigli su stalan uspjeh diljem svijeta. \u010cak i danas, bungee trampolini iz na\u0161e proizvodnje, instalirani na pravoj lokaciji, predstavljaju isplativu investiciju s izvrsnim prodajnim izgledima.<br \/>\n Bilo da se radi o mobilnim ili stacionarnim ure\u0111ajima, nudimo optimalno rje\u0161enje za svaku lokaciju.  <\/p>\n","protected":false},"excerpt":{"rendered":"<p>Je li to bila pronicljivost ili arogancija? Vjerojatno mje\u0161avina obojega. Prije nekoliko desetlje\u0107a op\u0107enito se nazivao &#8220;trendom&#8221;, ali ve\u0107 u prvoj godini proizvodnje na\u0161 veliki bungee trampolin sustav ve\u0107 je dobio naziv &#8220;4tramp classic&#8221;. Za\u0161to bi radost fizi\u010dki nemogu\u0107eg i intenzivno do\u017eivljenog niza pokreta ikada trebala nestati? Na\u0161i bungee trampolini postigli su stalan uspjeh diljem [&hellip;]<\/p>\n","protected":false},"author":1,"featured_media":0,"parent":0,"menu_order":0,"comment_status":"closed","ping_status":"closed","template":"template-overview.php","meta":{"_acf_changed":false,"footnotes":""},"class_list":["post-15463","page","type-page","status-publish","hentry"],"acf":[],"_links":{"self":[{"href":"https:\/\/freizeit-technik.de\/hr\/wp-json\/wp\/v2\/pages\/15463","targetHints":{"allow":["GET"]}}],"collection":[{"href":"https:\/\/freizeit-technik.de\/hr\/wp-json\/wp\/v2\/pages"}],"about":[{"href":"https:\/\/freizeit-technik.de\/hr\/wp-json\/wp\/v2\/types\/page"}],"author":[{"embeddable":true,"href":"https:\/\/freizeit-technik.de\/hr\/wp-json\/wp\/v2\/users\/1"}],"replies":[{"embeddable":true,"href":"https:\/\/freizeit-technik.de\/hr\/wp-json\/wp\/v2\/comments?post=15463"}],"version-history":[{"count":1,"href":"https:\/\/freizeit-technik.de\/hr\/wp-json\/wp\/v2\/pages\/15463\/revisions"}],"predecessor-version":[{"id":15503,"href":"https:\/\/freizeit-technik.de\/hr\/wp-json\/wp\/v2\/pages\/15463\/revisions\/15503"}],"wp:attachment":[{"href":"https:\/\/freizeit-technik.de\/hr\/wp-json\/wp\/v2\/media?parent=15463"}],"curies":[{"name":"wp","href":"https:\/\/api.w.org\/{rel}","templated":true}]}}