{"id":10927,"date":"2026-03-11T11:41:01","date_gmt":"2026-03-11T10:41:01","guid":{"rendered":"https:\/\/freizeit-technik.de\/shop\/pp-podloga-za-skakanje-tipa-1-za-trampolin-sustave\/"},"modified":"2026-04-21T17:43:15","modified_gmt":"2026-04-21T15:43:15","slug":"pp-podloga-za-skakanje-tipa-1-za-trampolin-sustave","status":"publish","type":"product","link":"https:\/\/freizeit-technik.de\/hr\/shop\/pp-podloga-za-skakanje-tipa-1-za-trampolin-sustave\/","title":{"rendered":"PP podloga za skakanje tipa 1 za trampolin sustave"},"content":{"rendered":"<p><strong>Maksimalna \u0161irina: 450 cm<br \/>\n<\/strong> <strong>Maksimalna duljina: 20 m<br \/>\n<\/strong> <strong>Primjena: unutarnja i vanjska<br \/>\n<\/strong> <strong>Boja: crna<br \/>\n<\/strong> <strong>Performanse bacanja: ++<br \/>\n<\/strong> <strong>To\u010dkasta elasti\u010dnost: ++<br \/>\n<\/strong> <strong>Otpornost na UV zra\u010denje: ++++<\/strong><strong><br \/>\n<\/strong><strong>\u010ci\u0161\u0107enje: ++<\/strong><\/p>\n<p><img loading=\"lazy\" decoding=\"async\" class=\"size-full wp-image-682 alignleft\" src=\"https:\/\/freizeit-technik.de\/wp-content\/uploads\/2017\/03\/Q_deutschland-1.gif\" alt=\"\" width=\"64\" height=\"64\"><\/p>\n","protected":false},"excerpt":{"rendered":"<p>Na\u0161a prostirka za trampolin tipa 1, izra\u0111ena od crne PP tkanine, robusna je i koristi se u velikim koli\u010dinama ve\u0107 godinama. Prostirka za trampolin nudi izvrstan omjer cijene i kvalitete. <\/p>\n<p>Izra\u0111eno po mjeri u na\u0161oj vlastitoj sedlarnici u Stuttgartu.<\/p>\n<p><strong>Zahtjevi za cjenovne kategorije:<\/strong><\/p>\n<ul>\n<li><strong>Veli\u010dina 1:<\/strong> Do 2 m\u00b2 + nijedna stranica nije manja od 90 cm, <strong>npr. do 140 x 140 cm<\/strong><\/li>\n<li style=\"text-align: left;\"><strong>Veli\u010dina 2:<\/strong> Do 5 m\u00b2 + nijedna stranica nije manja od 120 cm, <strong>npr. do 200 x 250 cm<\/strong><\/li>\n<li style=\"text-align: left;\"><strong>Veli\u010dina 3:<\/strong> Do 8,5 m\u00b2 + nijedna stranica nije manja od 150 cm, <strong>npr. do 195 x 435 cm<\/strong><\/li>\n<li style=\"text-align: left;\"><strong>Veli\u010dina 4:<\/strong> Do 12 m\u00b2 + nijedna stranica nije manja od 180 cm, <strong>npr. do 240 x 500 cm<\/strong><\/li>\n<li><strong>Standardna veli\u010dina &#8220;Multitramp tramp modula&#8221;  <\/strong><\/li>\n<li><strong>Standardna veli\u010dina &#8220;Multitramp Bungee Module&#8221;<\/strong><\/li>\n<\/ul>\n<p>Kvadratni ili pravokutni. Za ostale oblike (okrugli, trokutasti, osmerokutni itd.) i u\u017ee tkanine, molimo vas da nam po\u0161aljete zaseban zahtjev. <\/p>\n<p><strong>Vi\u0161eslojno odre\u0111ivanje cijena za identi\u010dne prostirke za trampolin:<\/strong> Pove\u0107ajte koli\u010dinu na<br \/>\n Za narud\u017ebe od 2, 4, 6, 8 ili 10, cijena po jedinici se smanjuje!<\/p>\n<p><strong>Postupak naru\u010divanja:<\/strong> Za trampoline s vi\u0161e trampolina ne trebamo va\u0161e mjere. Za trampoline koje proizvode druge tvrtke, prilikom narud\u017ebe pogledajte sve prethodne narud\u017ebe. Ako jo\u0161 nemamo dimenzije va\u0161eg trampolina u evidenciji, molimo vas da nam ih dostavite. Ako vam je potrebna pomo\u0107, kontaktirajte nas. Rado \u0107emo vam pomo\u0107i u odre\u0111ivanju to\u010dnih dimenzija!    <\/p>\n<p><strong>Vrijeme isporuke:<\/strong> obi\u010dno 1-2 tjedna.<\/p>\n<p><strong>Va\u017eno, prema zahtjevima norme DIN EN ISO 23659: <\/strong><\/p>\n<ul>\n<li><strong>Za\u0161titna prega\u010da<\/strong> na podlozi za skakanje, koja zatvara razmak izme\u0111u podloge za skakanje i podloge (slika 2).<\/li>\n<li><strong>okvir od obojenih mre\u017ea<\/strong> koji ozna\u010dava sigurno podru\u010dje za skakanje (slika 3).<\/li>\n<li><strong>dodatna za\u0161titna mre\u017ea<\/strong> ispod podloge za skakanje (slika 4).<\/li>\n<li>Jasno uo\u010dljiva razlika u boji izme\u0111u podloge za trampolin i podloge za skakanje na trampolinu<\/li>\n<\/ul>\n<p>Ako i dalje \u017eelite odustati od ovih zahtjeva, molimo vas da nam odmah nakon narud\u017ebe po\u0161aljete pisanu izjavu o odricanju od odgovornosti.<\/p>\n<p><strong>Operater trampolinskog parka<\/strong><br \/>\n Upravljate li trampolinskim parkom ili vi\u0161e trampolina s velikom potra\u017enjom, razli\u010ditih oblika i veli\u010dina? Mo\u017eemo vam pru\u017eiti podr\u0161ku na\u0161im stru\u010dnim znanjem i dati vam ponudu za zamjenu va\u0161ih prostirki za skakanje i podloga za trampolin. <\/p>\n","protected":false},"featured_media":10940,"comment_status":"open","ping_status":"closed","template":"","meta":{"_acf_changed":false},"product_brand":[],"product_cat":[188],"product_tag":[],"class_list":{"0":"post-10927","1":"product","2":"type-product","3":"status-publish","4":"has-post-thumbnail","6":"product_cat-podloge-za-skakanje-na-trampolinima","8":"first","9":"instock","10":"taxable","11":"shipping-taxable","12":"product-type-variable"},"acf":[],"_links":{"self":[{"href":"https:\/\/freizeit-technik.de\/hr\/wp-json\/wp\/v2\/product\/10927","targetHints":{"allow":["GET"]}}],"collection":[{"href":"https:\/\/freizeit-technik.de\/hr\/wp-json\/wp\/v2\/product"}],"about":[{"href":"https:\/\/freizeit-technik.de\/hr\/wp-json\/wp\/v2\/types\/product"}],"replies":[{"embeddable":true,"href":"https:\/\/freizeit-technik.de\/hr\/wp-json\/wp\/v2\/comments?post=10927"}],"wp:featuredmedia":[{"embeddable":true,"href":"https:\/\/freizeit-technik.de\/hr\/wp-json\/wp\/v2\/media\/10940"}],"wp:attachment":[{"href":"https:\/\/freizeit-technik.de\/hr\/wp-json\/wp\/v2\/media?parent=10927"}],"wp:term":[{"taxonomy":"product_brand","embeddable":true,"href":"https:\/\/freizeit-technik.de\/hr\/wp-json\/wp\/v2\/product_brand?post=10927"},{"taxonomy":"product_cat","embeddable":true,"href":"https:\/\/freizeit-technik.de\/hr\/wp-json\/wp\/v2\/product_cat?post=10927"},{"taxonomy":"product_tag","embeddable":true,"href":"https:\/\/freizeit-technik.de\/hr\/wp-json\/wp\/v2\/product_tag?post=10927"}],"curies":[{"name":"wp","href":"https:\/\/api.w.org\/{rel}","templated":true}]}}