{"id":12828,"date":"2026-03-08T21:44:44","date_gmt":"2026-03-08T20:44:44","guid":{"rendered":"https:\/\/freizeit-technik.de\/shop\/najlonska-podloga-za-skakanje-tipa-3-s-uzicom-za-zatezanje-za-trampolin-sustave\/"},"modified":"2026-04-22T11:42:33","modified_gmt":"2026-04-22T09:42:33","slug":"najlonska-podloga-za-skakanje-tipa-3-s-uzicom-za-zatezanje-za-trampolin-sustave","status":"publish","type":"product","link":"https:\/\/freizeit-technik.de\/hr\/shop\/najlonska-podloga-za-skakanje-tipa-3-s-uzicom-za-zatezanje-za-trampolin-sustave\/","title":{"rendered":"Najlonska podloga za skakanje tipa 3 s uzicom za zatezanje za trampolin sustave"},"content":{"rendered":"<p><span class=\"tx-ttproducts-pi1-wrap2\"><strong>Maksimalna \u0161irina: 195 cm<br \/>\n Maksimalna duljina: 440 cm<br \/>\n<\/strong> <strong>Boja: \u017euta<br \/>\n<\/strong><\/span> <strong>Izvedba bacanja: +++++<br \/>\n<\/strong> <strong>To\u010dkasta elasti\u010dnost: +++++<br \/>\n<\/strong> <strong>Otpornost na UV zra\u010denje: ++++<\/strong><strong><br \/>\n<\/strong> <strong>\u010ci\u0161\u0107enje: ++<\/strong><\/p>\n<p><img loading=\"lazy\" decoding=\"async\" class=\"size-full wp-image-682 alignleft\" src=\"https:\/\/freizeit-technik.de\/wp-content\/uploads\/2017\/03\/Q_deutschland-1.gif\" alt=\"\" width=\"64\" height=\"64\"><\/p>\n","protected":false},"excerpt":{"rendered":"<p>Podloga za skakanje tip 3 je mre\u017easta najlonska mre\u017ea sa \u0161irokim otvorima, izvrsnim protokom zraka i vrlo dobrom elasti\u010dno\u0161\u0107u vrhova.<br \/>\n U kombinaciji s na\u0161im spiralnim oprugama br. 2a, 2b i 3, pru\u017ea performanse bacanja u visokom rasponu performansi prema DIN EN ISO 23659, ovisno o broju pri\u010dvr\u0161\u0107enih opruga.<br \/>\n Zbog svoje vrlo visoke to\u010dkaste elasti\u010dnosti &#8211; sna\u017eno se prilago\u0111ava stopalima skaka\u010da &#8211; \u010desto se koristi i s na\u0161im oprugama broj 1 na unutarnjim igrali\u0161tima.<br \/>\n U ovoj kombinaciji, skaka\u010dima pru\u017ea uravnote\u017eeno, &#8220;meko&#8221; iskustvo skakanja. <\/p>\n<p>Pojedina\u010dne mre\u017ee nisu apsolutno dimenzijski stabilne, mogu se lako iskriviti tijekom rada i tada ih je potrebno ru\u010dno preoblikovati.<br \/>\nKao alternativu nudimo trampolinsku podlogu tipa 3 sa zateznim u\u017eetom ili V-prstenovima.  <strong>Ovdje ponu\u0111ena verzija uklju\u010duje tunel!<\/strong><span class=\"tx-ttproducts-pi1-wrap2\"><br \/>\n<\/span><\/p>\n<p>Izra\u0111eno po mjeri u na\u0161oj vlastitoj sedlarnici u Stuttgartu.<\/p>\n<p><strong>Zahtjevi za cjenovne kategorije:<\/strong><\/p>\n<ul>\n<li><strong>Veli\u010dina 1:<\/strong> Do 2 m\u00b2 + nijedna stranica nije manja od 90 cm, npr. do 140 x 140 cm<\/li>\n<li><strong>Veli\u010dina 2:<\/strong> Do 5 m\u00b2 + nijedna stranica nije manja od 120 cm, npr. do 200 x 250 cm<\/li>\n<li><strong>Veli\u010dina 3<\/strong> : Do 8,5 m\u00b2 + nijedna stranica nije manja od 150 cm, npr. do 195 x 435 cm<\/li>\n<\/ul>\n<p>Kvadratni ili pravokutni.<br \/>\n Za razli\u010dite oblike (okrugle, trokutaste, osmerokutne itd.) i u\u017ee krpe, molimo vas da nam po\u0161aljete zaseban zahtjev.<\/p>\n<p><strong>Vi\u0161eslojno odre\u0111ivanje cijena za identi\u010dne prostirke za trampolin:<\/strong> Pove\u0107ajte koli\u010dinu.<br \/>\n Ako naru\u010dite 2, 4, 6, 8 ili 10, cijena po jedinici se smanjuje!<\/p>\n<p><strong>Postupak naru\u010divanja:<\/strong> Za trampoline s vi\u0161e trampolina ne trebamo va\u0161e mjere. Za trampoline koje proizvode druge tvrtke, prilikom narud\u017ebe pogledajte sve prethodne narud\u017ebe. Ako jo\u0161 nemamo dimenzije va\u0161eg trampolina u evidenciji, molimo vas da nam ih dostavite. Ako vam je potrebna pomo\u0107, kontaktirajte nas. Rado \u0107emo vam pomo\u0107i u odre\u0111ivanju to\u010dnih dimenzija!    <\/p>\n<p><strong>Vrijeme isporuke:<\/strong> obi\u010dno 1-2 tjedna.<\/p>\n<p><strong>Va\u017eno, prema zahtjevima norme DIN EN ISO 23659: <\/strong><\/p>\n<ul>\n<li><strong>Za\u0161titna prega\u010da<\/strong> na podlozi za skakanje, koja zatvara razmak izme\u0111u podloge za skakanje i podloge (slika 2).<\/li>\n<li><strong>Ozna\u010davanje<\/strong> sigurnog podru\u010dja za skakanje (slika 3).<\/li>\n<li><strong>dodatna za\u0161titna mre\u017ea<\/strong> ispod podloge za skakanje (slika 4).<\/li>\n<li>Jasno uo\u010dljiva razlika u boji izme\u0111u podloge za trampolin i podloge za skakanje na trampolinu<\/li>\n<\/ul>\n<p>Ako i dalje \u017eelite odustati od ovih zahtjeva, molimo vas da nam odmah nakon narud\u017ebe po\u0161aljete pisanu izjavu o odricanju od odgovornosti.<\/p>\n<p><strong>Operater trampolinskog parka<\/strong><br \/>\n Upravljate li trampolinskim parkom ili vi\u0161e trampolina s velikom potra\u017enjom, razli\u010ditih oblika i veli\u010dina? Mo\u017eemo vam pru\u017eiti podr\u0161ku na\u0161im stru\u010dnim znanjem i dati vam ponudu za zamjenu va\u0161ih prostirki za skakanje i podloga za trampolin. <\/p>\n","protected":false},"featured_media":12829,"comment_status":"open","ping_status":"closed","template":"","meta":{"_acf_changed":false},"product_brand":[],"product_cat":[188,187],"product_tag":[],"class_list":{"0":"post-12828","1":"product","2":"type-product","3":"status-publish","4":"has-post-thumbnail","6":"product_cat-podloge-za-skakanje-na-trampolinima","7":"product_cat-trampolin-park-i-trampolinski-sadrzaji","9":"first","10":"instock","11":"taxable","12":"shipping-taxable","13":"purchasable","14":"product-type-variable"},"acf":[],"_links":{"self":[{"href":"https:\/\/freizeit-technik.de\/hr\/wp-json\/wp\/v2\/product\/12828","targetHints":{"allow":["GET"]}}],"collection":[{"href":"https:\/\/freizeit-technik.de\/hr\/wp-json\/wp\/v2\/product"}],"about":[{"href":"https:\/\/freizeit-technik.de\/hr\/wp-json\/wp\/v2\/types\/product"}],"replies":[{"embeddable":true,"href":"https:\/\/freizeit-technik.de\/hr\/wp-json\/wp\/v2\/comments?post=12828"}],"wp:featuredmedia":[{"embeddable":true,"href":"https:\/\/freizeit-technik.de\/hr\/wp-json\/wp\/v2\/media\/12829"}],"wp:attachment":[{"href":"https:\/\/freizeit-technik.de\/hr\/wp-json\/wp\/v2\/media?parent=12828"}],"wp:term":[{"taxonomy":"product_brand","embeddable":true,"href":"https:\/\/freizeit-technik.de\/hr\/wp-json\/wp\/v2\/product_brand?post=12828"},{"taxonomy":"product_cat","embeddable":true,"href":"https:\/\/freizeit-technik.de\/hr\/wp-json\/wp\/v2\/product_cat?post=12828"},{"taxonomy":"product_tag","embeddable":true,"href":"https:\/\/freizeit-technik.de\/hr\/wp-json\/wp\/v2\/product_tag?post=12828"}],"curies":[{"name":"wp","href":"https:\/\/api.w.org\/{rel}","templated":true}]}}