{"id":13118,"date":"2020-04-07T14:32:26","date_gmt":"2020-04-07T12:32:26","guid":{"rendered":"https:\/\/freizeit-technik.de\/shop\/podloga-za-trampolin-za-celicne-okvire-od-12-ili-365-cm-npr-highflyer-powerjumper-sa-72-opruge\/"},"modified":"2026-04-23T21:08:07","modified_gmt":"2026-04-23T19:08:07","slug":"podloga-za-trampolin-za-celicne-okvire-od-12-ili-365-cm-npr-highflyer-powerjumper-sa-72-opruge","status":"publish","type":"product","link":"https:\/\/freizeit-technik.de\/hr\/shop\/podloga-za-trampolin-za-celicne-okvire-od-12-ili-365-cm-npr-highflyer-powerjumper-sa-72-opruge\/","title":{"rendered":"Podloga za trampolin za \u010deli\u010dne okvire od 12&#8243; ili 365 cm, npr. Highflyer\/Powerjumper sa 72 opruge"},"content":{"rendered":"<p><span class=\"tx-ttproducts-pi1-wrap2\"><strong>Veli\u010dina: za 12&#8243;<br \/>\n Te\u017eina: 4 kg<br \/>\n Dimenzije pakiranja: 43 x 40 x 15 cm<\/strong><\/span><\/p>\n","protected":false},"excerpt":{"rendered":"<p>Standardna PP podloga za skakanje prikladna za trampoline od 12&#8243; ili 365 cm, npr. Highflyer i Powerjumper, koji su dizajnirani za <strong>72 opruge duljine 175 mm (u opu\u0161tenom stanju)<\/strong> .<\/p>\n<p><strong><u>Va\u017ena NAPOMENA:<\/u><\/strong><br \/>\n Vrtni trampolini i pribor Jumpfree Royal i Proline spadaju u kategoriju &#8220;Premium Line&#8221; kada se koriste s bungee trampolin sustavima. Proizvodi su visoke kvalitete. Me\u0111utim, ovi proizvodi su prikladni samo za komercijalnu upotrebu u kombinaciji s bungee sustavom i ni na koji na\u010din nisu zamjena za profesionalni trampolin sustav (npr. multi-trampolin). Ovi proizvodi nisu dizajnirani za tako te\u0161ku upotrebu!   <span class=\"apple-converted-space\"> <\/span><\/p>\n","protected":false},"featured_media":13102,"comment_status":"open","ping_status":"closed","template":"","meta":{"_acf_changed":false},"product_brand":[],"product_cat":[226,215],"product_tag":[],"class_list":{"0":"post-13118","1":"product","2":"type-product","3":"status-publish","4":"has-post-thumbnail","6":"product_cat-bocni-trampolini","7":"product_cat-bungee-trampolin-objekti","9":"first","10":"instock","11":"taxable","12":"shipping-taxable","13":"product-type-simple"},"acf":[],"_links":{"self":[{"href":"https:\/\/freizeit-technik.de\/hr\/wp-json\/wp\/v2\/product\/13118","targetHints":{"allow":["GET"]}}],"collection":[{"href":"https:\/\/freizeit-technik.de\/hr\/wp-json\/wp\/v2\/product"}],"about":[{"href":"https:\/\/freizeit-technik.de\/hr\/wp-json\/wp\/v2\/types\/product"}],"replies":[{"embeddable":true,"href":"https:\/\/freizeit-technik.de\/hr\/wp-json\/wp\/v2\/comments?post=13118"}],"wp:featuredmedia":[{"embeddable":true,"href":"https:\/\/freizeit-technik.de\/hr\/wp-json\/wp\/v2\/media\/13102"}],"wp:attachment":[{"href":"https:\/\/freizeit-technik.de\/hr\/wp-json\/wp\/v2\/media?parent=13118"}],"wp:term":[{"taxonomy":"product_brand","embeddable":true,"href":"https:\/\/freizeit-technik.de\/hr\/wp-json\/wp\/v2\/product_brand?post=13118"},{"taxonomy":"product_cat","embeddable":true,"href":"https:\/\/freizeit-technik.de\/hr\/wp-json\/wp\/v2\/product_cat?post=13118"},{"taxonomy":"product_tag","embeddable":true,"href":"https:\/\/freizeit-technik.de\/hr\/wp-json\/wp\/v2\/product_tag?post=13118"}],"curies":[{"name":"wp","href":"https:\/\/api.w.org\/{rel}","templated":true}]}}