{"id":13144,"date":"2020-03-29T21:19:51","date_gmt":"2020-03-29T19:19:51","guid":{"rendered":"https:\/\/freizeit-technik.de\/shop\/podloga-za-skakanje-za-proline-213-s-56-opruga\/"},"modified":"2026-04-23T21:18:09","modified_gmt":"2026-04-23T19:18:09","slug":"podloga-za-skakanje-za-proline-213-s-56-opruga","status":"publish","type":"product","link":"https:\/\/freizeit-technik.de\/hr\/shop\/podloga-za-skakanje-za-proline-213-s-56-opruga\/","title":{"rendered":"Podloga za skakanje za Proline 213 s 56 opruga"},"content":{"rendered":"<p><span class=\"tx-ttproducts-pi1-wrap2\"><strong>Veli\u010dina: za Proline 213<br \/>\n Te\u017eina: 3 kg<br \/>\n Dimenzije pakiranja: 43 x 40 x 15 cm<\/strong><\/span><\/p>\n","protected":false},"excerpt":{"rendered":"<p>Standardna PP podloga za skakanje prikladna za trampoline Proline 213 s veli\u010dinom okvira 275 x 190 cm, na kojoj je predvi\u0111eno pri\u010dvr\u0161\u0107ivanje <strong>56 opruga<\/strong> .<\/p>\n<p>&nbsp;<\/p>\n","protected":false},"featured_media":13145,"comment_status":"open","ping_status":"closed","template":"","meta":{"_acf_changed":false},"product_brand":[],"product_cat":[226,215],"product_tag":[],"class_list":{"0":"post-13144","1":"product","2":"type-product","3":"status-publish","4":"has-post-thumbnail","6":"product_cat-bocni-trampolini","7":"product_cat-bungee-trampolin-objekti","9":"first","10":"instock","11":"taxable","12":"shipping-taxable","13":"product-type-simple"},"acf":[],"_links":{"self":[{"href":"https:\/\/freizeit-technik.de\/hr\/wp-json\/wp\/v2\/product\/13144","targetHints":{"allow":["GET"]}}],"collection":[{"href":"https:\/\/freizeit-technik.de\/hr\/wp-json\/wp\/v2\/product"}],"about":[{"href":"https:\/\/freizeit-technik.de\/hr\/wp-json\/wp\/v2\/types\/product"}],"replies":[{"embeddable":true,"href":"https:\/\/freizeit-technik.de\/hr\/wp-json\/wp\/v2\/comments?post=13144"}],"wp:featuredmedia":[{"embeddable":true,"href":"https:\/\/freizeit-technik.de\/hr\/wp-json\/wp\/v2\/media\/13145"}],"wp:attachment":[{"href":"https:\/\/freizeit-technik.de\/hr\/wp-json\/wp\/v2\/media?parent=13144"}],"wp:term":[{"taxonomy":"product_brand","embeddable":true,"href":"https:\/\/freizeit-technik.de\/hr\/wp-json\/wp\/v2\/product_brand?post=13144"},{"taxonomy":"product_cat","embeddable":true,"href":"https:\/\/freizeit-technik.de\/hr\/wp-json\/wp\/v2\/product_cat?post=13144"},{"taxonomy":"product_tag","embeddable":true,"href":"https:\/\/freizeit-technik.de\/hr\/wp-json\/wp\/v2\/product_tag?post=13144"}],"curies":[{"name":"wp","href":"https:\/\/api.w.org\/{rel}","templated":true}]}}