{"id":13179,"date":"2026-04-19T20:27:02","date_gmt":"2026-04-19T18:27:02","guid":{"rendered":"https:\/\/freizeit-technik.de\/shop\/posebna-cijena-8-rollclip-a-karabina-s-koturom\/"},"modified":"2026-04-23T21:44:41","modified_gmt":"2026-04-23T19:44:41","slug":"posebna-cijena-8-rollclip-a-karabina-s-koturom","status":"publish","type":"product","link":"https:\/\/freizeit-technik.de\/hr\/shop\/posebna-cijena-8-rollclip-a-karabina-s-koturom\/","title":{"rendered":"Posebna cijena: 8 Rollclip A-karabina s koturom"},"content":{"rendered":"<ul>\n<li>Materijal: Aluminij<\/li>\n<li>Minimalni promjer: 7 mm<\/li>\n<li>Maksimalni promjer: 13 mm<\/li>\n<li>Promjer remenice: 18 mm<\/li>\n<li>Maksimalno radno optere\u0107enje: 2 x 2 = 4 kN<\/li>\n<li>U\u010dinkovitost: 85%<\/li>\n<li>Prekidna nosivost (uzdu\u017ena): 20 kN<\/li>\n<li>Prekidna sila popre\u010dno: 8 kN<\/li>\n<li>Prekidna nosivost s otvorenim vratima: 7 kN<\/li>\n<\/ul>\n","protected":false},"excerpt":{"rendered":"<p class=\"productSubtitle\">Karabiner s koturom za jednostavno pri\u010dvr\u0161\u0107ivanje u\u017eeta kada je karabiner pri\u010dvr\u0161\u0107en za sidri\u0161nu to\u010dku.<\/p>\n<div class=\"productCaracteristiquesPosition inlineblock\">\n<p class=\"productCaracteristiques inlineblock\">Karabiner ROLLCLIP A s koturom ima vrata\u0161ca koja se otvaraju prema koturu kako bi se olak\u0161alo kop\u010danje u\u017eeta kada je pri\u010dvr\u0161\u0107en za sidri\u0161nu to\u010dku. Dostupan je s automatskim sustavom zaklju\u010davanja TRIACT-LOCK ili bez sustava zaklju\u010davanja. ROLLCLIP A mo\u017ee se kombinirati s pozicionerskom \u0161ipkom CAPTIV kako bi se pogodovalo uzdu\u017eno optere\u0107enje karabina, sprije\u010dilo uvijanje i osigurala sigurna veza s ure\u0111ajem.  <\/p>\n<\/div>\n","protected":false},"featured_media":10792,"comment_status":"open","ping_status":"closed","template":"","meta":{"_acf_changed":false},"product_brand":[],"product_cat":[215,234],"product_tag":[],"class_list":{"0":"post-13179","1":"product","2":"type-product","3":"status-publish","4":"has-post-thumbnail","6":"product_cat-bungee-trampolin-objekti","7":"product_cat-karabineri-i-drustvo","9":"first","10":"instock","11":"taxable","12":"shipping-taxable","13":"product-type-simple"},"acf":[],"_links":{"self":[{"href":"https:\/\/freizeit-technik.de\/hr\/wp-json\/wp\/v2\/product\/13179","targetHints":{"allow":["GET"]}}],"collection":[{"href":"https:\/\/freizeit-technik.de\/hr\/wp-json\/wp\/v2\/product"}],"about":[{"href":"https:\/\/freizeit-technik.de\/hr\/wp-json\/wp\/v2\/types\/product"}],"replies":[{"embeddable":true,"href":"https:\/\/freizeit-technik.de\/hr\/wp-json\/wp\/v2\/comments?post=13179"}],"wp:featuredmedia":[{"embeddable":true,"href":"https:\/\/freizeit-technik.de\/hr\/wp-json\/wp\/v2\/media\/10792"}],"wp:attachment":[{"href":"https:\/\/freizeit-technik.de\/hr\/wp-json\/wp\/v2\/media?parent=13179"}],"wp:term":[{"taxonomy":"product_brand","embeddable":true,"href":"https:\/\/freizeit-technik.de\/hr\/wp-json\/wp\/v2\/product_brand?post=13179"},{"taxonomy":"product_cat","embeddable":true,"href":"https:\/\/freizeit-technik.de\/hr\/wp-json\/wp\/v2\/product_cat?post=13179"},{"taxonomy":"product_tag","embeddable":true,"href":"https:\/\/freizeit-technik.de\/hr\/wp-json\/wp\/v2\/product_tag?post=13179"}],"curies":[{"name":"wp","href":"https:\/\/api.w.org\/{rel}","templated":true}]}}