{"id":13224,"date":"2017-06-19T15:45:09","date_gmt":"2017-06-19T13:45:09","guid":{"rendered":"https:\/\/freizeit-technik.de\/shop\/aluminijski-karabiner-s-twistlock-zatvaracem-ct\/"},"modified":"2026-04-23T21:45:30","modified_gmt":"2026-04-23T19:45:30","slug":"aluminijski-karabiner-s-twistlock-zatvaracem-ct","status":"publish","type":"product","link":"https:\/\/freizeit-technik.de\/hr\/shop\/aluminijski-karabiner-s-twistlock-zatvaracem-ct\/","title":{"rendered":"Aluminijski karabiner s twistlock zatvara\u010dem &#8220;CT&#8221;"},"content":{"rendered":"<p><span class=\"tx-ttproducts-pi1-wrap2\"><strong>Te\u017eina: 0,088 kg<br \/>\n Boja: mat crna<br \/>\n<\/strong> <strong>Stati\u010dka nosivost:<\/strong><strong> <\/strong><strong>22 kN<br \/>\n Certifikacija: EN 362<\/strong><\/span><\/p>\n<p><strong> <\/strong><\/p>\n<p><img loading=\"lazy\" decoding=\"async\" class=\"alignnone size-full wp-image-690\" src=\"https:\/\/freizeit-technik.de\/wp-content\/uploads\/2017\/03\/empfehlung.gif\" alt=\"\" width=\"198\" height=\"64\"><img loading=\"lazy\" decoding=\"async\" class=\"alignnone size-full wp-image-684\" src=\"https:\/\/freizeit-technik.de\/wp-content\/uploads\/2017\/03\/Q_eu-1.gif\" alt=\"\" width=\"64\" height=\"64\"><img loading=\"lazy\" decoding=\"async\" class=\"alignnone size-full wp-image-694\" src=\"https:\/\/freizeit-technik.de\/wp-content\/uploads\/2017\/03\/premium_line.gif\" alt=\"\" width=\"119\" height=\"64\"><img loading=\"lazy\" decoding=\"async\" class=\"alignnone size-full wp-image-448\" src=\"https:\/\/freizeit-technik.de\/wp-content\/uploads\/2017\/02\/exclusively_JS.gif\" alt=\"\" width=\"119\" height=\"64\"><\/p>\n","protected":false},"excerpt":{"rendered":"<p>Aluminijski karabiner s mehanizmom za zaklju\u010davanje okretanjem. Postupak zamjene pojedina\u010dnih elasti\u010dnih vrpci za pode\u0161avanje te\u017eine nevjerojatno je jednostavan i lako izvediv, \u010dak i za po\u010detnike. Mehanizam za zaklju\u010davanje okretanjem osigurava visoku razinu sigurnosti od slu\u010dajnog otvaranja.  <\/p>\n<p>Podrijetlom od renomiranog proizvo\u0111a\u010da iz EU, ovi karabineri karakteriziraju se preciznom izradom najvi\u0161e kvalitete. Nemaju mjesta za zapinjanje na otvoru karabina za brzu i u\u010dinkovitu upotrebu. <\/p>\n","protected":false},"featured_media":13225,"comment_status":"open","ping_status":"closed","template":"","meta":{"_acf_changed":false},"product_brand":[],"product_cat":[215,234],"product_tag":[],"class_list":{"0":"post-13224","1":"product","2":"type-product","3":"status-publish","4":"has-post-thumbnail","6":"product_cat-bungee-trampolin-objekti","7":"product_cat-karabineri-i-drustvo","9":"first","10":"instock","11":"taxable","12":"shipping-taxable","13":"purchasable","14":"product-type-simple"},"acf":[],"_links":{"self":[{"href":"https:\/\/freizeit-technik.de\/hr\/wp-json\/wp\/v2\/product\/13224","targetHints":{"allow":["GET"]}}],"collection":[{"href":"https:\/\/freizeit-technik.de\/hr\/wp-json\/wp\/v2\/product"}],"about":[{"href":"https:\/\/freizeit-technik.de\/hr\/wp-json\/wp\/v2\/types\/product"}],"replies":[{"embeddable":true,"href":"https:\/\/freizeit-technik.de\/hr\/wp-json\/wp\/v2\/comments?post=13224"}],"wp:featuredmedia":[{"embeddable":true,"href":"https:\/\/freizeit-technik.de\/hr\/wp-json\/wp\/v2\/media\/13225"}],"wp:attachment":[{"href":"https:\/\/freizeit-technik.de\/hr\/wp-json\/wp\/v2\/media?parent=13224"}],"wp:term":[{"taxonomy":"product_brand","embeddable":true,"href":"https:\/\/freizeit-technik.de\/hr\/wp-json\/wp\/v2\/product_brand?post=13224"},{"taxonomy":"product_cat","embeddable":true,"href":"https:\/\/freizeit-technik.de\/hr\/wp-json\/wp\/v2\/product_cat?post=13224"},{"taxonomy":"product_tag","embeddable":true,"href":"https:\/\/freizeit-technik.de\/hr\/wp-json\/wp\/v2\/product_tag?post=13224"}],"curies":[{"name":"wp","href":"https:\/\/api.w.org\/{rel}","templated":true}]}}