{"id":13232,"date":"2017-06-10T15:48:47","date_gmt":"2017-06-10T13:48:47","guid":{"rendered":"https:\/\/freizeit-technik.de\/shop\/aluminijski-trilock-karabiner-ct\/"},"modified":"2026-04-23T21:45:36","modified_gmt":"2026-04-23T19:45:36","slug":"aluminijski-trilock-karabiner-ct","status":"publish","type":"product","link":"https:\/\/freizeit-technik.de\/hr\/shop\/aluminijski-trilock-karabiner-ct\/","title":{"rendered":"Aluminijski Trilock karabiner &#8220;CT&#8221;"},"content":{"rendered":"<p><span class=\"tx-ttproducts-pi1-wrap2\"><strong>Te\u017eina: 0,091 kg<br \/>\n Boja: mat crna<br \/>\n<\/strong> <strong>Stati\u010dka nosivost:<\/strong> <strong>22 kN<br \/>\n Certifikacija: EN 362:2004<\/strong><\/span><\/p>\n<p><strong> <\/strong><\/p>\n<p><img loading=\"lazy\" decoding=\"async\" class=\"alignnone size-full wp-image-684\" src=\"https:\/\/freizeit-technik.de\/wp-content\/uploads\/2017\/03\/Q_eu-1.gif\" alt=\"\" width=\"64\" height=\"64\"><img loading=\"lazy\" decoding=\"async\" class=\"alignnone size-full wp-image-694\" src=\"https:\/\/freizeit-technik.de\/wp-content\/uploads\/2017\/03\/premium_line.gif\" alt=\"\" width=\"119\" height=\"64\"><img loading=\"lazy\" decoding=\"async\" class=\"alignnone size-full wp-image-448\" src=\"https:\/\/freizeit-technik.de\/wp-content\/uploads\/2017\/02\/exclusively_JS.gif\" alt=\"\" width=\"119\" height=\"64\"><\/p>\n","protected":false},"excerpt":{"rendered":"<p>Aluminijski karabiner s Trilock sigurnosnim mehanizmom. Prvo treba uvje\u017ebati postupak zamjene pojedina\u010dnih elasti\u010dnih vrpci za pode\u0161avanje te\u017eine. Trilock sigurnosni mehanizam osigurava maksimalnu sigurnost od slu\u010dajnog otvaranja.  <\/p>\n<p>Podrijetlom od renomiranog proizvo\u0111a\u010da iz EU, ovi karabineri karakteriziraju se preciznom izradom najvi\u0161e kvalitete. Nemaju mjesta za zapinjanje na otvoru karabina za brzu i u\u010dinkovitu upotrebu. <\/p>\n","protected":false},"featured_media":13233,"comment_status":"open","ping_status":"closed","template":"","meta":{"_acf_changed":false},"product_brand":[],"product_cat":[234],"product_tag":[],"class_list":{"0":"post-13232","1":"product","2":"type-product","3":"status-publish","4":"has-post-thumbnail","6":"product_cat-karabineri-i-drustvo","8":"first","9":"instock","10":"taxable","11":"shipping-taxable","12":"purchasable","13":"product-type-simple"},"acf":[],"_links":{"self":[{"href":"https:\/\/freizeit-technik.de\/hr\/wp-json\/wp\/v2\/product\/13232","targetHints":{"allow":["GET"]}}],"collection":[{"href":"https:\/\/freizeit-technik.de\/hr\/wp-json\/wp\/v2\/product"}],"about":[{"href":"https:\/\/freizeit-technik.de\/hr\/wp-json\/wp\/v2\/types\/product"}],"replies":[{"embeddable":true,"href":"https:\/\/freizeit-technik.de\/hr\/wp-json\/wp\/v2\/comments?post=13232"}],"wp:featuredmedia":[{"embeddable":true,"href":"https:\/\/freizeit-technik.de\/hr\/wp-json\/wp\/v2\/media\/13233"}],"wp:attachment":[{"href":"https:\/\/freizeit-technik.de\/hr\/wp-json\/wp\/v2\/media?parent=13232"}],"wp:term":[{"taxonomy":"product_brand","embeddable":true,"href":"https:\/\/freizeit-technik.de\/hr\/wp-json\/wp\/v2\/product_brand?post=13232"},{"taxonomy":"product_cat","embeddable":true,"href":"https:\/\/freizeit-technik.de\/hr\/wp-json\/wp\/v2\/product_cat?post=13232"},{"taxonomy":"product_tag","embeddable":true,"href":"https:\/\/freizeit-technik.de\/hr\/wp-json\/wp\/v2\/product_tag?post=13232"}],"curies":[{"name":"wp","href":"https:\/\/api.w.org\/{rel}","templated":true}]}}