{"id":13246,"date":"2017-06-25T15:47:01","date_gmt":"2017-06-25T13:47:01","guid":{"rendered":"https:\/\/freizeit-technik.de\/shop\/aluminijski-karabiner-s-twistlock-zatvaracem-jsbasic\/"},"modified":"2026-04-23T21:45:45","modified_gmt":"2026-04-23T19:45:45","slug":"aluminijski-karabiner-s-twistlock-zatvaracem-jsbasic","status":"publish","type":"product","link":"https:\/\/freizeit-technik.de\/hr\/shop\/aluminijski-karabiner-s-twistlock-zatvaracem-jsbasic\/","title":{"rendered":"Aluminijski karabiner s twistlock zatvara\u010dem &#8220;JSbasic&#8221;"},"content":{"rendered":"<p><span class=\"tx-ttproducts-pi1-wrap2\"><strong>Te\u017eina: 0,085 kg<br \/>\n Boja: srebrna<br \/>\n<\/strong> <strong>Stati\u010dka nosivost:<\/strong><strong> <\/strong><strong>22 kN<br \/>\n Certifikacija: EN 362:2004<\/strong><\/span><\/p>\n<p><strong> <\/strong><\/p>\n<p><img loading=\"lazy\" decoding=\"async\" class=\"alignnone size-full wp-image-688\" src=\"https:\/\/freizeit-technik.de\/wp-content\/uploads\/2017\/03\/Q_asia-1.gif\" alt=\"\" width=\"64\" height=\"64\"><img loading=\"lazy\" decoding=\"async\" class=\"alignnone size-full wp-image-739\" src=\"https:\/\/freizeit-technik.de\/wp-content\/uploads\/2017\/03\/basic_line.jpg.gif\" alt=\"\" width=\"119\" height=\"64\"><\/p>\n","protected":false},"excerpt":{"rendered":"<p>Aluminijski karabiner s mehanizmom za zaklju\u010davanje okretanjem. Postupak zamjene pojedina\u010dnih elasti\u010dnih vrpci za pode\u0161avanje te\u017eine nevjerojatno je jednostavan i lako izvediv, \u010dak i za po\u010detnike. Mehanizam za zaklju\u010davanje okretanjem osigurava visoku razinu sigurnosti od slu\u010dajnog otvaranja.  <\/p>\n<p>Molimo pogledajte obja\u0161njenja na etiketama za Basic Line.<\/p>\n","protected":false},"featured_media":13247,"comment_status":"open","ping_status":"closed","template":"","meta":{"_acf_changed":false},"product_brand":[],"product_cat":[234],"product_tag":[],"class_list":{"0":"post-13246","1":"product","2":"type-product","3":"status-publish","4":"has-post-thumbnail","6":"product_cat-karabineri-i-drustvo","8":"first","9":"instock","10":"taxable","11":"shipping-taxable","12":"purchasable","13":"product-type-simple"},"acf":[],"_links":{"self":[{"href":"https:\/\/freizeit-technik.de\/hr\/wp-json\/wp\/v2\/product\/13246","targetHints":{"allow":["GET"]}}],"collection":[{"href":"https:\/\/freizeit-technik.de\/hr\/wp-json\/wp\/v2\/product"}],"about":[{"href":"https:\/\/freizeit-technik.de\/hr\/wp-json\/wp\/v2\/types\/product"}],"replies":[{"embeddable":true,"href":"https:\/\/freizeit-technik.de\/hr\/wp-json\/wp\/v2\/comments?post=13246"}],"wp:featuredmedia":[{"embeddable":true,"href":"https:\/\/freizeit-technik.de\/hr\/wp-json\/wp\/v2\/media\/13247"}],"wp:attachment":[{"href":"https:\/\/freizeit-technik.de\/hr\/wp-json\/wp\/v2\/media?parent=13246"}],"wp:term":[{"taxonomy":"product_brand","embeddable":true,"href":"https:\/\/freizeit-technik.de\/hr\/wp-json\/wp\/v2\/product_brand?post=13246"},{"taxonomy":"product_cat","embeddable":true,"href":"https:\/\/freizeit-technik.de\/hr\/wp-json\/wp\/v2\/product_cat?post=13246"},{"taxonomy":"product_tag","embeddable":true,"href":"https:\/\/freizeit-technik.de\/hr\/wp-json\/wp\/v2\/product_tag?post=13246"}],"curies":[{"name":"wp","href":"https:\/\/api.w.org\/{rel}","templated":true}]}}