{"id":13292,"date":"2026-04-19T20:15:43","date_gmt":"2026-04-19T18:15:43","guid":{"rendered":"https:\/\/freizeit-technik.de\/shop\/posebna-cijena-44-okretne-glave-od-nehrdajuceg-celika\/"},"modified":"2026-04-24T10:14:27","modified_gmt":"2026-04-24T08:14:27","slug":"posebna-cijena-44-okretne-glave-od-nehrdajuceg-celika","status":"publish","type":"product","link":"https:\/\/freizeit-technik.de\/hr\/shop\/posebna-cijena-44-okretne-glave-od-nehrdajuceg-celika\/","title":{"rendered":"Posebna cijena: 44 okretne glave od nehr\u0111aju\u0107eg \u010delika"},"content":{"rendered":"","protected":false},"excerpt":{"rendered":"<p>44 remenice od nehr\u0111aju\u0107eg \u010delika za u\u017ead promjera do 10 mm. Cijena paketa za 44 komada. Rasprodaja.  <\/p>\n","protected":false},"featured_media":10784,"comment_status":"open","ping_status":"closed","template":"","meta":{"_acf_changed":false},"product_brand":[],"product_cat":[215,234],"product_tag":[],"class_list":{"0":"post-13292","1":"product","2":"type-product","3":"status-publish","4":"has-post-thumbnail","6":"product_cat-bungee-trampolin-objekti","7":"product_cat-karabineri-i-drustvo","9":"first","10":"instock","11":"taxable","12":"shipping-taxable","13":"product-type-simple"},"acf":[],"_links":{"self":[{"href":"https:\/\/freizeit-technik.de\/hr\/wp-json\/wp\/v2\/product\/13292","targetHints":{"allow":["GET"]}}],"collection":[{"href":"https:\/\/freizeit-technik.de\/hr\/wp-json\/wp\/v2\/product"}],"about":[{"href":"https:\/\/freizeit-technik.de\/hr\/wp-json\/wp\/v2\/types\/product"}],"replies":[{"embeddable":true,"href":"https:\/\/freizeit-technik.de\/hr\/wp-json\/wp\/v2\/comments?post=13292"}],"wp:featuredmedia":[{"embeddable":true,"href":"https:\/\/freizeit-technik.de\/hr\/wp-json\/wp\/v2\/media\/10784"}],"wp:attachment":[{"href":"https:\/\/freizeit-technik.de\/hr\/wp-json\/wp\/v2\/media?parent=13292"}],"wp:term":[{"taxonomy":"product_brand","embeddable":true,"href":"https:\/\/freizeit-technik.de\/hr\/wp-json\/wp\/v2\/product_brand?post=13292"},{"taxonomy":"product_cat","embeddable":true,"href":"https:\/\/freizeit-technik.de\/hr\/wp-json\/wp\/v2\/product_cat?post=13292"},{"taxonomy":"product_tag","embeddable":true,"href":"https:\/\/freizeit-technik.de\/hr\/wp-json\/wp\/v2\/product_tag?post=13292"}],"curies":[{"name":"wp","href":"https:\/\/api.w.org\/{rel}","templated":true}]}}