{"id":13315,"date":"2026-03-19T12:00:54","date_gmt":"2026-03-19T11:00:54","guid":{"rendered":"https:\/\/freizeit-technik.de\/shop\/sustav-rotorskih-diskova-za-lateks-trake-tipa-4-ukljucene-4-vrtuljke\/"},"modified":"2026-04-24T10:14:43","modified_gmt":"2026-04-24T08:14:43","slug":"sustav-rotorskih-diskova-za-lateks-trake-tipa-4-ukljucene-4-vrtuljke","status":"publish","type":"product","link":"https:\/\/freizeit-technik.de\/hr\/shop\/sustav-rotorskih-diskova-za-lateks-trake-tipa-4-ukljucene-4-vrtuljke\/","title":{"rendered":"Sustav rotorskih diskova za lateks trake tipa 4, uklju\u010dene 4 vrtuljke!"},"content":{"rendered":"<div style=\"width: 720px;\" class=\"wp-video\"><video class=\"wp-video-shortcode\" id=\"video-13315-1\" width=\"720\" height=\"1280\" preload=\"metadata\" controls=\"controls\"><source type=\"video\/mp4\" src=\"https:\/\/freizeit-technik.de\/wp-content\/uploads\/2026\/03\/rotor-discs-einhaengen.mp4?_=1\" \/><a href=\"https:\/\/freizeit-technik.de\/wp-content\/uploads\/2026\/03\/rotor-discs-einhaengen.mp4\">https:\/\/freizeit-technik.de\/wp-content\/uploads\/2026\/03\/rotor-discs-einhaengen.mp4<\/a><\/video><\/div>\n<div>\n<div style=\"width: 980px;\" class=\"wp-video\"><video class=\"wp-video-shortcode\" id=\"video-13315-2\" width=\"980\" height=\"551\" preload=\"metadata\" controls=\"controls\"><source type=\"video\/mp4\" src=\"https:\/\/freizeit-technik.de\/wp-content\/uploads\/2026\/03\/rotor_discs_video_1.mp4?_=2\" \/><a href=\"https:\/\/freizeit-technik.de\/wp-content\/uploads\/2026\/03\/rotor_discs_video_1.mp4\">https:\/\/freizeit-technik.de\/wp-content\/uploads\/2026\/03\/rotor_discs_video_1.mp4<\/a><\/video><\/div>\n<p><span class=\"tx-ttproducts-pi1-wrap2\"><strong>Svaki disk s integriranom okretnom osovinom od nehr\u0111aju\u0107eg \u010delika<\/strong><\/span><\/p>\n<\/div>\n<div id=\"tab_fragment_1\" class=\"ui-tabs-panel ui-widget-content ui-corner-bottom ui-tabs-hide\"><span class=\"tx-ttproducts-pi1-wrap2\"><strong>Te\u017eina: 0,58 kg<br \/>\n Dimenzije pakiranja: 23 x 12 x 12 cm<br \/>\n Boja: plava<br \/>\n Certifikacija: T\u00dcV tipsko odobrenje (ispitivanja nosivosti)<\/strong><\/span><\/div>\n<div class=\"ui-tabs-panel ui-widget-content ui-corner-bottom ui-tabs-hide\"><\/div>\n","protected":false},"excerpt":{"rendered":"<p>Sustav rotor-disk omogu\u0107uje operateru brzo pode\u0161avanje ispravne te\u017eine opru\u017ene trake pomo\u0107u lateks traka tipa 4.<\/p>\n<p><strong>Nove zna\u010dajke za 2026. godinu:<\/strong><br \/>\n Sni\u017eenje cijene i jo\u0161 ni\u017ea jedini\u010dna cijena za 4 sustava za bungee trampolin za 4 osobe.<br \/>\n Gornji disk sada je tako\u0111er opremljen okretnim elementom, tako da su u ovaj sustav ve\u0107 integrirane <strong>ukupno \u010detiri glatko hodaju\u0107a okretna elementa<\/strong> .<\/p>\n<p><strong>Kako funkcionira:<\/strong><br \/>\n Lateksne trake tipa 4 umetnute su u gornji disk s u\u017eim otvorima i tamo trajno ostaju. Donji diskovi na skaka\u010du imaju dva u\u017ea otvora u kojima uvijek ostaju dva elasti\u010dna u\u017eeta (obi\u010dno 2 x 10 kg = 20 kg).<br \/>\n Dugi produ\u017eeci traka na donjem kraju omogu\u0107uju brzo i jednostavno pode\u0161avanje te\u017eine skaka\u010da iznad ve\u0107 pri\u010dvr\u0161\u0107enih 20 kg.<br \/>\n Dva okretna elementa na vrhu i dnu sprje\u010davaju zapetljavanje traka. <\/p>\n<p><strong>Prednosti:<br \/>\n<\/strong> &#8211; 4 visokokvalitetne, unaprijed integrirane okretne osovine od nehr\u0111aju\u0107eg \u010delika po setu.<br \/>\n &#8211; Stoga su potrebna barem 2 karabinera i okretnih kop\u010di manje nego kod drugih postavki.<br \/>\n &#8211; Remen za za\u0161titu lateksa i dulji vijek trajanja.<br \/>\n &#8211; Ni\u017ei operativni tro\u0161kovi.<br \/>\n &#8211; Ve\u0107a sigurnost nego kod kori\u0161tenja drugih sustava dr\u017eanja za lateks cijevi zbog razmaka izme\u0111u traka.<\/p>\n<p><strong>Opseg isporuke i informacije o cijeni:<\/strong><br \/>\n Za koli\u010dinu narud\u017ebe &#8220;1&#8221; dobit \u0107ete <strong>4 diska<\/strong> (2 gornja i 2 donja s trakom) <strong>za jedno mjesto za skok.<br \/>\n<\/strong> Prilikom narud\u017ebe <strong>4 sustava<\/strong> za 4-smjerni bungee trampolin sustav <strong>, cijena po jedinici se smanjuje!<\/strong><\/p>\n<p><strong>Preporu\u010dene opcije konfiguracije po setu zone ispu\u0161tanja (naru\u010duju se zasebno):<br \/>\n<\/strong> &#8211; Za maksimalnu te\u017einu skaka\u010da od 90 kg: 16 dijelova od 10 kg i 4 dijela od 5 kg<br \/>\n &#8211; Za maksimalnu te\u017einu skaka\u010da od 95 kg: 18 dijelova od 10 kg i 2 dijela od 5 kg<br \/>\n &#8211; Za maksimalnu te\u017einu skaka\u010da od 100 kg: 20 komada od 10 kg (isklju\u010duju\u0107i 5 kg)   <strong><br \/>\n<\/strong><\/p>\n<p>Dostupno odmah! Prikazane lateks trake za gumenu vrpcu tipa 4 slu\u017ee samo u ilustrativne svrhe i nisu uklju\u010dene. Moraju se naru\u010diti zasebno.  <\/p>\n<p><strong>Zanima vas, ali niste sigurni?<\/strong><br \/>\n Pitajte o na\u0161em <strong>testnom setu<\/strong> , koji vam mo\u017eemo <strong>posuditi<\/strong> (ovisno o raspolo\u017eivosti i bez obveze)!<\/p>\n","protected":false},"featured_media":13321,"comment_status":"open","ping_status":"closed","template":"","meta":{"_acf_changed":false},"product_brand":[],"product_cat":[241,242,234,243],"product_tag":[],"class_list":{"0":"post-13315","1":"product","2":"type-product","3":"status-publish","4":"has-post-thumbnail","6":"product_cat-elastika-i-uzad","7":"product_cat-gotove-elastike","8":"product_cat-karabineri-i-drustvo","9":"product_cat-uradi-sam","11":"first","12":"instock","13":"taxable","14":"shipping-taxable","15":"product-type-simple"},"acf":[],"_links":{"self":[{"href":"https:\/\/freizeit-technik.de\/hr\/wp-json\/wp\/v2\/product\/13315","targetHints":{"allow":["GET"]}}],"collection":[{"href":"https:\/\/freizeit-technik.de\/hr\/wp-json\/wp\/v2\/product"}],"about":[{"href":"https:\/\/freizeit-technik.de\/hr\/wp-json\/wp\/v2\/types\/product"}],"replies":[{"embeddable":true,"href":"https:\/\/freizeit-technik.de\/hr\/wp-json\/wp\/v2\/comments?post=13315"}],"wp:featuredmedia":[{"embeddable":true,"href":"https:\/\/freizeit-technik.de\/hr\/wp-json\/wp\/v2\/media\/13321"}],"wp:attachment":[{"href":"https:\/\/freizeit-technik.de\/hr\/wp-json\/wp\/v2\/media?parent=13315"}],"wp:term":[{"taxonomy":"product_brand","embeddable":true,"href":"https:\/\/freizeit-technik.de\/hr\/wp-json\/wp\/v2\/product_brand?post=13315"},{"taxonomy":"product_cat","embeddable":true,"href":"https:\/\/freizeit-technik.de\/hr\/wp-json\/wp\/v2\/product_cat?post=13315"},{"taxonomy":"product_tag","embeddable":true,"href":"https:\/\/freizeit-technik.de\/hr\/wp-json\/wp\/v2\/product_tag?post=13315"}],"curies":[{"name":"wp","href":"https:\/\/api.w.org\/{rel}","templated":true}]}}