{"id":13380,"date":"2017-07-29T15:54:14","date_gmt":"2017-07-29T13:54:14","guid":{"rendered":"https:\/\/freizeit-technik.de\/shop\/okretni-lezaj-s-kuglicnim-lezajem-skylo\/"},"modified":"2026-04-24T10:15:23","modified_gmt":"2026-04-24T08:15:23","slug":"okretni-lezaj-s-kuglicnim-lezajem-skylo","status":"publish","type":"product","link":"https:\/\/freizeit-technik.de\/hr\/shop\/okretni-lezaj-s-kuglicnim-lezajem-skylo\/","title":{"rendered":"Okretni le\u017eaj s kugli\u010dnim le\u017eajem &#8220;Skylo&#8221;"},"content":{"rendered":"<p><span class=\"tx-ttproducts-pi1-wrap2\"><strong>Te\u017eina: 0,155 kg<br \/>\n Boja: crno-naran\u010dasta<br \/>\n<\/strong> <strong>Stati\u010dka nosivost:<\/strong> <strong>40 kN<br \/>\n Certifikacija: EN 362<\/strong><\/span><\/p>\n<p><strong> <\/strong><\/p>\n<p>&nbsp;<\/p>\n","protected":false},"excerpt":{"rendered":"<p>Visokokvalitetna okretna osovina s kugli\u010dnim le\u017eajem i vrlo visokom nosivo\u0161\u0107u.<\/p>\n","protected":false},"featured_media":13381,"comment_status":"open","ping_status":"closed","template":"","meta":{"_acf_changed":false},"product_brand":[],"product_cat":[234],"product_tag":[],"class_list":{"0":"post-13380","1":"product","2":"type-product","3":"status-publish","4":"has-post-thumbnail","6":"product_cat-karabineri-i-drustvo","8":"first","9":"instock","10":"taxable","11":"shipping-taxable","12":"purchasable","13":"product-type-simple"},"acf":[],"_links":{"self":[{"href":"https:\/\/freizeit-technik.de\/hr\/wp-json\/wp\/v2\/product\/13380","targetHints":{"allow":["GET"]}}],"collection":[{"href":"https:\/\/freizeit-technik.de\/hr\/wp-json\/wp\/v2\/product"}],"about":[{"href":"https:\/\/freizeit-technik.de\/hr\/wp-json\/wp\/v2\/types\/product"}],"replies":[{"embeddable":true,"href":"https:\/\/freizeit-technik.de\/hr\/wp-json\/wp\/v2\/comments?post=13380"}],"wp:featuredmedia":[{"embeddable":true,"href":"https:\/\/freizeit-technik.de\/hr\/wp-json\/wp\/v2\/media\/13381"}],"wp:attachment":[{"href":"https:\/\/freizeit-technik.de\/hr\/wp-json\/wp\/v2\/media?parent=13380"}],"wp:term":[{"taxonomy":"product_brand","embeddable":true,"href":"https:\/\/freizeit-technik.de\/hr\/wp-json\/wp\/v2\/product_brand?post=13380"},{"taxonomy":"product_cat","embeddable":true,"href":"https:\/\/freizeit-technik.de\/hr\/wp-json\/wp\/v2\/product_cat?post=13380"},{"taxonomy":"product_tag","embeddable":true,"href":"https:\/\/freizeit-technik.de\/hr\/wp-json\/wp\/v2\/product_tag?post=13380"}],"curies":[{"name":"wp","href":"https:\/\/api.w.org\/{rel}","templated":true}]}}