{"id":13400,"date":"2017-07-20T15:59:50","date_gmt":"2017-07-20T13:59:50","guid":{"rendered":"https:\/\/freizeit-technik.de\/shop\/okretni-petzl-open\/"},"modified":"2026-04-24T10:15:43","modified_gmt":"2026-04-24T08:15:43","slug":"okretni-petzl-open","status":"publish","type":"product","link":"https:\/\/freizeit-technik.de\/hr\/shop\/okretni-petzl-open\/","title":{"rendered":"Okretni &#8220;Petzl OPEN&#8221;"},"content":{"rendered":"","protected":false},"excerpt":{"rendered":"<p><span class=\"tx-ttproducts-pi1-wrap2\">Okretni mehanizam sa \u0161irokim otvorom s obje strane. Savr\u0161eno prikladan za pri\u010dvr\u0161\u0107ivanje na pojaseve bungee trampolina. Eliminiranje potrebe za karabinerom osloba\u0111a vrijedan hod opruge. Ovaj okretni mehanizam tako\u0111er omogu\u0107uje sigurnu upotrebu pojasa, jer odsutnost karabina pomi\u010de opasnu to\u010dku okretanja prema dolje &#8211; dalje od ruku skaka\u010da.<br \/>\n U dokazanoj Petzl kvaliteti.   <\/span><\/p>\n","protected":false},"featured_media":10700,"comment_status":"open","ping_status":"closed","template":"","meta":{"_acf_changed":false},"product_brand":[],"product_cat":[234],"product_tag":[],"class_list":{"0":"post-13400","1":"product","2":"type-product","3":"status-publish","4":"has-post-thumbnail","6":"product_cat-karabineri-i-drustvo","8":"first","9":"instock","10":"taxable","11":"shipping-taxable","12":"purchasable","13":"product-type-simple"},"acf":[],"_links":{"self":[{"href":"https:\/\/freizeit-technik.de\/hr\/wp-json\/wp\/v2\/product\/13400","targetHints":{"allow":["GET"]}}],"collection":[{"href":"https:\/\/freizeit-technik.de\/hr\/wp-json\/wp\/v2\/product"}],"about":[{"href":"https:\/\/freizeit-technik.de\/hr\/wp-json\/wp\/v2\/types\/product"}],"replies":[{"embeddable":true,"href":"https:\/\/freizeit-technik.de\/hr\/wp-json\/wp\/v2\/comments?post=13400"}],"wp:featuredmedia":[{"embeddable":true,"href":"https:\/\/freizeit-technik.de\/hr\/wp-json\/wp\/v2\/media\/10700"}],"wp:attachment":[{"href":"https:\/\/freizeit-technik.de\/hr\/wp-json\/wp\/v2\/media?parent=13400"}],"wp:term":[{"taxonomy":"product_brand","embeddable":true,"href":"https:\/\/freizeit-technik.de\/hr\/wp-json\/wp\/v2\/product_brand?post=13400"},{"taxonomy":"product_cat","embeddable":true,"href":"https:\/\/freizeit-technik.de\/hr\/wp-json\/wp\/v2\/product_cat?post=13400"},{"taxonomy":"product_tag","embeddable":true,"href":"https:\/\/freizeit-technik.de\/hr\/wp-json\/wp\/v2\/product_tag?post=13400"}],"curies":[{"name":"wp","href":"https:\/\/api.w.org\/{rel}","templated":true}]}}