{"id":13733,"date":"2026-04-12T15:59:09","date_gmt":"2026-04-12T13:59:09","guid":{"rendered":"https:\/\/freizeit-technik.de\/shop\/bocne-mreze-s-grubim-okcima-bez-cvorova-izradene-od-pp-a\/"},"modified":"2026-04-24T11:28:06","modified_gmt":"2026-04-24T09:28:06","slug":"bocne-mreze-s-grubim-okcima-bez-cvorova-izradene-od-pp-a","status":"publish","type":"product","link":"https:\/\/freizeit-technik.de\/hr\/shop\/bocne-mreze-s-grubim-okcima-bez-cvorova-izradene-od-pp-a\/","title":{"rendered":"Bo\u010dne mre\u017ee s grubim okcima, bez \u010dvorova, izra\u0111ene od PP-a"},"content":{"rendered":"<p><strong>Maksimalna \u0161irina: 20 m<br \/>\n<\/strong> <strong>Maksimalna duljina: 100 m<br \/>\n<\/strong> <strong>Primjena: unutarnja i vanjska<br \/>\n<\/strong> <strong>Boja: crna<br \/>\n Veli\u010dina oka: 45 x 45 mm<br \/>\n Debljina pre\u0111e: 3 mm<\/strong><\/p>\n<p><img loading=\"lazy\" decoding=\"async\" class=\"size-full wp-image-682 alignleft\" src=\"https:\/\/freizeit-technik.de\/wp-content\/uploads\/2017\/03\/Q_deutschland-1.gif\" alt=\"\" width=\"64\" height=\"64\"><\/p>\n","protected":false},"excerpt":{"rendered":"<p>Gotove bo\u010dne mre\u017ee od PP-a bez \u010dvorova s \u200b\u200bokcima od 45 x 45 mm i oja\u010danim rubovima. Ove bo\u010dne mre\u017ee mogu se montirati pomo\u0107u kabelskih vezica, \u0161paga ili elasti\u010dnih traka. Ove mre\u017ee s grubim okcima prozirne su iz gotovo svih kutova, vrlo robusne i jeftine. Zbog velike veli\u010dine oka ne mogu se proizvesti s centimetarskom precizno\u0161\u0107u. Stoga ove mre\u017ee op\u0107enito proizvodimo ne\u0161to manje kako bi se mogle rastegnuti na \u017eeljene dimenzije i \u010dvrsto prianjale prilikom ugradnje.    <\/p>\n<p><strong>Zahtjevi za cjenovne kategorije:<br \/>\n<\/strong> Kvadratni ili pravokutni. Za ostale oblike (okrugli, trokutasti, osmerokutni itd.) i za ve\u0107e ili u\u017ee tkanine, molimo vas da nam po\u0161aljete zaseban zahtjev. <\/p>\n<p><strong>Postupak narud\u017ebe:<br \/>\n<\/strong> Odaberite <strong>odgovaraju\u0107u cjenovnu kategoriju.<\/strong><br \/>\n Unesite <strong>koli\u010dinu.<\/strong><br \/>\n Nema vi\u0161estupanjskog popusta za ovaj artikl prilikom narud\u017ebe vi\u0161e identi\u010dnih mre\u017ea.<\/p>\n<p>Za izradu bo\u010dnih mre\u017ea po narud\u017ebi, molimo Vas da se prilikom narud\u017ebe pozovete na sve prethodne narud\u017ebe.<br \/>\n Ako jo\u0161 nismo zabilje\u017eili dimenzije va\u0161e web stranice, molimo vas da ih navedete u polju za komentare prilikom narud\u017ebe.<br \/>\n Ako vam je potrebna pomo\u0107, slobodno nas kontaktirajte. Rado \u0107emo vam pomo\u0107i odrediti ispravnu mjeru! <\/p>\n<p>Vrijeme isporuke: obi\u010dno 3-4 tjedna.<\/p>\n","protected":false},"featured_media":9819,"comment_status":"open","ping_status":"closed","template":"","meta":{"_acf_changed":false},"product_brand":[],"product_cat":[257,256],"product_tag":[],"class_list":{"0":"post-13733","1":"product","2":"type-product","3":"status-publish","4":"has-post-thumbnail","6":"product_cat-bocne-mreze-za-trampolin","7":"product_cat-pribor-za-igralista","9":"first","10":"instock","11":"taxable","12":"shipping-taxable","13":"product-type-variable"},"acf":[],"_links":{"self":[{"href":"https:\/\/freizeit-technik.de\/hr\/wp-json\/wp\/v2\/product\/13733","targetHints":{"allow":["GET"]}}],"collection":[{"href":"https:\/\/freizeit-technik.de\/hr\/wp-json\/wp\/v2\/product"}],"about":[{"href":"https:\/\/freizeit-technik.de\/hr\/wp-json\/wp\/v2\/types\/product"}],"replies":[{"embeddable":true,"href":"https:\/\/freizeit-technik.de\/hr\/wp-json\/wp\/v2\/comments?post=13733"}],"wp:featuredmedia":[{"embeddable":true,"href":"https:\/\/freizeit-technik.de\/hr\/wp-json\/wp\/v2\/media\/9819"}],"wp:attachment":[{"href":"https:\/\/freizeit-technik.de\/hr\/wp-json\/wp\/v2\/media?parent=13733"}],"wp:term":[{"taxonomy":"product_brand","embeddable":true,"href":"https:\/\/freizeit-technik.de\/hr\/wp-json\/wp\/v2\/product_brand?post=13733"},{"taxonomy":"product_cat","embeddable":true,"href":"https:\/\/freizeit-technik.de\/hr\/wp-json\/wp\/v2\/product_cat?post=13733"},{"taxonomy":"product_tag","embeddable":true,"href":"https:\/\/freizeit-technik.de\/hr\/wp-json\/wp\/v2\/product_tag?post=13733"}],"curies":[{"name":"wp","href":"https:\/\/api.w.org\/{rel}","templated":true}]}}