{"id":13953,"date":"2026-04-12T15:22:41","date_gmt":"2026-04-12T13:22:41","guid":{"rendered":"https:\/\/freizeit-technik.de\/shop\/playpadovi\/"},"modified":"2026-04-24T11:28:49","modified_gmt":"2026-04-24T09:28:49","slug":"playpadovi","status":"publish","type":"product","link":"https:\/\/freizeit-technik.de\/hr\/shop\/playpadovi\/","title":{"rendered":"Playpadovi"},"content":{"rendered":"<p>Unutarnji promjer: 52 mm (mogu\u0107e odstupanje 1 mm)<\/p>\n<p> Debljina stijenke: 17 mm (mogu\u0107e odstupanje 1 mm)<\/p>\n","protected":false},"excerpt":{"rendered":"<p>Imajte na umu da je dostava unutar Njema\u010dke (osim otoka) ve\u0107 uklju\u010dena u cijenu ovog proizvoda.<\/p>\n<p>Jedna pakirna jedinica (PU) sadr\u017ei 27 komada, svaki duljine 2480 mm (mogu\u0107e odstupanje do 30 mm). Ukupna duljina po pakiranju je 66,96 m.<\/p>\n<p><strong>Playbads su dostupni u sljede\u0107im bojama:  <\/strong><\/p>\n<p><strong>Plava, Svijetloplava, Crna, Naran\u010dasta, \u017duta, Crvena, Ru\u017ei\u010dasta, Ljubi\u010dasta, Zelena, Svijetlozelena, Svijetlosme\u0111a, Tamnosme\u0111a, Srebrna  <\/strong><\/p>\n<p><strong>Molimo unesite \u017eeljene boje prilikom pla\u0107anja pod naslovom &#8220;Napomene uz narud\u017ebu&#8221;.<\/strong><\/p>\n<p>&nbsp;<\/p>\n<p>&nbsp;<\/p>\n<p><strong>Molimo vas da obratite pozornost na na\u0161e vi\u0161eslojne cijene.<\/strong><\/p>\n<p>1 jedinica = 399,00 \u20ac + 60,00 \u20ac tro\u0161kovi dostave<\/p>\n<p>2 PU = 393,00 \u20ac po PU + 40,00 \u20ac tro\u0161kovi dostave po PU<\/p>\n<p>3 PU = 387,00 \u20ac po PU + 35,00 \u20ac tro\u0161kovi dostave po PU<\/p>\n<p>Od 4 jedinice = 367,00 \u20ac po jedinici (besplatna dostava)<\/p>\n<p>&nbsp;<\/p>\n","protected":false},"featured_media":13968,"comment_status":"open","ping_status":"closed","template":"","meta":{"_acf_changed":false},"product_brand":[],"product_cat":[257,256,216],"product_tag":[],"class_list":{"0":"post-13953","1":"product","2":"type-product","3":"status-publish","4":"has-post-thumbnail","6":"product_cat-bocne-mreze-za-trampolin","7":"product_cat-pribor-za-igralista","8":"product_cat-razno","10":"first","11":"instock","12":"taxable","13":"shipping-taxable","14":"product-type-simple"},"acf":[],"_links":{"self":[{"href":"https:\/\/freizeit-technik.de\/hr\/wp-json\/wp\/v2\/product\/13953","targetHints":{"allow":["GET"]}}],"collection":[{"href":"https:\/\/freizeit-technik.de\/hr\/wp-json\/wp\/v2\/product"}],"about":[{"href":"https:\/\/freizeit-technik.de\/hr\/wp-json\/wp\/v2\/types\/product"}],"replies":[{"embeddable":true,"href":"https:\/\/freizeit-technik.de\/hr\/wp-json\/wp\/v2\/comments?post=13953"}],"wp:featuredmedia":[{"embeddable":true,"href":"https:\/\/freizeit-technik.de\/hr\/wp-json\/wp\/v2\/media\/13968"}],"wp:attachment":[{"href":"https:\/\/freizeit-technik.de\/hr\/wp-json\/wp\/v2\/media?parent=13953"}],"wp:term":[{"taxonomy":"product_brand","embeddable":true,"href":"https:\/\/freizeit-technik.de\/hr\/wp-json\/wp\/v2\/product_brand?post=13953"},{"taxonomy":"product_cat","embeddable":true,"href":"https:\/\/freizeit-technik.de\/hr\/wp-json\/wp\/v2\/product_cat?post=13953"},{"taxonomy":"product_tag","embeddable":true,"href":"https:\/\/freizeit-technik.de\/hr\/wp-json\/wp\/v2\/product_tag?post=13953"}],"curies":[{"name":"wp","href":"https:\/\/api.w.org\/{rel}","templated":true}]}}