{"id":13980,"date":"2026-04-12T15:23:47","date_gmt":"2026-04-12T13:23:47","guid":{"rendered":"https:\/\/freizeit-technik.de\/shop\/originalne-euro-matic-loptice-za-igru-500-dijelova\/"},"modified":"2026-04-24T11:28:59","modified_gmt":"2026-04-24T09:28:59","slug":"originalne-euro-matic-loptice-za-igru-500-dijelova","status":"publish","type":"product","link":"https:\/\/freizeit-technik.de\/hr\/shop\/originalne-euro-matic-loptice-za-igru-500-dijelova\/","title":{"rendered":"Originalne Euro-Matic loptice za igru, 500 dijelova"},"content":{"rendered":"","protected":false},"excerpt":{"rendered":"<p>\u017deljene boje mo\u017eete unijeti prilikom pla\u0107anja pod naslovom &#8220;Napomene o narud\u017ebi&#8221;.<\/p>\n","protected":false},"featured_media":13981,"comment_status":"open","ping_status":"closed","template":"","meta":{"_acf_changed":false},"product_brand":[],"product_cat":[256],"product_tag":[],"class_list":{"0":"post-13980","1":"product","2":"type-product","3":"status-publish","4":"has-post-thumbnail","6":"product_cat-pribor-za-igralista","8":"first","9":"instock","10":"taxable","11":"shipping-taxable","12":"product-type-simple"},"acf":[],"_links":{"self":[{"href":"https:\/\/freizeit-technik.de\/hr\/wp-json\/wp\/v2\/product\/13980","targetHints":{"allow":["GET"]}}],"collection":[{"href":"https:\/\/freizeit-technik.de\/hr\/wp-json\/wp\/v2\/product"}],"about":[{"href":"https:\/\/freizeit-technik.de\/hr\/wp-json\/wp\/v2\/types\/product"}],"replies":[{"embeddable":true,"href":"https:\/\/freizeit-technik.de\/hr\/wp-json\/wp\/v2\/comments?post=13980"}],"wp:featuredmedia":[{"embeddable":true,"href":"https:\/\/freizeit-technik.de\/hr\/wp-json\/wp\/v2\/media\/13981"}],"wp:attachment":[{"href":"https:\/\/freizeit-technik.de\/hr\/wp-json\/wp\/v2\/media?parent=13980"}],"wp:term":[{"taxonomy":"product_brand","embeddable":true,"href":"https:\/\/freizeit-technik.de\/hr\/wp-json\/wp\/v2\/product_brand?post=13980"},{"taxonomy":"product_cat","embeddable":true,"href":"https:\/\/freizeit-technik.de\/hr\/wp-json\/wp\/v2\/product_cat?post=13980"},{"taxonomy":"product_tag","embeddable":true,"href":"https:\/\/freizeit-technik.de\/hr\/wp-json\/wp\/v2\/product_tag?post=13980"}],"curies":[{"name":"wp","href":"https:\/\/api.w.org\/{rel}","templated":true}]}}