{"id":14158,"date":"2026-04-12T15:57:40","date_gmt":"2026-04-12T13:57:40","guid":{"rendered":"https:\/\/freizeit-technik.de\/shop\/bocne-mreze-protiv-penjanja-s-rupicama-za-zatvaranje\/"},"modified":"2026-04-24T11:29:26","modified_gmt":"2026-04-24T09:29:26","slug":"bocne-mreze-protiv-penjanja-s-rupicama-za-zatvaranje","status":"publish","type":"product","link":"https:\/\/freizeit-technik.de\/hr\/shop\/bocne-mreze-protiv-penjanja-s-rupicama-za-zatvaranje\/","title":{"rendered":"Bo\u010dne mre\u017ee protiv penjanja s rupicama za zatvaranje"},"content":{"rendered":"<p><strong>Maksimalna \u0161irina u jednom komadu: 300 cm<br \/>\n Maksimalna \u0161irina uklju\u010duju\u0107i spoj: 600 cm<br \/>\n<\/strong> <strong>Maksimalna duljina: 20 m<br \/>\n<\/strong> <strong>Primjena: unutarnja i vanjska<br \/>\n<\/strong> <strong>Boja: crna<br \/>\n Veli\u010dina mre\u017eice: fina mre\u017eica<br \/>\n<\/strong><\/p>\n<p><img loading=\"lazy\" decoding=\"async\" class=\"size-full wp-image-682 alignleft\" src=\"https:\/\/freizeit-technik.de\/wp-content\/uploads\/2017\/03\/Q_deutschland-1.gif\" alt=\"\" width=\"64\" height=\"64\"><\/p>\n","protected":false},"excerpt":{"rendered":"<p>Gotove bo\u010dne mre\u017ee za trampolin izra\u0111ene od fine PVC mre\u017ee po kojoj se ne mo\u017ee penjati. Nude atraktivan ujedna\u010den izgled.<br \/>\n Ove bo\u010dne mre\u017ee su posebno prikladne za manje povr\u0161ine koje treba pokriti, manje od 30 m\u00b2, i mogu se vrlo precizno proizvesti do odre\u0111ene veli\u010dine.<br \/>\n Svi rubovi su preklopljeni, pro\u0161iveni i u\u0161iveni sa svih strana. Alternativno, ove bo\u010dne mre\u017ee mo\u017eete pri\u010dvrstiti vezicama, \u0161pagom ili elasti\u010dnim trakama.  <\/p>\n<p>Odobreno kao za\u0161tita od pada za trampoline i platforme postavljene do maksimalno 1,60 m iznad razine tla. <\/p>\n<p>Izra\u0111eno po mjeri u na\u0161oj vlastitoj sedlarnici u Stuttgartu.<\/p>\n<p><strong>Zahtjevi za cjenovne kategorije:<br \/>\n<\/strong> <strong>Veli\u010dina 1: Do 2 m\u00b2<\/strong> + nijedna stranica nije manja od 90 cm, npr. do 140 x 140 cm<br \/>\n<strong>Veli\u010dina 2: Do 4 m\u00b2<\/strong> + nijedna stranica nije manja od 120 cm, npr. do 200 x 200 cm<br \/>\n<strong>Veli\u010dina 3: Do 6 m\u00b2<\/strong> + nijedna stranica nije manja od 150 cm, npr. do 200 x 300 cm<br \/>\n<strong>Veli\u010dina 4:<\/strong> <strong>Do 8 m\u00b2<\/strong> + nijedna stranica nije manja od 180 cm, npr. do 250 x 320 cm<br \/>\n<strong>Veli\u010dina 5: Do 10 m\u00b2<\/strong> + nijedna stranica nije manja od 220 cm, npr. do 300 x 320 cm<br \/>\n<strong>Veli\u010dina 6: Do 12 m\u00b2<\/strong> + nijedna stranica nije manja od 220 cm, npr. do 300 x 400 cm<br \/>\n<strong>Veli\u010dina 7: Do 14 m\u00b2<\/strong> + nijedna stranica nije manja od 220 cm, npr. do 300 x 450 cm<br \/>\n<strong>Veli\u010dina 8: Do 16 m\u00b2<\/strong> + nijedna stranica nije manja od 220 cm, npr. do 300 x 520 cm<br \/>\n<strong>Veli\u010dina 9: Do 18 m\u00b2<\/strong> + nijedna stranica nije manja od 220 cm, npr. do 300 x 600 cm<br \/>\n<strong>Veli\u010dina 10: Do 20 m\u00b2<\/strong> + nijedna stranica nije manja od 220 cm, npr. do 300 x 650 cm<br \/>\n<strong>Veli\u010dina 11:<\/strong> <strong>Do 22 m\u00b2<\/strong> + sve stranice preko 300 cm, npr. do 400 x 550 cm<br \/>\n<strong>Veli\u010dina 12: Do 24 m\u00b2<\/strong> + sve stranice preko 300 cm, npr. do 400 x 600 cm<br \/>\n<strong>Veli\u010dina 13: Do 26 m\u00b2<\/strong> + sve stranice preko 300 cm, npr. do 460 x 560 cm<br \/>\n<strong>Veli\u010dina 14:<\/strong> <strong>Do 28 m\u00b2<\/strong> + sve stranice preko 300 cm, npr. do 525 x 525 cm<br \/>\n<strong>Veli\u010dina 15: Do 30 m\u00b2<\/strong> + sve stranice preko 300 cm, npr. do 500 x 600 cm<\/p>\n<p>Kvadratni ili pravokutni. Za razli\u010dite oblike (okrugle, trokutaste, osmerokutne itd.) i ukupno ve\u0107e ili u\u017ee bo\u010dne mre\u017ee, molimo vas da po\u0161aljete zaseban zahtjev.<\/p>\n<p><strong>Vi\u0161eslojno odre\u0111ivanje cijena za identi\u010dne bo\u010dne mre\u017ee:<\/strong> Pove\u0107ajte koli\u010dinu identi\u010dnih mre\u017ea.<br \/>\n Ako naru\u010dite 2, 4, 6, 8 ili 10, cijena po jedinici se smanjuje!<\/p>\n<p>Postupak narud\u017ebe:<br \/>\n Za narud\u017ebu prilago\u0111enih bo\u010dnih mre\u017ea, prilikom narud\u017ebe molimo pogledajte sve prethodne narud\u017ebe. Ako jo\u0161 nismo zabilje\u017eili dimenzije va\u0161e bo\u010dne mre\u017ee, molimo vas da ih navedete u polju za komentare prilikom dovr\u0161etka narud\u017ebe. Ako vam je potrebna pomo\u0107, kontaktirajte nas. Rado \u0107emo vam pomo\u0107i u odre\u0111ivanju to\u010dnih dimenzija!   <\/p>\n<p>Vrijeme isporuke: obi\u010dno 1-2 tjedna.<\/p>\n","protected":false},"featured_media":9868,"comment_status":"open","ping_status":"closed","template":"","meta":{"_acf_changed":false},"product_brand":[],"product_cat":[257,256],"product_tag":[],"class_list":{"0":"post-14158","1":"product","2":"type-product","3":"status-publish","4":"has-post-thumbnail","6":"product_cat-bocne-mreze-za-trampolin","7":"product_cat-pribor-za-igralista","9":"first","10":"instock","11":"taxable","12":"shipping-taxable","13":"product-type-variable"},"acf":[],"_links":{"self":[{"href":"https:\/\/freizeit-technik.de\/hr\/wp-json\/wp\/v2\/product\/14158","targetHints":{"allow":["GET"]}}],"collection":[{"href":"https:\/\/freizeit-technik.de\/hr\/wp-json\/wp\/v2\/product"}],"about":[{"href":"https:\/\/freizeit-technik.de\/hr\/wp-json\/wp\/v2\/types\/product"}],"replies":[{"embeddable":true,"href":"https:\/\/freizeit-technik.de\/hr\/wp-json\/wp\/v2\/comments?post=14158"}],"wp:featuredmedia":[{"embeddable":true,"href":"https:\/\/freizeit-technik.de\/hr\/wp-json\/wp\/v2\/media\/9868"}],"wp:attachment":[{"href":"https:\/\/freizeit-technik.de\/hr\/wp-json\/wp\/v2\/media?parent=14158"}],"wp:term":[{"taxonomy":"product_brand","embeddable":true,"href":"https:\/\/freizeit-technik.de\/hr\/wp-json\/wp\/v2\/product_brand?post=14158"},{"taxonomy":"product_cat","embeddable":true,"href":"https:\/\/freizeit-technik.de\/hr\/wp-json\/wp\/v2\/product_cat?post=14158"},{"taxonomy":"product_tag","embeddable":true,"href":"https:\/\/freizeit-technik.de\/hr\/wp-json\/wp\/v2\/product_tag?post=14158"}],"curies":[{"name":"wp","href":"https:\/\/api.w.org\/{rel}","templated":true}]}}