{"id":14360,"date":"2017-07-20T15:38:07","date_gmt":"2017-07-20T13:38:07","guid":{"rendered":"https:\/\/freizeit-technik.de\/shop\/trampolin-s-elasticnim-pojasom-za-skakanje-tipa-1-xl\/"},"modified":"2026-04-25T21:43:21","modified_gmt":"2026-04-25T19:43:21","slug":"trampolin-s-elasticnim-pojasom-za-skakanje-tipa-1-xl","status":"publish","type":"product","link":"https:\/\/freizeit-technik.de\/hr\/shop\/trampolin-s-elasticnim-pojasom-za-skakanje-tipa-1-xl\/","title":{"rendered":"Trampolin s elasti\u010dnim pojasom za skakanje tipa 1 XL"},"content":{"rendered":"<p><span class=\"tx-ttproducts-pi1-wrap2\"><strong>Te\u017eina: 1,40 kg<br \/>\n Boja: crna<br \/>\n Ispitivanja nosivosti: u skladu s DIN EN 813<\/strong><\/span><\/p>\n","protected":false},"excerpt":{"rendered":"<p class=\"bodytext\">Kontinuirano razvijan tijekom godina, na\u0161 trenutni pojas za bungee trampolin tipa 1 u\u017eiva veliko zadovoljstvo kupaca.<br \/>\n Savr\u0161eno podstavljen i sa \u0161irokim osloncem za noge, pru\u017ea maksimalnu mogu\u0107u udobnost no\u0161enja.<br \/>\n Trake za bungee trampolin tipa 1 imaju odvojene dijelove za noge i naslagane to\u010dke pri\u010dvr\u0161\u0107ivanja.<br \/>\n Ako odaberete gornje to\u010dke pri\u010dvr\u0161\u0107ivanja za elasti\u010dne u\u017ead, sprije\u010dit \u0107ete ili ote\u017eati izvo\u0111enje salta.<br \/>\n Odaberite donje to\u010dke pri\u010dvr\u0161\u0107ivanja kako biste potaknuli izvo\u0111enje salta kroz donju to\u010dku okretanja.<\/p>\n","protected":false},"featured_media":14363,"comment_status":"open","ping_status":"closed","template":"","meta":{"_acf_changed":false},"product_brand":[],"product_cat":[215,267],"product_tag":[],"class_list":{"0":"post-14360","1":"product","2":"type-product","3":"status-publish","4":"has-post-thumbnail","6":"product_cat-bungee-trampolin-objekti","7":"product_cat-pojasevi-za-skakanje","9":"first","10":"instock","11":"taxable","12":"shipping-taxable","13":"product-type-simple"},"acf":[],"_links":{"self":[{"href":"https:\/\/freizeit-technik.de\/hr\/wp-json\/wp\/v2\/product\/14360","targetHints":{"allow":["GET"]}}],"collection":[{"href":"https:\/\/freizeit-technik.de\/hr\/wp-json\/wp\/v2\/product"}],"about":[{"href":"https:\/\/freizeit-technik.de\/hr\/wp-json\/wp\/v2\/types\/product"}],"replies":[{"embeddable":true,"href":"https:\/\/freizeit-technik.de\/hr\/wp-json\/wp\/v2\/comments?post=14360"}],"wp:featuredmedia":[{"embeddable":true,"href":"https:\/\/freizeit-technik.de\/hr\/wp-json\/wp\/v2\/media\/14363"}],"wp:attachment":[{"href":"https:\/\/freizeit-technik.de\/hr\/wp-json\/wp\/v2\/media?parent=14360"}],"wp:term":[{"taxonomy":"product_brand","embeddable":true,"href":"https:\/\/freizeit-technik.de\/hr\/wp-json\/wp\/v2\/product_brand?post=14360"},{"taxonomy":"product_cat","embeddable":true,"href":"https:\/\/freizeit-technik.de\/hr\/wp-json\/wp\/v2\/product_cat?post=14360"},{"taxonomy":"product_tag","embeddable":true,"href":"https:\/\/freizeit-technik.de\/hr\/wp-json\/wp\/v2\/product_tag?post=14360"}],"curies":[{"name":"wp","href":"https:\/\/api.w.org\/{rel}","templated":true}]}}