{"id":14410,"date":"2017-03-06T15:22:02","date_gmt":"2017-03-06T14:22:02","guid":{"rendered":"https:\/\/freizeit-technik.de\/shop\/trampolin-s-elasticnim-pojasom-za-skakanje-tipa-2-velicine-l\/"},"modified":"2026-04-25T22:19:02","modified_gmt":"2026-04-25T20:19:02","slug":"trampolin-s-elasticnim-pojasom-za-skakanje-tipa-2-velicine-l","status":"publish","type":"product","link":"https:\/\/freizeit-technik.de\/hr\/shop\/trampolin-s-elasticnim-pojasom-za-skakanje-tipa-2-velicine-l\/","title":{"rendered":"Trampolin s elasti\u010dnim pojasom za skakanje tipa 2, veli\u010dine L"},"content":{"rendered":"<p><strong>Ispitivanja nosivosti: u skladu s DIN EN 813<\/strong><\/p>\n","protected":false},"excerpt":{"rendered":"<p>Bungee trampolin pojasevi za skakanje tipa 2 izra\u0111eni su od istih materijala kao i na\u0161i pojasevi za skakanje tipa 1.<br \/>\n Me\u0111utim, dijelovi nogu su me\u0111usobno povezani, a to\u010dke pri\u010dvr\u0161\u0107ivanja su uvijek raspore\u0111ene duboko i paralelno (ne jedna iznad druge).<br \/>\n To omogu\u0107uje lako izvo\u0111enje salta s jedne strane zbog niske to\u010dke okretanja, a s druge strane dobro prilago\u0111avanje veli\u010dine skaka\u010du.<br \/>\n Pojasevi za skakanje tipa 2 su ne\u0161to manji od pojaseva za skakanje tipa 1.<\/p>\n","protected":false},"featured_media":14412,"comment_status":"open","ping_status":"closed","template":"","meta":{"_acf_changed":false},"product_brand":[],"product_cat":[215,267],"product_tag":[],"class_list":{"0":"post-14410","1":"product","2":"type-product","3":"status-publish","4":"has-post-thumbnail","6":"product_cat-bungee-trampolin-objekti","7":"product_cat-pojasevi-za-skakanje","9":"first","10":"instock","11":"taxable","12":"shipping-taxable","13":"product-type-simple"},"acf":[],"_links":{"self":[{"href":"https:\/\/freizeit-technik.de\/hr\/wp-json\/wp\/v2\/product\/14410","targetHints":{"allow":["GET"]}}],"collection":[{"href":"https:\/\/freizeit-technik.de\/hr\/wp-json\/wp\/v2\/product"}],"about":[{"href":"https:\/\/freizeit-technik.de\/hr\/wp-json\/wp\/v2\/types\/product"}],"replies":[{"embeddable":true,"href":"https:\/\/freizeit-technik.de\/hr\/wp-json\/wp\/v2\/comments?post=14410"}],"wp:featuredmedia":[{"embeddable":true,"href":"https:\/\/freizeit-technik.de\/hr\/wp-json\/wp\/v2\/media\/14412"}],"wp:attachment":[{"href":"https:\/\/freizeit-technik.de\/hr\/wp-json\/wp\/v2\/media?parent=14410"}],"wp:term":[{"taxonomy":"product_brand","embeddable":true,"href":"https:\/\/freizeit-technik.de\/hr\/wp-json\/wp\/v2\/product_brand?post=14410"},{"taxonomy":"product_cat","embeddable":true,"href":"https:\/\/freizeit-technik.de\/hr\/wp-json\/wp\/v2\/product_cat?post=14410"},{"taxonomy":"product_tag","embeddable":true,"href":"https:\/\/freizeit-technik.de\/hr\/wp-json\/wp\/v2\/product_tag?post=14410"}],"curies":[{"name":"wp","href":"https:\/\/api.w.org\/{rel}","templated":true}]}}