{"id":14448,"date":"2012-05-04T13:37:32","date_gmt":"2012-05-04T11:37:32","guid":{"rendered":"https:\/\/freizeit-technik.de\/shop\/trampolin-s-elasticnim-pojasom-za-skakanje-tipa-3-velicina-l\/"},"modified":"2026-04-25T22:19:21","modified_gmt":"2026-04-25T20:19:21","slug":"trampolin-s-elasticnim-pojasom-za-skakanje-tipa-3-velicina-l","status":"publish","type":"product","link":"https:\/\/freizeit-technik.de\/hr\/shop\/trampolin-s-elasticnim-pojasom-za-skakanje-tipa-3-velicina-l\/","title":{"rendered":"Trampolin s elasti\u010dnim pojasom za skakanje tipa 3, veli\u010dina L"},"content":{"rendered":"<p><strong>Ispitivanja nosivosti: u skladu s DIN EN 813<\/strong><\/p>\n","protected":false},"excerpt":{"rendered":"<p>Trake za bungee trampolin tipa 3 imaju istu konstrukciju kao i tip 2, ali su izra\u0111ene od razli\u010ditih materijala i imaju malo druga\u010diji oblik podloge.<br \/>\n Dijelovi nogu su me\u0111usobno povezani; to\u010dke pri\u010dvr\u0161\u0107ivanja su duboke i paralelne.<br \/>\n Veli\u010dine pojaseva za skakanje tipa 3 analogne su veli\u010dinama pojaseva tipa 1.<\/p>\n","protected":false},"featured_media":14451,"comment_status":"open","ping_status":"closed","template":"","meta":{"_acf_changed":false},"product_brand":[],"product_cat":[275,267],"product_tag":[],"class_list":{"0":"post-14448","1":"product","2":"type-product","3":"status-publish","4":"has-post-thumbnail","6":"product_cat-nekategorizirano","7":"product_cat-pojasevi-za-skakanje","9":"first","10":"instock","11":"taxable","12":"shipping-taxable","13":"product-type-simple"},"acf":[],"_links":{"self":[{"href":"https:\/\/freizeit-technik.de\/hr\/wp-json\/wp\/v2\/product\/14448","targetHints":{"allow":["GET"]}}],"collection":[{"href":"https:\/\/freizeit-technik.de\/hr\/wp-json\/wp\/v2\/product"}],"about":[{"href":"https:\/\/freizeit-technik.de\/hr\/wp-json\/wp\/v2\/types\/product"}],"replies":[{"embeddable":true,"href":"https:\/\/freizeit-technik.de\/hr\/wp-json\/wp\/v2\/comments?post=14448"}],"wp:featuredmedia":[{"embeddable":true,"href":"https:\/\/freizeit-technik.de\/hr\/wp-json\/wp\/v2\/media\/14451"}],"wp:attachment":[{"href":"https:\/\/freizeit-technik.de\/hr\/wp-json\/wp\/v2\/media?parent=14448"}],"wp:term":[{"taxonomy":"product_brand","embeddable":true,"href":"https:\/\/freizeit-technik.de\/hr\/wp-json\/wp\/v2\/product_brand?post=14448"},{"taxonomy":"product_cat","embeddable":true,"href":"https:\/\/freizeit-technik.de\/hr\/wp-json\/wp\/v2\/product_cat?post=14448"},{"taxonomy":"product_tag","embeddable":true,"href":"https:\/\/freizeit-technik.de\/hr\/wp-json\/wp\/v2\/product_tag?post=14448"}],"curies":[{"name":"wp","href":"https:\/\/api.w.org\/{rel}","templated":true}]}}