{"id":14456,"date":"2012-06-01T13:41:41","date_gmt":"2012-06-01T11:41:41","guid":{"rendered":"https:\/\/freizeit-technik.de\/shop\/trampolin-s-elasticnim-pojasom-za-skakanje-tipa-3-m\/"},"modified":"2026-04-25T22:19:24","modified_gmt":"2026-04-25T20:19:24","slug":"trampolin-s-elasticnim-pojasom-za-skakanje-tipa-3-m","status":"publish","type":"product","link":"https:\/\/freizeit-technik.de\/hr\/shop\/trampolin-s-elasticnim-pojasom-za-skakanje-tipa-3-m\/","title":{"rendered":"Trampolin s elasti\u010dnim pojasom za skakanje tipa 3, M"},"content":{"rendered":"<p><strong>Ispitivanja nosivosti: u skladu s DIN EN 813<\/strong><\/p>\n","protected":false},"excerpt":{"rendered":"<p>Trake za bungee trampolin tipa 3 imaju istu konstrukciju kao i tip 2, ali su izra\u0111ene od razli\u010ditih materijala i imaju malo druga\u010diji oblik podloge.<br \/>\n Dijelovi nogu su me\u0111usobno povezani; to\u010dke pri\u010dvr\u0161\u0107ivanja su duboke i paralelne.<br \/>\n Veli\u010dine pojaseva za skakanje tipa 3 analogne su veli\u010dinama pojaseva tipa 1.<\/p>\n","protected":false},"featured_media":14459,"comment_status":"open","ping_status":"closed","template":"","meta":{"_acf_changed":false},"product_brand":[],"product_cat":[267],"product_tag":[],"class_list":{"0":"post-14456","1":"product","2":"type-product","3":"status-publish","4":"has-post-thumbnail","6":"product_cat-pojasevi-za-skakanje","8":"first","9":"instock","10":"taxable","11":"shipping-taxable","12":"product-type-simple"},"acf":[],"_links":{"self":[{"href":"https:\/\/freizeit-technik.de\/hr\/wp-json\/wp\/v2\/product\/14456","targetHints":{"allow":["GET"]}}],"collection":[{"href":"https:\/\/freizeit-technik.de\/hr\/wp-json\/wp\/v2\/product"}],"about":[{"href":"https:\/\/freizeit-technik.de\/hr\/wp-json\/wp\/v2\/types\/product"}],"replies":[{"embeddable":true,"href":"https:\/\/freizeit-technik.de\/hr\/wp-json\/wp\/v2\/comments?post=14456"}],"wp:featuredmedia":[{"embeddable":true,"href":"https:\/\/freizeit-technik.de\/hr\/wp-json\/wp\/v2\/media\/14459"}],"wp:attachment":[{"href":"https:\/\/freizeit-technik.de\/hr\/wp-json\/wp\/v2\/media?parent=14456"}],"wp:term":[{"taxonomy":"product_brand","embeddable":true,"href":"https:\/\/freizeit-technik.de\/hr\/wp-json\/wp\/v2\/product_brand?post=14456"},{"taxonomy":"product_cat","embeddable":true,"href":"https:\/\/freizeit-technik.de\/hr\/wp-json\/wp\/v2\/product_cat?post=14456"},{"taxonomy":"product_tag","embeddable":true,"href":"https:\/\/freizeit-technik.de\/hr\/wp-json\/wp\/v2\/product_tag?post=14456"}],"curies":[{"name":"wp","href":"https:\/\/api.w.org\/{rel}","templated":true}]}}