{"id":14526,"date":"2026-04-19T21:02:05","date_gmt":"2026-04-19T19:02:05","guid":{"rendered":"https:\/\/freizeit-technik.de\/shop\/posebna-cijena-velika-remenica-od-nehrdajuceg-celika\/"},"modified":"2026-04-29T12:42:35","modified_gmt":"2026-04-29T10:42:35","slug":"posebna-cijena-velika-remenica-od-nehrdajuceg-celika","status":"publish","type":"product","link":"https:\/\/freizeit-technik.de\/hr\/shop\/posebna-cijena-velika-remenica-od-nehrdajuceg-celika\/","title":{"rendered":"Posebna cijena: velika remenica od nehr\u0111aju\u0107eg \u010delika"},"content":{"rendered":"","protected":false},"excerpt":{"rendered":"<p class=\"productSubtitle\">Velika remenica od nehr\u0111aju\u0107eg \u010delika s kugli\u010dnim le\u017eajem.<br \/>\n Posebno glatko kretanje za u\u017ead do 9,5 mm.<br \/>\n Nije certificirano, nije odobreno za no\u0161enje\/dr\u017eanje\/vu\u010denje osoba.<br \/>\n Rasprodaja po posebnim cijenama.<\/p>\n","protected":false},"featured_media":10801,"comment_status":"open","ping_status":"closed","template":"","meta":{"_acf_changed":false},"product_brand":[],"product_cat":[215,234],"product_tag":[],"class_list":{"0":"post-14526","1":"product","2":"type-product","3":"status-publish","4":"has-post-thumbnail","6":"product_cat-bungee-trampolin-objekti","7":"product_cat-karabineri-i-drustvo","9":"first","10":"instock","11":"taxable","12":"shipping-taxable","13":"purchasable","14":"product-type-simple"},"acf":[],"_links":{"self":[{"href":"https:\/\/freizeit-technik.de\/hr\/wp-json\/wp\/v2\/product\/14526","targetHints":{"allow":["GET"]}}],"collection":[{"href":"https:\/\/freizeit-technik.de\/hr\/wp-json\/wp\/v2\/product"}],"about":[{"href":"https:\/\/freizeit-technik.de\/hr\/wp-json\/wp\/v2\/types\/product"}],"replies":[{"embeddable":true,"href":"https:\/\/freizeit-technik.de\/hr\/wp-json\/wp\/v2\/comments?post=14526"}],"wp:featuredmedia":[{"embeddable":true,"href":"https:\/\/freizeit-technik.de\/hr\/wp-json\/wp\/v2\/media\/10801"}],"wp:attachment":[{"href":"https:\/\/freizeit-technik.de\/hr\/wp-json\/wp\/v2\/media?parent=14526"}],"wp:term":[{"taxonomy":"product_brand","embeddable":true,"href":"https:\/\/freizeit-technik.de\/hr\/wp-json\/wp\/v2\/product_brand?post=14526"},{"taxonomy":"product_cat","embeddable":true,"href":"https:\/\/freizeit-technik.de\/hr\/wp-json\/wp\/v2\/product_cat?post=14526"},{"taxonomy":"product_tag","embeddable":true,"href":"https:\/\/freizeit-technik.de\/hr\/wp-json\/wp\/v2\/product_tag?post=14526"}],"curies":[{"name":"wp","href":"https:\/\/api.w.org\/{rel}","templated":true}]}}