{"id":14532,"date":"2026-04-12T11:59:26","date_gmt":"2026-04-12T09:59:26","guid":{"rendered":"https:\/\/freizeit-technik.de\/shop\/stakloplastika-za-bocne-mreze-s-uzicom-za-zatezanje\/"},"modified":"2026-04-29T12:43:22","modified_gmt":"2026-04-29T10:43:22","slug":"stakloplastika-za-bocne-mreze-s-uzicom-za-zatezanje","status":"publish","type":"product","link":"https:\/\/freizeit-technik.de\/hr\/shop\/stakloplastika-za-bocne-mreze-s-uzicom-za-zatezanje\/","title":{"rendered":"Stakloplastika za bo\u010dne mre\u017ee s uzicom za zatezanje"},"content":{"rendered":"<p>&nbsp;<\/p>\n<p>&nbsp;<\/p>\n","protected":false},"excerpt":{"rendered":"<p>Stakloplastika debljine 5 mm, duljine 3 m, za tunelske sustave bo\u010dnih mre\u017ea bez penjanja. Mogu\u0107a je dostava izrezana na veli\u010dinu za ekonomi\u010dniju dostavu. <\/p>\n","protected":false},"featured_media":9860,"comment_status":"open","ping_status":"closed","template":"","meta":{"_acf_changed":false},"product_brand":[],"product_cat":[257,256,216],"product_tag":[],"class_list":{"0":"post-14532","1":"product","2":"type-product","3":"status-publish","4":"has-post-thumbnail","6":"product_cat-bocne-mreze-za-trampolin","7":"product_cat-pribor-za-igralista","8":"product_cat-razno","10":"first","11":"instock","12":"taxable","13":"shipping-taxable","14":"purchasable","15":"product-type-simple"},"acf":[],"_links":{"self":[{"href":"https:\/\/freizeit-technik.de\/hr\/wp-json\/wp\/v2\/product\/14532","targetHints":{"allow":["GET"]}}],"collection":[{"href":"https:\/\/freizeit-technik.de\/hr\/wp-json\/wp\/v2\/product"}],"about":[{"href":"https:\/\/freizeit-technik.de\/hr\/wp-json\/wp\/v2\/types\/product"}],"replies":[{"embeddable":true,"href":"https:\/\/freizeit-technik.de\/hr\/wp-json\/wp\/v2\/comments?post=14532"}],"wp:featuredmedia":[{"embeddable":true,"href":"https:\/\/freizeit-technik.de\/hr\/wp-json\/wp\/v2\/media\/9860"}],"wp:attachment":[{"href":"https:\/\/freizeit-technik.de\/hr\/wp-json\/wp\/v2\/media?parent=14532"}],"wp:term":[{"taxonomy":"product_brand","embeddable":true,"href":"https:\/\/freizeit-technik.de\/hr\/wp-json\/wp\/v2\/product_brand?post=14532"},{"taxonomy":"product_cat","embeddable":true,"href":"https:\/\/freizeit-technik.de\/hr\/wp-json\/wp\/v2\/product_cat?post=14532"},{"taxonomy":"product_tag","embeddable":true,"href":"https:\/\/freizeit-technik.de\/hr\/wp-json\/wp\/v2\/product_tag?post=14532"}],"curies":[{"name":"wp","href":"https:\/\/api.w.org\/{rel}","templated":true}]}}