{"id":14594,"date":"2026-04-09T12:13:07","date_gmt":"2026-04-09T10:13:07","guid":{"rendered":"https:\/\/freizeit-technik.de\/shop\/cicak-traka-rola-od-25-m-samoljepljiva-sirine-50-mm\/"},"modified":"2026-04-29T12:45:21","modified_gmt":"2026-04-29T10:45:21","slug":"cicak-traka-rola-od-25-m-samoljepljiva-sirine-50-mm","status":"publish","type":"product","link":"https:\/\/freizeit-technik.de\/hr\/shop\/cicak-traka-rola-od-25-m-samoljepljiva-sirine-50-mm\/","title":{"rendered":"\u010ci\u010dak traka, rola od 25 m, samoljepljiva, \u0161irine 50 mm"},"content":{"rendered":"","protected":false},"excerpt":{"rendered":"<p>Samoljepljiva \u010di\u010dak traka s PS18 akrilatnim ljepilom, industrijska kvaliteta. Za PVC cerade, drvo, staklo i metal.<br \/>\n Nije prikladno za polipropilen i polietilen. <\/p>\n","protected":false},"featured_media":9922,"comment_status":"open","ping_status":"closed","template":"","meta":{"_acf_changed":false},"product_brand":[],"product_cat":[283,256,216,187],"product_tag":[],"class_list":{"0":"post-14594","1":"product","2":"type-product","3":"status-publish","4":"has-post-thumbnail","6":"product_cat-oprema-za-unutarnja-igralista-i-dogadaje","7":"product_cat-pribor-za-igralista","8":"product_cat-razno","9":"product_cat-trampolin-park-i-trampolinski-sadrzaji","11":"first","12":"instock","13":"taxable","14":"shipping-taxable","15":"purchasable","16":"product-type-simple"},"acf":[],"_links":{"self":[{"href":"https:\/\/freizeit-technik.de\/hr\/wp-json\/wp\/v2\/product\/14594","targetHints":{"allow":["GET"]}}],"collection":[{"href":"https:\/\/freizeit-technik.de\/hr\/wp-json\/wp\/v2\/product"}],"about":[{"href":"https:\/\/freizeit-technik.de\/hr\/wp-json\/wp\/v2\/types\/product"}],"replies":[{"embeddable":true,"href":"https:\/\/freizeit-technik.de\/hr\/wp-json\/wp\/v2\/comments?post=14594"}],"wp:featuredmedia":[{"embeddable":true,"href":"https:\/\/freizeit-technik.de\/hr\/wp-json\/wp\/v2\/media\/9922"}],"wp:attachment":[{"href":"https:\/\/freizeit-technik.de\/hr\/wp-json\/wp\/v2\/media?parent=14594"}],"wp:term":[{"taxonomy":"product_brand","embeddable":true,"href":"https:\/\/freizeit-technik.de\/hr\/wp-json\/wp\/v2\/product_brand?post=14594"},{"taxonomy":"product_cat","embeddable":true,"href":"https:\/\/freizeit-technik.de\/hr\/wp-json\/wp\/v2\/product_cat?post=14594"},{"taxonomy":"product_tag","embeddable":true,"href":"https:\/\/freizeit-technik.de\/hr\/wp-json\/wp\/v2\/product_tag?post=14594"}],"curies":[{"name":"wp","href":"https:\/\/api.w.org\/{rel}","templated":true}]}}