{"id":14600,"date":"2026-04-12T15:21:32","date_gmt":"2026-04-12T13:21:32","guid":{"rendered":"https:\/\/freizeit-technik.de\/shop\/cijevna-podloga-100-mm-60-mm\/"},"modified":"2026-04-30T09:05:46","modified_gmt":"2026-04-30T07:05:46","slug":"cijevna-podloga-100-mm-60-mm","status":"publish","type":"product","link":"https:\/\/freizeit-technik.de\/hr\/shop\/cijevna-podloga-100-mm-60-mm\/","title":{"rendered":"Cijevna podloga 100 mm\/60 mm"},"content":{"rendered":"","protected":false},"excerpt":{"rendered":"<p>Cijevni jastuci s unutarnjim promjerom 60 mm i vanjskim promjerom 100 mm.<br \/>\n Koriste se, izme\u0111u ostalog, na mre\u017enim stupovima sustava s vi\u0161e trampolina.<br \/>\n Za ove jastuke za cijevi izra\u0111ujemo po zasebnoj narud\u017ebi obojene PVC ceradne trake, koje se postavljaju oko jastuka za cijevi i zatvaraju pri\u0161ivenim \u010di\u010dak trakama.<\/p>\n<p>Jedna kutija sadr\u017ei 20 jastu\u010di\u0107a za cijevi, svaki duljine 2 m, tj. 40 metara.<br \/>\n Isporu\u010duje se u punim kartonima<\/p>\n<p><strong>Molimo vas da obratite pozornost na na\u0161e vi\u0161eslojne cijene.<\/strong><\/p>\n<p>1 jedinica = 112,00 \u20ac + 70,00 \u20ac tro\u0161kovi dostave<\/p>\n<p>2 PU = 108,00 \u20ac po PU + 50,00 \u20ac tro\u0161kovi dostave po PU<\/p>\n<p>3 PU = 104,00 \u20ac po PU + 40,00 \u20ac tro\u0161kovi dostave po PU<\/p>\n<p>4 PU = 100,00 \u20ac po PU + 35,00 \u20ac tro\u0161kovi dostave po PU<\/p>\n","protected":false},"featured_media":9827,"comment_status":"open","ping_status":"closed","template":"","meta":{"_acf_changed":false},"product_brand":[],"product_cat":[257,283,256,216],"product_tag":[],"class_list":{"0":"post-14600","1":"product","2":"type-product","3":"status-publish","4":"has-post-thumbnail","6":"product_cat-bocne-mreze-za-trampolin","7":"product_cat-oprema-za-unutarnja-igralista-i-dogadaje","8":"product_cat-pribor-za-igralista","9":"product_cat-razno","11":"first","12":"instock","13":"taxable","14":"shipping-taxable","15":"purchasable","16":"product-type-variable"},"acf":[],"_links":{"self":[{"href":"https:\/\/freizeit-technik.de\/hr\/wp-json\/wp\/v2\/product\/14600","targetHints":{"allow":["GET"]}}],"collection":[{"href":"https:\/\/freizeit-technik.de\/hr\/wp-json\/wp\/v2\/product"}],"about":[{"href":"https:\/\/freizeit-technik.de\/hr\/wp-json\/wp\/v2\/types\/product"}],"replies":[{"embeddable":true,"href":"https:\/\/freizeit-technik.de\/hr\/wp-json\/wp\/v2\/comments?post=14600"}],"wp:featuredmedia":[{"embeddable":true,"href":"https:\/\/freizeit-technik.de\/hr\/wp-json\/wp\/v2\/media\/9827"}],"wp:attachment":[{"href":"https:\/\/freizeit-technik.de\/hr\/wp-json\/wp\/v2\/media?parent=14600"}],"wp:term":[{"taxonomy":"product_brand","embeddable":true,"href":"https:\/\/freizeit-technik.de\/hr\/wp-json\/wp\/v2\/product_brand?post=14600"},{"taxonomy":"product_cat","embeddable":true,"href":"https:\/\/freizeit-technik.de\/hr\/wp-json\/wp\/v2\/product_cat?post=14600"},{"taxonomy":"product_tag","embeddable":true,"href":"https:\/\/freizeit-technik.de\/hr\/wp-json\/wp\/v2\/product_tag?post=14600"}],"curies":[{"name":"wp","href":"https:\/\/api.w.org\/{rel}","templated":true}]}}