{"id":14643,"date":"2026-04-12T10:39:20","date_gmt":"2026-04-12T08:39:20","guid":{"rendered":"https:\/\/freizeit-technik.de\/shop\/bungee-konektori-za-playpad-ove\/"},"modified":"2026-04-30T09:07:24","modified_gmt":"2026-04-30T07:07:24","slug":"bungee-konektori-za-playpad-ove","status":"publish","type":"product","link":"https:\/\/freizeit-technik.de\/hr\/shop\/bungee-konektori-za-playpad-ove\/","title":{"rendered":"Bungee konektori za Playpad-ove"},"content":{"rendered":"","protected":false},"excerpt":{"rendered":"<p>Crni elasti\u010dni konektori za pri\u010dvr\u0161\u0107ivanje banera, jastuka, mre\u017ea koje nisu relevantne za sigurnost itd. na igrali\u0161ta promjera 85 mm.<\/p>\n<p>&nbsp;<\/p>\n<p>&nbsp;<\/p>\n","protected":false},"featured_media":14644,"comment_status":"open","ping_status":"closed","template":"","meta":{"_acf_changed":false},"product_brand":[],"product_cat":[257,283,256,216,187],"product_tag":[],"class_list":{"0":"post-14643","1":"product","2":"type-product","3":"status-publish","4":"has-post-thumbnail","6":"product_cat-bocne-mreze-za-trampolin","7":"product_cat-oprema-za-unutarnja-igralista-i-dogadaje","8":"product_cat-pribor-za-igralista","9":"product_cat-razno","10":"product_cat-trampolin-park-i-trampolinski-sadrzaji","12":"first","13":"instock","14":"taxable","15":"shipping-taxable","16":"purchasable","17":"product-type-simple"},"acf":[],"_links":{"self":[{"href":"https:\/\/freizeit-technik.de\/hr\/wp-json\/wp\/v2\/product\/14643","targetHints":{"allow":["GET"]}}],"collection":[{"href":"https:\/\/freizeit-technik.de\/hr\/wp-json\/wp\/v2\/product"}],"about":[{"href":"https:\/\/freizeit-technik.de\/hr\/wp-json\/wp\/v2\/types\/product"}],"replies":[{"embeddable":true,"href":"https:\/\/freizeit-technik.de\/hr\/wp-json\/wp\/v2\/comments?post=14643"}],"wp:featuredmedia":[{"embeddable":true,"href":"https:\/\/freizeit-technik.de\/hr\/wp-json\/wp\/v2\/media\/14644"}],"wp:attachment":[{"href":"https:\/\/freizeit-technik.de\/hr\/wp-json\/wp\/v2\/media?parent=14643"}],"wp:term":[{"taxonomy":"product_brand","embeddable":true,"href":"https:\/\/freizeit-technik.de\/hr\/wp-json\/wp\/v2\/product_brand?post=14643"},{"taxonomy":"product_cat","embeddable":true,"href":"https:\/\/freizeit-technik.de\/hr\/wp-json\/wp\/v2\/product_cat?post=14643"},{"taxonomy":"product_tag","embeddable":true,"href":"https:\/\/freizeit-technik.de\/hr\/wp-json\/wp\/v2\/product_tag?post=14643"}],"curies":[{"name":"wp","href":"https:\/\/api.w.org\/{rel}","templated":true}]}}