{"id":14667,"date":"2026-04-12T11:50:37","date_gmt":"2026-04-12T09:50:37","guid":{"rendered":"https:\/\/freizeit-technik.de\/shop\/vezni-konopac-3mm-pe-crni-260m\/"},"modified":"2026-04-30T09:07:48","modified_gmt":"2026-04-30T07:07:48","slug":"vezni-konopac-3mm-pe-crni-260m","status":"publish","type":"product","link":"https:\/\/freizeit-technik.de\/hr\/shop\/vezni-konopac-3mm-pe-crni-260m\/","title":{"rendered":"Vezni konopac 3mm PE crni, 260m"},"content":{"rendered":"<p><strong>Duljina: 260 m<br \/>\n Debljina: 3 mm<br \/>\n Materijal: PE<\/strong><\/p>\n","protected":false},"excerpt":{"rendered":"<p>Idealno za integraciju za\u0161titnih mre\u017ea u sportske i igrali\u0161ne konstrukcije.<\/p>\n","protected":false},"featured_media":14668,"comment_status":"open","ping_status":"closed","template":"","meta":{"_acf_changed":false},"product_brand":[],"product_cat":[257,256,216,187],"product_tag":[],"class_list":{"0":"post-14667","1":"product","2":"type-product","3":"status-publish","4":"has-post-thumbnail","6":"product_cat-bocne-mreze-za-trampolin","7":"product_cat-pribor-za-igralista","8":"product_cat-razno","9":"product_cat-trampolin-park-i-trampolinski-sadrzaji","11":"first","12":"instock","13":"taxable","14":"shipping-taxable","15":"purchasable","16":"product-type-simple"},"acf":[],"_links":{"self":[{"href":"https:\/\/freizeit-technik.de\/hr\/wp-json\/wp\/v2\/product\/14667","targetHints":{"allow":["GET"]}}],"collection":[{"href":"https:\/\/freizeit-technik.de\/hr\/wp-json\/wp\/v2\/product"}],"about":[{"href":"https:\/\/freizeit-technik.de\/hr\/wp-json\/wp\/v2\/types\/product"}],"replies":[{"embeddable":true,"href":"https:\/\/freizeit-technik.de\/hr\/wp-json\/wp\/v2\/comments?post=14667"}],"wp:featuredmedia":[{"embeddable":true,"href":"https:\/\/freizeit-technik.de\/hr\/wp-json\/wp\/v2\/media\/14668"}],"wp:attachment":[{"href":"https:\/\/freizeit-technik.de\/hr\/wp-json\/wp\/v2\/media?parent=14667"}],"wp:term":[{"taxonomy":"product_brand","embeddable":true,"href":"https:\/\/freizeit-technik.de\/hr\/wp-json\/wp\/v2\/product_brand?post=14667"},{"taxonomy":"product_cat","embeddable":true,"href":"https:\/\/freizeit-technik.de\/hr\/wp-json\/wp\/v2\/product_cat?post=14667"},{"taxonomy":"product_tag","embeddable":true,"href":"https:\/\/freizeit-technik.de\/hr\/wp-json\/wp\/v2\/product_tag?post=14667"}],"curies":[{"name":"wp","href":"https:\/\/api.w.org\/{rel}","templated":true}]}}