{"id":14746,"date":"2026-03-15T12:00:14","date_gmt":"2026-03-15T11:00:14","guid":{"rendered":"https:\/\/freizeit-technik.de\/shop\/allround-opruga-za-trampolin-br-2a-260-mm-oe-29-mm\/"},"modified":"2026-04-30T09:23:03","modified_gmt":"2026-04-30T07:23:03","slug":"allround-opruga-za-trampolin-br-2a-260-mm-oe-29-mm","status":"publish","type":"product","link":"https:\/\/freizeit-technik.de\/hr\/shop\/allround-opruga-za-trampolin-br-2a-260-mm-oe-29-mm\/","title":{"rendered":"&#8220;Allround&#8221; opruga za trampolin br. 2a, 260 mm \u00d8 29 mm"},"content":{"rendered":"<p><strong>Duljina: 260 mm<br \/>\n Promjer: 29 mm<br \/>\n Kategorija: Svestrano<br \/>\n Izvedba bacanja: ++++<br \/>\n Razina tvrdo\u0107e: +++<\/strong><br \/>\n <strong>Optimalna prosje\u010dna te\u017eina korisnika: 30 &#8211; 90 kg<br \/>\n<\/strong> (Maksimalna nosivost ve\u0107a)<\/p>\n","protected":false},"excerpt":{"rendered":"<p>Opruge za trampolin \u201eAllround\u201c br. 2a su prvi izbor kada se koriste za \u0161iroku ciljnu skupinu, pod uvjetom da imaju dovoljno podloge.<br \/>\n Srednje mekana i dinami\u010dna, vrlo se dobro kombinira sa svim vrstama prostirki za trampolin. Kombinacija s prostirkom za trampolin tipa 2 posebno je popularna i pokazala se vrlo uspje\u0161nom. <\/p>\n<p>Oprugu br. 2a standardno koristimo na modulima za trampolin u na\u0161im sustavima s vi\u0161e trampolina.<br \/>\n Pogodno za trampolin sustave razli\u010ditih proizvo\u0111a\u010da.<\/p>\n<p>Jedna transportna jedinica sadr\u017ei 100 opruga.<br \/>\n Za optimizaciju tro\u0161kova dostave, unesite koli\u010dinu koja je <strong>djeljiva sa 100<\/strong> .<\/p>\n<p><strong>Proces naru\u010divanja<\/strong><br \/>\n Prvo odaberite cjenovnu kategoriju na temelju ukupnog broja potrebnih opruga za trampolin ove vrste.<br \/>\n Zatim unesite to\u010dan broj opruga koje su vam potrebne.<br \/>\n Uneseni broj opruga mora biti unutar raspona odabrane cjenovne kategorije.<\/p>\n","protected":false},"featured_media":14747,"comment_status":"open","ping_status":"closed","template":"","meta":{"_acf_changed":false},"product_brand":[],"product_cat":[288,187],"product_tag":[],"class_list":{"0":"post-14746","1":"product","2":"type-product","3":"status-publish","4":"has-post-thumbnail","6":"product_cat-opruge-za-trampolin","7":"product_cat-trampolin-park-i-trampolinski-sadrzaji","9":"first","10":"instock","11":"taxable","12":"shipping-taxable","13":"purchasable","14":"product-type-variable"},"acf":[],"_links":{"self":[{"href":"https:\/\/freizeit-technik.de\/hr\/wp-json\/wp\/v2\/product\/14746","targetHints":{"allow":["GET"]}}],"collection":[{"href":"https:\/\/freizeit-technik.de\/hr\/wp-json\/wp\/v2\/product"}],"about":[{"href":"https:\/\/freizeit-technik.de\/hr\/wp-json\/wp\/v2\/types\/product"}],"replies":[{"embeddable":true,"href":"https:\/\/freizeit-technik.de\/hr\/wp-json\/wp\/v2\/comments?post=14746"}],"wp:featuredmedia":[{"embeddable":true,"href":"https:\/\/freizeit-technik.de\/hr\/wp-json\/wp\/v2\/media\/14747"}],"wp:attachment":[{"href":"https:\/\/freizeit-technik.de\/hr\/wp-json\/wp\/v2\/media?parent=14746"}],"wp:term":[{"taxonomy":"product_brand","embeddable":true,"href":"https:\/\/freizeit-technik.de\/hr\/wp-json\/wp\/v2\/product_brand?post=14746"},{"taxonomy":"product_cat","embeddable":true,"href":"https:\/\/freizeit-technik.de\/hr\/wp-json\/wp\/v2\/product_cat?post=14746"},{"taxonomy":"product_tag","embeddable":true,"href":"https:\/\/freizeit-technik.de\/hr\/wp-json\/wp\/v2\/product_tag?post=14746"}],"curies":[{"name":"wp","href":"https:\/\/api.w.org\/{rel}","templated":true}]}}