{"id":14780,"date":"2026-03-22T10:29:49","date_gmt":"2026-03-22T09:29:49","guid":{"rendered":"https:\/\/freizeit-technik.de\/shop\/posebna-ponuda-mobilni-pravokutni-trampolin-proline-23-posebna-cijena-potpuno-novo-preuzimanje-u-stuttgartu\/"},"modified":"2026-04-30T09:23:25","modified_gmt":"2026-04-30T07:23:25","slug":"posebna-ponuda-mobilni-pravokutni-trampolin-proline-23-posebna-cijena-potpuno-novo-preuzimanje-u-stuttgartu","status":"publish","type":"product","link":"https:\/\/freizeit-technik.de\/hr\/shop\/posebna-ponuda-mobilni-pravokutni-trampolin-proline-23-posebna-cijena-potpuno-novo-preuzimanje-u-stuttgartu\/","title":{"rendered":"Posebna ponuda: &#8220;Mobilni&#8221; pravokutni trampolin Proline 23, posebna cijena, potpuno novo. Preuzimanje u Stuttgartu."},"content":{"rendered":"<div class=\"ui-tabs-panel ui-widget-content ui-corner-bottom ui-tabs-hide\"><span class=\"tx-ttproducts-pi1-wrap2\"><strong><img loading=\"lazy\" decoding=\"async\" src=\"http:\/\/shop.freizeit-technik.de\/images\/content\/tuevgs.jpg\" alt=\"\" width=\"70\" height=\"32\" align=\"absMiddle\"><\/strong><\/span><\/div>\n<div id=\"tab_fragment_1\" class=\"ui-tabs-panel ui-widget-content ui-corner-bottom ui-tabs-hide\"><span class=\"tx-ttproducts-pi1-wrap2\"><span class=\"tx-ttproducts-pi1-wrap2\"><strong>Dimenzije: 3,00 x 2,30 m<br \/>\n Te\u017eina: 72 kg<br \/>\n Maksimalna te\u017eina korisnika: 120 kg<br \/>\n Debljina cijevi: 2 mm<br \/>\n Broj opruga: 60<br \/>\n Boja poklopca okvira: plava<br \/>\n Debljina podloge: 25 mm<br \/>\n Certifikat: T\u00dcV\/GS<br \/>\n Dimenzije pakiranja: 175 x 47 x 34 cm <\/strong><\/span><\/span><\/div>\n<p>&nbsp;<\/p>\n","protected":false},"excerpt":{"rendered":"<p>Potpuno novo, u originalnom pakiranju. Samo je kartonska kutija malo o\u0161te\u0107ena.<br \/>\n Ovaj trampolin ima sklopive noge i stoga se mo\u017ee prevoziti potpuno sastavljen na prikolici ili u odgovaraju\u0107em vozilu. Za mobilne bungee trampolin sustave, ovo je izvrsno rje\u0161enje, koje \u0161tedi do 50% vremena postavljanja i rastavljanja.  <\/p>\n<p>Trampolini marke Proline uglavnom su po kvaliteti ekvivalentni visokokvalitetnim Jumpfree proizvodima.<\/p>\n<p><strong>Posebnost:<\/strong> Sklopivi Proline 23 proizvodi se ekskluzivno za nas s robusnim plavim okvirom debljine 25 mm.<\/p>\n","protected":false},"featured_media":14774,"comment_status":"open","ping_status":"closed","template":"","meta":{"_acf_changed":false},"product_brand":[],"product_cat":[226,215],"product_tag":[],"class_list":{"0":"post-14780","1":"product","2":"type-product","3":"status-publish","4":"has-post-thumbnail","6":"product_cat-bocni-trampolini","7":"product_cat-bungee-trampolin-objekti","9":"first","10":"instock","11":"taxable","12":"shipping-taxable","13":"purchasable","14":"product-type-simple"},"acf":[],"_links":{"self":[{"href":"https:\/\/freizeit-technik.de\/hr\/wp-json\/wp\/v2\/product\/14780","targetHints":{"allow":["GET"]}}],"collection":[{"href":"https:\/\/freizeit-technik.de\/hr\/wp-json\/wp\/v2\/product"}],"about":[{"href":"https:\/\/freizeit-technik.de\/hr\/wp-json\/wp\/v2\/types\/product"}],"replies":[{"embeddable":true,"href":"https:\/\/freizeit-technik.de\/hr\/wp-json\/wp\/v2\/comments?post=14780"}],"wp:featuredmedia":[{"embeddable":true,"href":"https:\/\/freizeit-technik.de\/hr\/wp-json\/wp\/v2\/media\/14774"}],"wp:attachment":[{"href":"https:\/\/freizeit-technik.de\/hr\/wp-json\/wp\/v2\/media?parent=14780"}],"wp:term":[{"taxonomy":"product_brand","embeddable":true,"href":"https:\/\/freizeit-technik.de\/hr\/wp-json\/wp\/v2\/product_brand?post=14780"},{"taxonomy":"product_cat","embeddable":true,"href":"https:\/\/freizeit-technik.de\/hr\/wp-json\/wp\/v2\/product_cat?post=14780"},{"taxonomy":"product_tag","embeddable":true,"href":"https:\/\/freizeit-technik.de\/hr\/wp-json\/wp\/v2\/product_tag?post=14780"}],"curies":[{"name":"wp","href":"https:\/\/api.w.org\/{rel}","templated":true}]}}