{"id":14800,"date":"2026-03-22T10:30:13","date_gmt":"2026-03-22T09:30:13","guid":{"rendered":"https:\/\/freizeit-technik.de\/shop\/posebna-ponuda-vrtni-trampolin-jumpfree-royal-14-430-1-komad-dostupan-za-preuzimanje-u-nasem-skladistu-u-stuttgartu\/"},"modified":"2026-04-30T09:23:43","modified_gmt":"2026-04-30T07:23:43","slug":"posebna-ponuda-vrtni-trampolin-jumpfree-royal-14-430-1-komad-dostupan-za-preuzimanje-u-nasem-skladistu-u-stuttgartu","status":"publish","type":"product","link":"https:\/\/freizeit-technik.de\/hr\/shop\/posebna-ponuda-vrtni-trampolin-jumpfree-royal-14-430-1-komad-dostupan-za-preuzimanje-u-nasem-skladistu-u-stuttgartu\/","title":{"rendered":"Posebna ponuda: Vrtni trampolin Jumpfree Royal 14&#8221; (4,30), 1 komad, dostupan za preuzimanje u na\u0161em skladi\u0161tu u Stuttgartu"},"content":{"rendered":"<p><strong>Promjer: 4,30 m<br \/>\n Te\u017eina: 100 kg<br \/>\n Maksimalna te\u017eina korisnika: 140 kg<br \/>\n Debljina cijevi: 2 mm<br \/>\n Broj opruga: 104<br \/>\n Boja poklopca okvira: plava<br \/>\n Debljina podloge: 30 mm<br \/>\n Certifikat: T\u00dcV\/GS<\/strong><br \/>\n <strong>Dimenzije pakiranja: 178 x 55 x 43 cm<br \/>\n<\/strong><\/p>\n<p>&nbsp;<\/p>\n<p><strong> <\/strong><\/p>\n","protected":false},"excerpt":{"rendered":"<p>Jumpfree trampolini imaju koristi od desetlje\u0107a iskustva svog legendarnog prethodnika, Jumpkinga (SAD). Na\u0161i veliki, komercijalno kori\u0161teni bungee trampolini isklju\u010divo imaju Jumpfree Exclusive ili Royal trampoline. I to s dobrim razlogom!  <\/p>\n<p>\u0160to se ti\u010de kvalitete, vrtni trampolini Jumpfree postavljaju standard prema kojem se moraju uspore\u0111ivati \u200b\u200bsvi ostali proizvo\u0111a\u010di.<br \/>\n<strong><u>Va\u017ena NAPOMENA:<br \/>\n<\/u><\/strong> Vrtni trampolini i pribor Jumpfree Royal i Proline spadaju u kategoriju &#8220;Premium Line&#8221; kada se koriste s bungee trampolin sustavima. Proizvodi su visoke kvalitete. Me\u0111utim, ovi proizvodi su prikladni samo za komercijalnu upotrebu u kombinaciji s bungee sustavom i ni na koji na\u010din nisu zamjena za profesionalni trampolin sustav (npr. multi-trampolin). Ovi proizvodi nisu dizajnirani za tako te\u0161ku upotrebu!   <\/p>\n","protected":false},"featured_media":14793,"comment_status":"open","ping_status":"closed","template":"","meta":{"_acf_changed":false},"product_brand":[],"product_cat":[226,215],"product_tag":[],"class_list":{"0":"post-14800","1":"product","2":"type-product","3":"status-publish","4":"has-post-thumbnail","6":"product_cat-bocni-trampolini","7":"product_cat-bungee-trampolin-objekti","9":"first","10":"instock","11":"taxable","12":"shipping-taxable","13":"purchasable","14":"product-type-simple"},"acf":[],"_links":{"self":[{"href":"https:\/\/freizeit-technik.de\/hr\/wp-json\/wp\/v2\/product\/14800","targetHints":{"allow":["GET"]}}],"collection":[{"href":"https:\/\/freizeit-technik.de\/hr\/wp-json\/wp\/v2\/product"}],"about":[{"href":"https:\/\/freizeit-technik.de\/hr\/wp-json\/wp\/v2\/types\/product"}],"replies":[{"embeddable":true,"href":"https:\/\/freizeit-technik.de\/hr\/wp-json\/wp\/v2\/comments?post=14800"}],"wp:featuredmedia":[{"embeddable":true,"href":"https:\/\/freizeit-technik.de\/hr\/wp-json\/wp\/v2\/media\/14793"}],"wp:attachment":[{"href":"https:\/\/freizeit-technik.de\/hr\/wp-json\/wp\/v2\/media?parent=14800"}],"wp:term":[{"taxonomy":"product_brand","embeddable":true,"href":"https:\/\/freizeit-technik.de\/hr\/wp-json\/wp\/v2\/product_brand?post=14800"},{"taxonomy":"product_cat","embeddable":true,"href":"https:\/\/freizeit-technik.de\/hr\/wp-json\/wp\/v2\/product_cat?post=14800"},{"taxonomy":"product_tag","embeddable":true,"href":"https:\/\/freizeit-technik.de\/hr\/wp-json\/wp\/v2\/product_tag?post=14800"}],"curies":[{"name":"wp","href":"https:\/\/api.w.org\/{rel}","templated":true}]}}