{"id":14822,"date":"2026-03-30T12:34:16","date_gmt":"2026-03-30T10:34:16","guid":{"rendered":"https:\/\/freizeit-technik.de\/shop\/posebna-cijena-soft-loptice-60-mm-sa-zastitnom-kozom-pakiranje-500-komada-kod-so-2\/"},"modified":"2026-04-30T09:24:02","modified_gmt":"2026-04-30T07:24:02","slug":"posebna-cijena-soft-loptice-60-mm-sa-zastitnom-kozom-pakiranje-500-komada-kod-so-2","status":"publish","type":"product","link":"https:\/\/freizeit-technik.de\/hr\/shop\/posebna-cijena-soft-loptice-60-mm-sa-zastitnom-kozom-pakiranje-500-komada-kod-so-2\/","title":{"rendered":"Posebna cijena: Soft loptice 60 mm, sa za\u0161titnom ko\u017eom, pakiranje: 500 komada, kod: SO-2"},"content":{"rendered":"","protected":false},"excerpt":{"rendered":"<p><strong>Mje\u0161avina boja. Vrlo malo manjih mrlja ili blagih promjena boje. Potpuno upotrebljivo.<br \/>\n Soft loptice karakterizira visoka gusto\u0107a i, posljedi\u010dno, vrlo dobre karakteristike leta.<\/strong><\/p>\n<p> Vanjski, glatki za\u0161titni sloj otporan je na habanje i doprinosi iznadprosje\u010dnoj izdr\u017eljivosti ovih soft lopti.<\/p>\n","protected":false},"featured_media":14823,"comment_status":"open","ping_status":"closed","template":"","meta":{"_acf_changed":false},"product_brand":[],"product_cat":[301,300],"product_tag":[],"class_list":{"0":"post-14822","1":"product","2":"type-product","3":"status-publish","4":"has-post-thumbnail","6":"product_cat-softballi","7":"product_cat-zabavna-pucacina","9":"first","10":"instock","11":"taxable","12":"shipping-taxable","13":"purchasable","14":"product-type-simple"},"acf":[],"_links":{"self":[{"href":"https:\/\/freizeit-technik.de\/hr\/wp-json\/wp\/v2\/product\/14822","targetHints":{"allow":["GET"]}}],"collection":[{"href":"https:\/\/freizeit-technik.de\/hr\/wp-json\/wp\/v2\/product"}],"about":[{"href":"https:\/\/freizeit-technik.de\/hr\/wp-json\/wp\/v2\/types\/product"}],"replies":[{"embeddable":true,"href":"https:\/\/freizeit-technik.de\/hr\/wp-json\/wp\/v2\/comments?post=14822"}],"wp:featuredmedia":[{"embeddable":true,"href":"https:\/\/freizeit-technik.de\/hr\/wp-json\/wp\/v2\/media\/14823"}],"wp:attachment":[{"href":"https:\/\/freizeit-technik.de\/hr\/wp-json\/wp\/v2\/media?parent=14822"}],"wp:term":[{"taxonomy":"product_brand","embeddable":true,"href":"https:\/\/freizeit-technik.de\/hr\/wp-json\/wp\/v2\/product_brand?post=14822"},{"taxonomy":"product_cat","embeddable":true,"href":"https:\/\/freizeit-technik.de\/hr\/wp-json\/wp\/v2\/product_cat?post=14822"},{"taxonomy":"product_tag","embeddable":true,"href":"https:\/\/freizeit-technik.de\/hr\/wp-json\/wp\/v2\/product_tag?post=14822"}],"curies":[{"name":"wp","href":"https:\/\/api.w.org\/{rel}","templated":true}]}}