{"id":14829,"date":"2026-03-30T12:43:23","date_gmt":"2026-03-30T10:43:23","guid":{"rendered":"https:\/\/freizeit-technik.de\/shop\/posebna-cijena-soft-loptice-70-mm-sa-zastitnom-kozom-pakiranje-250-komada-u-narancastoj-boji-kod-so-1\/"},"modified":"2026-04-30T09:24:07","modified_gmt":"2026-04-30T07:24:07","slug":"posebna-cijena-soft-loptice-70-mm-sa-zastitnom-kozom-pakiranje-250-komada-u-narancastoj-boji-kod-so-1","status":"publish","type":"product","link":"https:\/\/freizeit-technik.de\/hr\/shop\/posebna-cijena-soft-loptice-70-mm-sa-zastitnom-kozom-pakiranje-250-komada-u-narancastoj-boji-kod-so-1\/","title":{"rendered":"Posebna cijena: Soft loptice 70 mm, sa za\u0161titnom ko\u017eom, pakiranje: 250 komada u naran\u010dastoj boji, kod SO-1"},"content":{"rendered":"<p>Obi\u010dne soft loptice od 70 mm u naran\u010dastoj boji. 250 komada po posebnoj cijeni. Jednostavno su prepakirane.  <\/p>\n<p>Soft loptice karakterizira visoka gusto\u0107a i, posljedi\u010dno, vrlo dobre karakteristike leta.<br \/>\n<strong>Vanjski, glatki za\u0161titni sloj otporan je na habanje i doprinosi iznadprosje\u010dnoj izdr\u017eljivosti ovih soft lopti.<\/strong><\/p>\n","protected":false},"excerpt":{"rendered":"<p>Obi\u010dne soft loptice od 70 mm u naran\u010dastoj boji. 250 komada po posebnoj cijeni. Jednostavno su prepakirane.  <\/p>\n<p>&nbsp;<\/p>\n<p><strong> <\/strong><\/p>\n","protected":false},"featured_media":14830,"comment_status":"open","ping_status":"closed","template":"","meta":{"_acf_changed":false},"product_brand":[],"product_cat":[301,300],"product_tag":[],"class_list":{"0":"post-14829","1":"product","2":"type-product","3":"status-publish","4":"has-post-thumbnail","6":"product_cat-softballi","7":"product_cat-zabavna-pucacina","9":"first","10":"instock","11":"taxable","12":"shipping-taxable","13":"purchasable","14":"product-type-simple"},"acf":[],"_links":{"self":[{"href":"https:\/\/freizeit-technik.de\/hr\/wp-json\/wp\/v2\/product\/14829","targetHints":{"allow":["GET"]}}],"collection":[{"href":"https:\/\/freizeit-technik.de\/hr\/wp-json\/wp\/v2\/product"}],"about":[{"href":"https:\/\/freizeit-technik.de\/hr\/wp-json\/wp\/v2\/types\/product"}],"replies":[{"embeddable":true,"href":"https:\/\/freizeit-technik.de\/hr\/wp-json\/wp\/v2\/comments?post=14829"}],"wp:featuredmedia":[{"embeddable":true,"href":"https:\/\/freizeit-technik.de\/hr\/wp-json\/wp\/v2\/media\/14830"}],"wp:attachment":[{"href":"https:\/\/freizeit-technik.de\/hr\/wp-json\/wp\/v2\/media?parent=14829"}],"wp:term":[{"taxonomy":"product_brand","embeddable":true,"href":"https:\/\/freizeit-technik.de\/hr\/wp-json\/wp\/v2\/product_brand?post=14829"},{"taxonomy":"product_cat","embeddable":true,"href":"https:\/\/freizeit-technik.de\/hr\/wp-json\/wp\/v2\/product_cat?post=14829"},{"taxonomy":"product_tag","embeddable":true,"href":"https:\/\/freizeit-technik.de\/hr\/wp-json\/wp\/v2\/product_tag?post=14829"}],"curies":[{"name":"wp","href":"https:\/\/api.w.org\/{rel}","templated":true}]}}