{"id":14867,"date":"2026-03-15T09:08:43","date_gmt":"2026-03-15T08:08:43","guid":{"rendered":"https:\/\/freizeit-technik.de\/shop\/opruga-trampolina-allround-br-3-235-mm-oe-29-mm\/"},"modified":"2026-04-30T09:24:27","modified_gmt":"2026-04-30T07:24:27","slug":"opruga-trampolina-allround-br-3-235-mm-oe-29-mm","status":"publish","type":"product","link":"https:\/\/freizeit-technik.de\/hr\/shop\/opruga-trampolina-allround-br-3-235-mm-oe-29-mm\/","title":{"rendered":"Opruga trampolina &#8220;Allround&#8221; br. 3, 235 mm \u00d8 29 mm"},"content":{"rendered":"<p><strong>Duljina: 235 mm<br \/>\n Promjer: 29 mm<br \/>\n Kategorija: Svestrano<br \/>\n Izvedba bacanja: ++++<br \/>\n Razina tvrdo\u0107e: +++<\/strong><br \/>\n <strong>Optimalna prosje\u010dna te\u017eina korisnika: 30 &#8211; 90 kg<br \/>\n<\/strong> (Maksimalna nosivost ve\u0107a)<\/p>\n","protected":false},"excerpt":{"rendered":"<p>Na\u0161e trampolin opruge br. 3 nude sli\u010dno dobra svojstva kao i na\u0161e trampolin opruge br. 2a. Tako\u0111er su vrlo prikladne za \u0161iroku ciljnu skupinu i dobro se uskla\u0111uju s tipovima podloga za skakanje od 1 do 4. <\/p>\n<p>Zbog kra\u0107e duljine, za ovu proljetnu hla\u010du trebat \u0107e vam manje podstave.<\/p>\n<p>Pogodno za trampolin sustave razli\u010ditih proizvo\u0111a\u010da.<\/p>\n<p>Jedna transportna jedinica sadr\u017ei 100 opruga.<br \/>\n Za optimizaciju tro\u0161kova dostave, unesite koli\u010dinu koja je <strong>djeljiva sa 100<\/strong> .<\/p>\n<p><strong>Proces naru\u010divanja<\/strong><br \/>\n Prvo odaberite cjenovnu kategoriju na temelju ukupnog broja potrebnih opruga za trampolin ove vrste.<br \/>\n Zatim unesite to\u010dan broj opruga koje su vam potrebne.<br \/>\n Uneseni broj opruga mora biti unutar raspona odabrane cjenovne kategorije.<\/p>\n","protected":false},"featured_media":14868,"comment_status":"open","ping_status":"closed","template":"","meta":{"_acf_changed":false},"product_brand":[],"product_cat":[288,187],"product_tag":[],"class_list":{"0":"post-14867","1":"product","2":"type-product","3":"status-publish","4":"has-post-thumbnail","6":"product_cat-opruge-za-trampolin","7":"product_cat-trampolin-park-i-trampolinski-sadrzaji","9":"first","10":"instock","11":"taxable","12":"shipping-taxable","13":"purchasable","14":"product-type-variable"},"acf":[],"_links":{"self":[{"href":"https:\/\/freizeit-technik.de\/hr\/wp-json\/wp\/v2\/product\/14867","targetHints":{"allow":["GET"]}}],"collection":[{"href":"https:\/\/freizeit-technik.de\/hr\/wp-json\/wp\/v2\/product"}],"about":[{"href":"https:\/\/freizeit-technik.de\/hr\/wp-json\/wp\/v2\/types\/product"}],"replies":[{"embeddable":true,"href":"https:\/\/freizeit-technik.de\/hr\/wp-json\/wp\/v2\/comments?post=14867"}],"wp:featuredmedia":[{"embeddable":true,"href":"https:\/\/freizeit-technik.de\/hr\/wp-json\/wp\/v2\/media\/14868"}],"wp:attachment":[{"href":"https:\/\/freizeit-technik.de\/hr\/wp-json\/wp\/v2\/media?parent=14867"}],"wp:term":[{"taxonomy":"product_brand","embeddable":true,"href":"https:\/\/freizeit-technik.de\/hr\/wp-json\/wp\/v2\/product_brand?post=14867"},{"taxonomy":"product_cat","embeddable":true,"href":"https:\/\/freizeit-technik.de\/hr\/wp-json\/wp\/v2\/product_cat?post=14867"},{"taxonomy":"product_tag","embeddable":true,"href":"https:\/\/freizeit-technik.de\/hr\/wp-json\/wp\/v2\/product_tag?post=14867"}],"curies":[{"name":"wp","href":"https:\/\/api.w.org\/{rel}","templated":true}]}}