{"id":14913,"date":"2026-03-15T10:56:55","date_gmt":"2026-03-15T09:56:55","guid":{"rendered":"https:\/\/freizeit-technik.de\/shop\/opruga-trampolina-performance-br-2b-260-mm-oe-29-mm\/"},"modified":"2026-04-30T09:24:39","modified_gmt":"2026-04-30T07:24:39","slug":"opruga-trampolina-performance-br-2b-260-mm-oe-29-mm","status":"publish","type":"product","link":"https:\/\/freizeit-technik.de\/hr\/shop\/opruga-trampolina-performance-br-2b-260-mm-oe-29-mm\/","title":{"rendered":"Opruga trampolina &#8220;Performance&#8221; br. 2b, 260 mm \u00d8 29 mm"},"content":{"rendered":"<p><strong>Duljina: 260 mm<br \/>\n Promjer: 29 mm<br \/>\n Kategorija: Performanse<br \/>\n Izvedba bacanja: +++++<br \/>\n Razina tvrdo\u0107e: +++++<\/strong><br \/>\n <strong>Optimalna prosje\u010dna te\u017eina korisnika: 60 &#8211; 90 kg<br \/>\n ili atletski skaka\u010di<br \/>\n<\/strong> (Maksimalna nosivost ve\u0107a)<\/p>\n","protected":false},"excerpt":{"rendered":"<p>Opruge trampolina &#8220;Performance&#8221; br. 2b identi\u010dne su konstrukciji oprugama br. 2a, ali imaju znatno ve\u0107u prednapetost. U kombinaciji s prostirkama za skakanje tipa 2, 3 ili 4 posti\u017eu visoke vrijednosti ubrzanja.<br \/>\n Oprez: Ovisno o broju opruga, takva kombinacija brzo pretvara trampolin u visokou\u010dinkoviti trampolin prema DIN EN 23659 s pro\u0161irenim obvezama korisnika.  <\/p>\n<p>Posebnost: Na\u0161e opruge br. 2b tako\u0111er se koriste u manjem broju i kombiniraju se s PP podlogom za skakanje tipa 1 u na\u0161im Multitramp sustavima na bungee modulima.<\/p>\n<p>Pogodno za trampolin sustave razli\u010ditih proizvo\u0111a\u010da.<\/p>\n<p>Jedna transportna jedinica sadr\u017ei 100 opruga.<br \/>\n Za optimizaciju tro\u0161kova dostave, unesite koli\u010dinu koja je <strong>djeljiva sa 100<\/strong> .<\/p>\n<p><strong>Proces naru\u010divanja<\/strong><br \/>\n Prvo odaberite cjenovnu kategoriju na temelju ukupnog broja potrebnih opruga za trampolin ove vrste.<br \/>\n Zatim unesite to\u010dan broj opruga koje su vam potrebne.<br \/>\n Uneseni broj opruga mora biti unutar raspona odabrane cjenovne kategorije.<\/p>\n","protected":false},"featured_media":14747,"comment_status":"open","ping_status":"closed","template":"","meta":{"_acf_changed":false},"product_brand":[],"product_cat":[288,187],"product_tag":[],"class_list":{"0":"post-14913","1":"product","2":"type-product","3":"status-publish","4":"has-post-thumbnail","6":"product_cat-opruge-za-trampolin","7":"product_cat-trampolin-park-i-trampolinski-sadrzaji","9":"first","10":"instock","11":"taxable","12":"shipping-taxable","13":"purchasable","14":"product-type-variable"},"acf":[],"_links":{"self":[{"href":"https:\/\/freizeit-technik.de\/hr\/wp-json\/wp\/v2\/product\/14913","targetHints":{"allow":["GET"]}}],"collection":[{"href":"https:\/\/freizeit-technik.de\/hr\/wp-json\/wp\/v2\/product"}],"about":[{"href":"https:\/\/freizeit-technik.de\/hr\/wp-json\/wp\/v2\/types\/product"}],"replies":[{"embeddable":true,"href":"https:\/\/freizeit-technik.de\/hr\/wp-json\/wp\/v2\/comments?post=14913"}],"wp:featuredmedia":[{"embeddable":true,"href":"https:\/\/freizeit-technik.de\/hr\/wp-json\/wp\/v2\/media\/14747"}],"wp:attachment":[{"href":"https:\/\/freizeit-technik.de\/hr\/wp-json\/wp\/v2\/media?parent=14913"}],"wp:term":[{"taxonomy":"product_brand","embeddable":true,"href":"https:\/\/freizeit-technik.de\/hr\/wp-json\/wp\/v2\/product_brand?post=14913"},{"taxonomy":"product_cat","embeddable":true,"href":"https:\/\/freizeit-technik.de\/hr\/wp-json\/wp\/v2\/product_cat?post=14913"},{"taxonomy":"product_tag","embeddable":true,"href":"https:\/\/freizeit-technik.de\/hr\/wp-json\/wp\/v2\/product_tag?post=14913"}],"curies":[{"name":"wp","href":"https:\/\/api.w.org\/{rel}","templated":true}]}}