{"id":15847,"date":"2026-03-15T07:36:11","date_gmt":"2026-03-15T06:36:11","guid":{"rendered":"https:\/\/freizeit-technik.de\/shop\/opruga-za-trampolin-br-6-140-mm-oe-36-mm\/"},"modified":"2026-05-05T11:27:11","modified_gmt":"2026-05-05T09:27:11","slug":"opruga-za-trampolin-br-6-140-mm-oe-36-mm","status":"publish","type":"product","link":"https:\/\/freizeit-technik.de\/hr\/shop\/opruga-za-trampolin-br-6-140-mm-oe-36-mm\/","title":{"rendered":"Opruga za trampolin br. 6, 140 mm \u00d8 36 mm"},"content":{"rendered":"<p><strong>Duljina: 140 mm<br \/>\n Promjer: 36 mm<br \/>\n Kategorija: Svestrano<br \/>\n Performanse bacanja: +++<br \/>\n Razina tvrdo\u0107e: +++<\/strong><br \/>\n <strong>Optimalna prosje\u010dna te\u017eina korisnika: 30 &#8211; 90 kg<br \/>\n<\/strong> (Maksimalna nosivost ve\u0107a)<\/p>\n","protected":false},"excerpt":{"rendered":"<p>Na\u0161e trampolin opruge broj 6 optimalno su dizajnirane za upotrebu u trampolin parkovima.<br \/>\n Kratke i velikog promjera, omogu\u0107uju kori\u0161tenje uskih podloga za trampolin. Njihov veliki promjer i srednja \u010dvrsto\u0107a \u010dine ih idealnim za kori\u0161tenje u kombinaciji s tkaninama za skakanje tipova 1 i 2. <\/p>\n<p>Jedna transportna jedinica sadr\u017ei 100 opruga.<br \/>\n Za optimizaciju tro\u0161kova dostave, unesite koli\u010dinu koja je <strong>djeljiva sa 100<\/strong> .<\/p>\n<p><strong>Proces naru\u010divanja<\/strong><br \/>\n Prvo odaberite cjenovnu kategoriju na temelju ukupnog broja potrebnih opruga za trampolin ove vrste.<br \/>\n Zatim unesite to\u010dan broj opruga koje su vam potrebne.<br \/>\n Uneseni broj opruga mora biti unutar raspona odabrane cjenovne kategorije.<\/p>\n","protected":false},"featured_media":15850,"comment_status":"open","ping_status":"closed","template":"","meta":{"_acf_changed":false},"product_brand":[],"product_cat":[288],"product_tag":[],"class_list":{"0":"post-15847","1":"product","2":"type-product","3":"status-publish","4":"has-post-thumbnail","6":"product_cat-opruge-za-trampolin","8":"first","9":"instock","10":"taxable","11":"shipping-taxable","12":"purchasable","13":"product-type-variable"},"acf":[],"_links":{"self":[{"href":"https:\/\/freizeit-technik.de\/hr\/wp-json\/wp\/v2\/product\/15847","targetHints":{"allow":["GET"]}}],"collection":[{"href":"https:\/\/freizeit-technik.de\/hr\/wp-json\/wp\/v2\/product"}],"about":[{"href":"https:\/\/freizeit-technik.de\/hr\/wp-json\/wp\/v2\/types\/product"}],"replies":[{"embeddable":true,"href":"https:\/\/freizeit-technik.de\/hr\/wp-json\/wp\/v2\/comments?post=15847"}],"wp:featuredmedia":[{"embeddable":true,"href":"https:\/\/freizeit-technik.de\/hr\/wp-json\/wp\/v2\/media\/15850"}],"wp:attachment":[{"href":"https:\/\/freizeit-technik.de\/hr\/wp-json\/wp\/v2\/media?parent=15847"}],"wp:term":[{"taxonomy":"product_brand","embeddable":true,"href":"https:\/\/freizeit-technik.de\/hr\/wp-json\/wp\/v2\/product_brand?post=15847"},{"taxonomy":"product_cat","embeddable":true,"href":"https:\/\/freizeit-technik.de\/hr\/wp-json\/wp\/v2\/product_cat?post=15847"},{"taxonomy":"product_tag","embeddable":true,"href":"https:\/\/freizeit-technik.de\/hr\/wp-json\/wp\/v2\/product_tag?post=15847"}],"curies":[{"name":"wp","href":"https:\/\/api.w.org\/{rel}","templated":true}]}}