{"id":15954,"date":"2026-03-15T08:58:59","date_gmt":"2026-03-15T07:58:59","guid":{"rendered":"https:\/\/freizeit-technik.de\/shop\/opruga-trampolina-allround-br-4-215-mm-oe-31-mm\/"},"modified":"2026-05-05T11:27:26","modified_gmt":"2026-05-05T09:27:26","slug":"opruga-trampolina-allround-br-4-215-mm-oe-31-mm","status":"publish","type":"product","link":"https:\/\/freizeit-technik.de\/hr\/shop\/opruga-trampolina-allround-br-4-215-mm-oe-31-mm\/","title":{"rendered":"Opruga trampolina &#8220;Allround&#8221; br. 4, 215 mm \u00d8 31 mm"},"content":{"rendered":"<p><strong>Duljina: 215 mm<br \/>\n Promjer: 31 mm<br \/>\n Kategorija: Svestrano<br \/>\n Performanse bacanja: ++<br \/>\n Razina tvrdo\u0107e: ++++<\/strong><br \/>\n <strong>Optimalna prosje\u010dna te\u017eina korisnika: 30 &#8211; 90 kg<br \/>\n<\/strong> (Maksimalna nosivost ve\u0107a)<\/p>\n","protected":false},"excerpt":{"rendered":"<p>Na\u0161e opruge za trampolin broj 4 obi\u010dno su dizajnirane da budu malo tvr\u0111e.<br \/>\n Pogodno za trampolin sustave razli\u010ditih proizvo\u0111a\u010da.<br \/>\n Predstavljaju dobru, obi\u010dno robusniju alternativu originalnim oprugama koje se koriste na mnogim vrtnim trampolinima od 12&#8243; i 14&#8243; (npr. Proline, Jumpfree, Jumpking).<\/p>\n<p> Jedna transportna jedinica sadr\u017ei 100 opruga.<br \/>\n Za optimizaciju tro\u0161kova dostave, unesite koli\u010dinu koja je <strong>djeljiva sa 100<\/strong> .<\/p>\n<p> <strong>Proces naru\u010divanja<\/strong><br \/>\n Prvo odaberite cjenovnu kategoriju na temelju ukupnog broja potrebnih opruga za trampolin ove vrste.<br \/>\n Zatim unesite to\u010dan broj opruga koje su vam potrebne.<br \/>\n Uneseni broj opruga mora biti unutar raspona odabrane cjenovne kategorije.<\/p>\n","protected":false},"featured_media":15986,"comment_status":"open","ping_status":"closed","template":"","meta":{"_acf_changed":false},"product_brand":[],"product_cat":[226,215,288,187],"product_tag":[],"class_list":{"0":"post-15954","1":"product","2":"type-product","3":"status-publish","4":"has-post-thumbnail","6":"product_cat-bocni-trampolini","7":"product_cat-bungee-trampolin-objekti","8":"product_cat-opruge-za-trampolin","9":"product_cat-trampolin-park-i-trampolinski-sadrzaji","11":"first","12":"instock","13":"taxable","14":"shipping-taxable","15":"purchasable","16":"product-type-variable"},"acf":[],"_links":{"self":[{"href":"https:\/\/freizeit-technik.de\/hr\/wp-json\/wp\/v2\/product\/15954","targetHints":{"allow":["GET"]}}],"collection":[{"href":"https:\/\/freizeit-technik.de\/hr\/wp-json\/wp\/v2\/product"}],"about":[{"href":"https:\/\/freizeit-technik.de\/hr\/wp-json\/wp\/v2\/types\/product"}],"replies":[{"embeddable":true,"href":"https:\/\/freizeit-technik.de\/hr\/wp-json\/wp\/v2\/comments?post=15954"}],"wp:featuredmedia":[{"embeddable":true,"href":"https:\/\/freizeit-technik.de\/hr\/wp-json\/wp\/v2\/media\/15986"}],"wp:attachment":[{"href":"https:\/\/freizeit-technik.de\/hr\/wp-json\/wp\/v2\/media?parent=15954"}],"wp:term":[{"taxonomy":"product_brand","embeddable":true,"href":"https:\/\/freizeit-technik.de\/hr\/wp-json\/wp\/v2\/product_brand?post=15954"},{"taxonomy":"product_cat","embeddable":true,"href":"https:\/\/freizeit-technik.de\/hr\/wp-json\/wp\/v2\/product_cat?post=15954"},{"taxonomy":"product_tag","embeddable":true,"href":"https:\/\/freizeit-technik.de\/hr\/wp-json\/wp\/v2\/product_tag?post=15954"}],"curies":[{"name":"wp","href":"https:\/\/api.w.org\/{rel}","templated":true}]}}