{"id":16019,"date":"2026-03-14T10:02:05","date_gmt":"2026-03-14T09:02:05","guid":{"rendered":"https:\/\/freizeit-technik.de\/shop\/nova-ponuda-za-vlasnike-trampolinskih-parkova-uzorak-podloge-za-skakanje-po-pocetnoj-cijeni\/"},"modified":"2026-05-05T11:27:38","modified_gmt":"2026-05-05T09:27:38","slug":"nova-ponuda-za-vlasnike-trampolinskih-parkova-uzorak-podloge-za-skakanje-po-pocetnoj-cijeni","status":"publish","type":"product","link":"https:\/\/freizeit-technik.de\/hr\/shop\/nova-ponuda-za-vlasnike-trampolinskih-parkova-uzorak-podloge-za-skakanje-po-pocetnoj-cijeni\/","title":{"rendered":"Nova ponuda za vlasnike trampolinskih parkova: Uzorak podloge za skakanje po po\u010detnoj cijeni!"},"content":{"rendered":"<p><b>Uklju\u010dena podloga za skakanje izra\u0111ena od PP ili PVC-a:<br \/>\n za\u0161titna prega\u010da<br \/>\n okvir od obojene mre\u017ee<br \/>\n dodatna redundantna sigurnosna mre\u017ea<\/b><\/p>\n<p><img loading=\"lazy\" decoding=\"async\" class=\"size-full wp-image-682 alignleft\" src=\"https:\/\/freizeit-technik.de\/wp-content\/uploads\/2017\/03\/Q_deutschland-1.gif\" alt=\"\" width=\"64\" height=\"64\"><\/p>\n","protected":false},"excerpt":{"rendered":"<p>Uvjerite se sami u na\u0161u kvalitetu s uzorkom prostirke za skakanje izra\u0111enom po mjeri.<br \/>\nKompletan paket uklju\u010duje za\u0161titnu prega\u010du, okvir od tkanine u boji i rezervnu za\u0161titnu mre\u017eu iz na\u0161e tvornice prostirki za trampolin.<\/p>\n<p><strong>Uvjeti sudjelovanja:<\/strong><\/p>\n<ol>\n<li>Upravljaju trampolin parkom s najmanje 40 mjesta za skakanje.<\/li>\n<li>Niste postoje\u0107i kupac, niti je u va\u0161em objektu trenutno instalirana prostirka za trampolin iz na\u0161e proizvodnje. Stoga jo\u0161 niste upoznati s na\u0161im proizvodima. <\/li>\n<\/ol>\n<p><strong>Proces:<\/strong><\/p>\n<ol>\n<li>U na\u0161oj online trgovini mo\u017eete saznati vi\u0161e o razli\u010ditim zna\u010dajkama na\u0161ih vrsta prostirki za trampolin te odabrati kvalitetu i boju.<\/li>\n<li>U ovom promotivnom \u010dlanku, molimo odaberite boju za okvir od remena.<\/li>\n<li>Odaberite koli\u010dinu &#8220;1&#8221;, dodajte je u ko\u0161aricu zajedno s ostalim artiklima koje \u017eelite kupiti i po\u0161aljite narud\u017ebu. Ova ponuda je ograni\u010dena na jednu prostirku za trampolin. <\/li>\n<li>Kontaktirat \u0107emo vas s pitanjima kako bismo razjasnili dimenzije. Po\u0161aljite nam dvije slike va\u0161e postavke trampolina: pregled koji prikazuje sve prostirke za skakanje i krupni plan jednog od podru\u010dja za skakanje. <\/li>\n<li>Dobit \u0107ete svoju prostirku za trampolin izra\u0111enu po mjeri.<\/li>\n<\/ol>\n<p>Bez obveze dobit \u0107ete maksimalno jednu podlogu za skakanje do veli\u010dine od 5 m\u00b2 (npr. 220 x 220 cm) u tkanini tipa 1 ili tipa 2 po jednokratnoj posebnoj cijeni od samo<\/p>\n<h4><span style=\"color: #333333;\">175 eura neto plus PDV i po\u0161tarina <\/span><\/h4>\n<p>&nbsp;<\/p>\n<p><strong>Prilikom odabira boje, imajte na umu da prema DIN EN ISO 23659 uvijek mora postojati jasno prepoznatljiva razlika u boji izme\u0111u podloge za trampolin i podloge za skakanje na trampolinu. <\/strong><\/p>\n","protected":false},"featured_media":16022,"comment_status":"open","ping_status":"closed","template":"","meta":{"_acf_changed":false},"product_brand":[],"product_cat":[188],"product_tag":[],"class_list":{"0":"post-16019","1":"product","2":"type-product","3":"status-publish","4":"has-post-thumbnail","6":"product_cat-podloge-za-skakanje-na-trampolinima","8":"first","9":"instock","10":"taxable","11":"shipping-taxable","12":"purchasable","13":"product-type-variable"},"acf":[],"_links":{"self":[{"href":"https:\/\/freizeit-technik.de\/hr\/wp-json\/wp\/v2\/product\/16019","targetHints":{"allow":["GET"]}}],"collection":[{"href":"https:\/\/freizeit-technik.de\/hr\/wp-json\/wp\/v2\/product"}],"about":[{"href":"https:\/\/freizeit-technik.de\/hr\/wp-json\/wp\/v2\/types\/product"}],"replies":[{"embeddable":true,"href":"https:\/\/freizeit-technik.de\/hr\/wp-json\/wp\/v2\/comments?post=16019"}],"wp:featuredmedia":[{"embeddable":true,"href":"https:\/\/freizeit-technik.de\/hr\/wp-json\/wp\/v2\/media\/16022"}],"wp:attachment":[{"href":"https:\/\/freizeit-technik.de\/hr\/wp-json\/wp\/v2\/media?parent=16019"}],"wp:term":[{"taxonomy":"product_brand","embeddable":true,"href":"https:\/\/freizeit-technik.de\/hr\/wp-json\/wp\/v2\/product_brand?post=16019"},{"taxonomy":"product_cat","embeddable":true,"href":"https:\/\/freizeit-technik.de\/hr\/wp-json\/wp\/v2\/product_cat?post=16019"},{"taxonomy":"product_tag","embeddable":true,"href":"https:\/\/freizeit-technik.de\/hr\/wp-json\/wp\/v2\/product_tag?post=16019"}],"curies":[{"name":"wp","href":"https:\/\/api.w.org\/{rel}","templated":true}]}}