{"id":16249,"date":"2026-03-13T21:36:51","date_gmt":"2026-03-13T20:36:51","guid":{"rendered":"https:\/\/freizeit-technik.de\/shop\/opruga-trampolina-igriste-br-5-1-175-mm-oe-31-mm\/"},"modified":"2026-05-05T11:27:46","modified_gmt":"2026-05-05T09:27:46","slug":"opruga-trampolina-igriste-br-5-1-175-mm-oe-31-mm","status":"publish","type":"product","link":"https:\/\/freizeit-technik.de\/hr\/shop\/opruga-trampolina-igriste-br-5-1-175-mm-oe-31-mm\/","title":{"rendered":"Opruga trampolina &#8220;Igri\u0161te&#8221; br. 5.1, 175 mm \u00d8 31 mm"},"content":{"rendered":"<p><strong>Duljina: 175 mm<br \/>\n Promjer: 31 mm<br \/>\n Kategorija: Igrali\u0161te<br \/>\n Performanse bacanja: ++<br \/>\n Razina tvrdo\u0107e: +<\/strong><br \/>\n <strong>Optimalna prosje\u010dna te\u017eina korisnika: 20 &#8211; 60 kg<br \/>\n<\/strong> (Maksimalna nosivost ve\u0107a)<\/p>\n","protected":false},"excerpt":{"rendered":"<p>Ove opruge trampolina optimizirane su za ciljanu te\u017einu korisnika od 20 kg do 60 kg. Pru\u017eaju prili\u010dno mekan odskok.<br \/>\n Optimizirano za kori\u0161tenje na trampolinima koje prete\u017eno koriste djeca, npr. na unutarnjim igrali\u0161tima i penjalicama.<br \/>\n Mo\u017ee se lako kombinirati s trampolin prostirkama tipova 1 i 2. <\/p>\n<p>Pogodno za trampolin sustave razli\u010ditih proizvo\u0111a\u010da.<\/p>\n<p><span style=\"color: #ff0000;\">Za optimiziranu dostavu, unesite koli\u010dinu <strong>djeljivu sa 120<\/strong> .<\/span><\/p>\n<p><strong>Proces naru\u010divanja<\/strong><br \/>\n Prvo odaberite cjenovnu kategoriju na temelju ukupnog broja potrebnih opruga za trampolin ove vrste.<br \/>\n Zatim unesite to\u010dan broj opruga koje su vam potrebne.<br \/>\n Uneseni broj opruga mora biti unutar raspona odabrane cjenovne kategorije.<\/p>\n","protected":false},"featured_media":16289,"comment_status":"open","ping_status":"closed","template":"","meta":{"_acf_changed":false},"product_brand":[],"product_cat":[288,187],"product_tag":[],"class_list":{"0":"post-16249","1":"product","2":"type-product","3":"status-publish","4":"has-post-thumbnail","6":"product_cat-opruge-za-trampolin","7":"product_cat-trampolin-park-i-trampolinski-sadrzaji","9":"first","10":"instock","11":"taxable","12":"shipping-taxable","13":"purchasable","14":"product-type-variable"},"acf":[],"_links":{"self":[{"href":"https:\/\/freizeit-technik.de\/hr\/wp-json\/wp\/v2\/product\/16249","targetHints":{"allow":["GET"]}}],"collection":[{"href":"https:\/\/freizeit-technik.de\/hr\/wp-json\/wp\/v2\/product"}],"about":[{"href":"https:\/\/freizeit-technik.de\/hr\/wp-json\/wp\/v2\/types\/product"}],"replies":[{"embeddable":true,"href":"https:\/\/freizeit-technik.de\/hr\/wp-json\/wp\/v2\/comments?post=16249"}],"wp:featuredmedia":[{"embeddable":true,"href":"https:\/\/freizeit-technik.de\/hr\/wp-json\/wp\/v2\/media\/16289"}],"wp:attachment":[{"href":"https:\/\/freizeit-technik.de\/hr\/wp-json\/wp\/v2\/media?parent=16249"}],"wp:term":[{"taxonomy":"product_brand","embeddable":true,"href":"https:\/\/freizeit-technik.de\/hr\/wp-json\/wp\/v2\/product_brand?post=16249"},{"taxonomy":"product_cat","embeddable":true,"href":"https:\/\/freizeit-technik.de\/hr\/wp-json\/wp\/v2\/product_cat?post=16249"},{"taxonomy":"product_tag","embeddable":true,"href":"https:\/\/freizeit-technik.de\/hr\/wp-json\/wp\/v2\/product_tag?post=16249"}],"curies":[{"name":"wp","href":"https:\/\/api.w.org\/{rel}","templated":true}]}}