{"id":16366,"date":"2025-12-26T18:40:43","date_gmt":"2025-12-26T17:40:43","guid":{"rendered":"https:\/\/freizeit-technik.de\/shop\/kopce-za-sipke-za-celicne-okvire-jump-sports-system\/"},"modified":"2026-05-05T19:34:46","modified_gmt":"2026-05-05T17:34:46","slug":"kopce-za-sipke-za-celicne-okvire-jump-sports-system","status":"publish","type":"product","link":"https:\/\/freizeit-technik.de\/hr\/shop\/kopce-za-sipke-za-celicne-okvire-jump-sports-system\/","title":{"rendered":"Kop\u010de za \u0161ipke za \u010deli\u010dne okvire Jump Sports System"},"content":{"rendered":"<p><b>Prikladno za opru\u017ene nosa\u010de trampolinskog park sustava Jump-Sports.<\/b><\/p>\n","protected":false},"excerpt":{"rendered":"<p>Stezaljke za \u0161ipke djeluju kao odstojnici kako bi opruge bile na udaljenosti od ostalih metalnih konstrukcijskih komponenti. U rijetkim slu\u010dajevima koriste se i kao klizni le\u017eajevi koji se utiskuju. <\/p>\n","protected":false},"featured_media":14501,"comment_status":"open","ping_status":"closed","template":"","meta":{"_acf_changed":false},"product_brand":[],"product_cat":[288,216,187],"product_tag":[],"class_list":{"0":"post-16366","1":"product","2":"type-product","3":"status-publish","4":"has-post-thumbnail","6":"product_cat-opruge-za-trampolin","7":"product_cat-razno","8":"product_cat-trampolin-park-i-trampolinski-sadrzaji","10":"first","11":"instock","12":"taxable","13":"shipping-taxable","14":"purchasable","15":"product-type-simple"},"acf":[],"_links":{"self":[{"href":"https:\/\/freizeit-technik.de\/hr\/wp-json\/wp\/v2\/product\/16366","targetHints":{"allow":["GET"]}}],"collection":[{"href":"https:\/\/freizeit-technik.de\/hr\/wp-json\/wp\/v2\/product"}],"about":[{"href":"https:\/\/freizeit-technik.de\/hr\/wp-json\/wp\/v2\/types\/product"}],"replies":[{"embeddable":true,"href":"https:\/\/freizeit-technik.de\/hr\/wp-json\/wp\/v2\/comments?post=16366"}],"wp:featuredmedia":[{"embeddable":true,"href":"https:\/\/freizeit-technik.de\/hr\/wp-json\/wp\/v2\/media\/14501"}],"wp:attachment":[{"href":"https:\/\/freizeit-technik.de\/hr\/wp-json\/wp\/v2\/media?parent=16366"}],"wp:term":[{"taxonomy":"product_brand","embeddable":true,"href":"https:\/\/freizeit-technik.de\/hr\/wp-json\/wp\/v2\/product_brand?post=16366"},{"taxonomy":"product_cat","embeddable":true,"href":"https:\/\/freizeit-technik.de\/hr\/wp-json\/wp\/v2\/product_cat?post=16366"},{"taxonomy":"product_tag","embeddable":true,"href":"https:\/\/freizeit-technik.de\/hr\/wp-json\/wp\/v2\/product_tag?post=16366"}],"curies":[{"name":"wp","href":"https:\/\/api.w.org\/{rel}","templated":true}]}}