{"id":16403,"date":"2026-02-27T13:18:33","date_gmt":"2026-02-27T12:18:33","guid":{"rendered":"https:\/\/freizeit-technik.de\/shop\/opruga-za-trampolin-br-5c-175-mm-oe-33-mm-s-kopcama\/"},"modified":"2026-05-05T19:34:59","modified_gmt":"2026-05-05T17:34:59","slug":"opruga-za-trampolin-br-5c-175-mm-oe-33-mm-s-kopcama","status":"publish","type":"product","link":"https:\/\/freizeit-technik.de\/hr\/shop\/opruga-za-trampolin-br-5c-175-mm-oe-33-mm-s-kopcama\/","title":{"rendered":"Opruga za trampolin br. 5c, 175 mm \u00d8 33 mm s kop\u010dama"},"content":{"rendered":"<p><strong>Duljina: 175 mm<br \/>\n Promjer: 33 mm<br \/>\n Kategorija: Svestrano<br \/>\n Performanse bacanja: +++<br \/>\n Razina tvrdo\u0107e: +++<\/strong><br \/>\n <strong>Optimalna prosje\u010dna te\u017eina korisnika: 30 &#8211; 90 kg<br \/>\n<\/strong> (Maksimalna nosivost ve\u0107a)<\/p>\n<p>&nbsp;<\/p>\n","protected":false},"excerpt":{"rendered":"<p>Na\u0161e trampolin opruge br. 5c optimalno su dizajnirane za upotrebu u trampolin parkovima.<br \/>\n Kratke i velikog promjera, omogu\u0107uju kori\u0161tenje uskih podloga za trampolin. Njihov veliki promjer i srednja \u010dvrsto\u0107a \u010dine ih idealnim za kori\u0161tenje u kombinaciji s tkaninama za skakanje tipova 1 i 2. <\/p>\n<p>Jedna transportna jedinica sadr\u017ei 100 opruga.<br \/>\n Za optimizaciju tro\u0161kova dostave, unesite koli\u010dinu koja je <strong>djeljiva sa 100<\/strong> .<\/p>\n<p><strong>Proces naru\u010divanja<\/strong><br \/>\n Prvo odaberite cjenovnu kategoriju na temelju ukupnog broja potrebnih opruga za trampolin ove vrste.<br \/>\n Zatim unesite to\u010dan broj opruga koje su vam potrebne.<br \/>\n Uneseni broj opruga mora biti unutar raspona odabrane cjenovne kategorije.<\/p>\n","protected":false},"featured_media":16405,"comment_status":"open","ping_status":"closed","template":"","meta":{"_acf_changed":false},"product_brand":[],"product_cat":[288,187],"product_tag":[],"class_list":{"0":"post-16403","1":"product","2":"type-product","3":"status-publish","4":"has-post-thumbnail","6":"product_cat-opruge-za-trampolin","7":"product_cat-trampolin-park-i-trampolinski-sadrzaji","9":"first","10":"instock","11":"taxable","12":"shipping-taxable","13":"purchasable","14":"product-type-variable"},"acf":[],"_links":{"self":[{"href":"https:\/\/freizeit-technik.de\/hr\/wp-json\/wp\/v2\/product\/16403","targetHints":{"allow":["GET"]}}],"collection":[{"href":"https:\/\/freizeit-technik.de\/hr\/wp-json\/wp\/v2\/product"}],"about":[{"href":"https:\/\/freizeit-technik.de\/hr\/wp-json\/wp\/v2\/types\/product"}],"replies":[{"embeddable":true,"href":"https:\/\/freizeit-technik.de\/hr\/wp-json\/wp\/v2\/comments?post=16403"}],"wp:featuredmedia":[{"embeddable":true,"href":"https:\/\/freizeit-technik.de\/hr\/wp-json\/wp\/v2\/media\/16405"}],"wp:attachment":[{"href":"https:\/\/freizeit-technik.de\/hr\/wp-json\/wp\/v2\/media?parent=16403"}],"wp:term":[{"taxonomy":"product_brand","embeddable":true,"href":"https:\/\/freizeit-technik.de\/hr\/wp-json\/wp\/v2\/product_brand?post=16403"},{"taxonomy":"product_cat","embeddable":true,"href":"https:\/\/freizeit-technik.de\/hr\/wp-json\/wp\/v2\/product_cat?post=16403"},{"taxonomy":"product_tag","embeddable":true,"href":"https:\/\/freizeit-technik.de\/hr\/wp-json\/wp\/v2\/product_tag?post=16403"}],"curies":[{"name":"wp","href":"https:\/\/api.w.org\/{rel}","templated":true}]}}