{"id":16454,"date":"2026-02-09T19:07:54","date_gmt":"2026-02-09T18:07:54","guid":{"rendered":"https:\/\/freizeit-technik.de\/shop\/posebna-ponuda-podloga-za-okvir-okruglog-proline-trampolina-8-vanjskog-promjera-245-cm-zelene-boje-sifra-pr8-2\/"},"modified":"2026-05-05T19:35:33","modified_gmt":"2026-05-05T17:35:33","slug":"posebna-ponuda-podloga-za-okvir-okruglog-proline-trampolina-8-vanjskog-promjera-245-cm-zelene-boje-sifra-pr8-2","status":"publish","type":"product","link":"https:\/\/freizeit-technik.de\/hr\/shop\/posebna-ponuda-podloga-za-okvir-okruglog-proline-trampolina-8-vanjskog-promjera-245-cm-zelene-boje-sifra-pr8-2\/","title":{"rendered":"Posebna ponuda: Podloga za okvir okruglog Proline trampolina 8&#8243;, vanjskog promjera 245 cm, zelene boje. \u0160ifra: PR8-2"},"content":{"rendered":"<p>Jastuk okvira bio je izlo\u017een u na\u0161em izlo\u017ebenom salonu i ima manja o\u0161te\u0107enja. Pogledajte slike.<br \/>\n Zbog pjene zatvorenih \u0107elija, nema o\u0161te\u0107enja funkcije. <\/p>\n","protected":false},"excerpt":{"rendered":"<p>manja \u0161teta, izlo\u017eak<\/p>\n","protected":false},"featured_media":16435,"comment_status":"open","ping_status":"closed","template":"","meta":{"_acf_changed":false},"product_brand":[],"product_cat":[226,215],"product_tag":[],"class_list":{"0":"post-16454","1":"product","2":"type-product","3":"status-publish","4":"has-post-thumbnail","6":"product_cat-bocni-trampolini","7":"product_cat-bungee-trampolin-objekti","9":"first","10":"instock","11":"taxable","12":"shipping-taxable","13":"purchasable","14":"product-type-simple"},"acf":[],"_links":{"self":[{"href":"https:\/\/freizeit-technik.de\/hr\/wp-json\/wp\/v2\/product\/16454","targetHints":{"allow":["GET"]}}],"collection":[{"href":"https:\/\/freizeit-technik.de\/hr\/wp-json\/wp\/v2\/product"}],"about":[{"href":"https:\/\/freizeit-technik.de\/hr\/wp-json\/wp\/v2\/types\/product"}],"replies":[{"embeddable":true,"href":"https:\/\/freizeit-technik.de\/hr\/wp-json\/wp\/v2\/comments?post=16454"}],"wp:featuredmedia":[{"embeddable":true,"href":"https:\/\/freizeit-technik.de\/hr\/wp-json\/wp\/v2\/media\/16435"}],"wp:attachment":[{"href":"https:\/\/freizeit-technik.de\/hr\/wp-json\/wp\/v2\/media?parent=16454"}],"wp:term":[{"taxonomy":"product_brand","embeddable":true,"href":"https:\/\/freizeit-technik.de\/hr\/wp-json\/wp\/v2\/product_brand?post=16454"},{"taxonomy":"product_cat","embeddable":true,"href":"https:\/\/freizeit-technik.de\/hr\/wp-json\/wp\/v2\/product_cat?post=16454"},{"taxonomy":"product_tag","embeddable":true,"href":"https:\/\/freizeit-technik.de\/hr\/wp-json\/wp\/v2\/product_tag?post=16454"}],"curies":[{"name":"wp","href":"https:\/\/api.w.org\/{rel}","templated":true}]}}