{"id":16471,"date":"2026-02-08T19:14:50","date_gmt":"2026-02-08T18:14:50","guid":{"rendered":"https:\/\/freizeit-technik.de\/shop\/posebna-ponuda-podloga-za-okvir-okruglog-proline-trampolina-8-vanjskog-promjera-245-cm-zelene-boje-sifra-pr8-1\/"},"modified":"2026-05-05T19:35:41","modified_gmt":"2026-05-05T17:35:41","slug":"posebna-ponuda-podloga-za-okvir-okruglog-proline-trampolina-8-vanjskog-promjera-245-cm-zelene-boje-sifra-pr8-1","status":"publish","type":"product","link":"https:\/\/freizeit-technik.de\/hr\/shop\/posebna-ponuda-podloga-za-okvir-okruglog-proline-trampolina-8-vanjskog-promjera-245-cm-zelene-boje-sifra-pr8-1\/","title":{"rendered":"Posebna ponuda: Podloga za okvir okruglog Proline trampolina 8&#8243;, vanjskog promjera 245 cm, zelene boje. \u0160ifra: PR8-1"},"content":{"rendered":"<p>Podloga okvira je nova i nekori\u0161tena. Me\u0111utim, tijekom proizvodnje, podloga je presavijena prije nego \u0161to se naljepnica s upozorenjem osu\u0161ila, \u0161to je rezultiralo malom tiskarskom gre\u0161kom na jednom mjestu.<br \/>\n Vidi sliku. <\/p>\n","protected":false},"excerpt":{"rendered":"<p>Nekori\u0161teno, znak upozorenja na tiskarsku gre\u0161ku.<\/p>\n","protected":false},"featured_media":16472,"comment_status":"open","ping_status":"closed","template":"","meta":{"_acf_changed":false},"product_brand":[],"product_cat":[226,215],"product_tag":[],"class_list":{"0":"post-16471","1":"product","2":"type-product","3":"status-publish","4":"has-post-thumbnail","6":"product_cat-bocni-trampolini","7":"product_cat-bungee-trampolin-objekti","9":"first","10":"instock","11":"taxable","12":"shipping-taxable","13":"purchasable","14":"product-type-simple"},"acf":[],"_links":{"self":[{"href":"https:\/\/freizeit-technik.de\/hr\/wp-json\/wp\/v2\/product\/16471","targetHints":{"allow":["GET"]}}],"collection":[{"href":"https:\/\/freizeit-technik.de\/hr\/wp-json\/wp\/v2\/product"}],"about":[{"href":"https:\/\/freizeit-technik.de\/hr\/wp-json\/wp\/v2\/types\/product"}],"replies":[{"embeddable":true,"href":"https:\/\/freizeit-technik.de\/hr\/wp-json\/wp\/v2\/comments?post=16471"}],"wp:featuredmedia":[{"embeddable":true,"href":"https:\/\/freizeit-technik.de\/hr\/wp-json\/wp\/v2\/media\/16472"}],"wp:attachment":[{"href":"https:\/\/freizeit-technik.de\/hr\/wp-json\/wp\/v2\/media?parent=16471"}],"wp:term":[{"taxonomy":"product_brand","embeddable":true,"href":"https:\/\/freizeit-technik.de\/hr\/wp-json\/wp\/v2\/product_brand?post=16471"},{"taxonomy":"product_cat","embeddable":true,"href":"https:\/\/freizeit-technik.de\/hr\/wp-json\/wp\/v2\/product_cat?post=16471"},{"taxonomy":"product_tag","embeddable":true,"href":"https:\/\/freizeit-technik.de\/hr\/wp-json\/wp\/v2\/product_tag?post=16471"}],"curies":[{"name":"wp","href":"https:\/\/api.w.org\/{rel}","templated":true}]}}